{"id":2159,"date":"2021-07-29T15:07:25","date_gmt":"2021-07-29T13:07:25","guid":{"rendered":"http:\/\/www.isidorolab.com\/public\/?page_id=2159"},"modified":"2021-07-30T12:36:47","modified_gmt":"2021-07-30T10:36:47","slug":"amr-ir","status":"publish","type":"page","link":"http:\/\/www.isidorolab.com\/public\/index.php\/amr-ir\/","title":{"rendered":"ARM-IR"},"content":{"rendered":"\t\t<div data-elementor-type=\"wp-page\" data-elementor-id=\"2159\" class=\"elementor elementor-2159\">\n\t\t\t\t\t\t<section class=\"elementor-section elementor-top-section elementor-element elementor-element-a15b341 elementor-section-content-middle elementor-section-stretched elementor-section-boxed elementor-section-height-default elementor-section-height-default\" data-id=\"a15b341\" data-element_type=\"section\" data-settings=\"{&quot;stretch_section&quot;:&quot;section-stretched&quot;}\">\n\t\t\t\t\t\t<div class=\"elementor-container elementor-column-gap-wider\">\n\t\t\t\t\t<div class=\"elementor-column elementor-col-100 elementor-top-column elementor-element elementor-element-7e8e305\" data-id=\"7e8e305\" data-element_type=\"column\">\n\t\t\t<div class=\"elementor-widget-wrap elementor-element-populated\">\n\t\t\t\t\t\t<div class=\"elementor-element elementor-element-aa9cba1 elementor-widget elementor-widget-writing-effect-headline\" data-id=\"aa9cba1\" data-element_type=\"widget\" data-widget_type=\"writing-effect-headline.default\">\n\t\t\t\t<div class=\"elementor-widget-container\">\n\t\t\t\t\t        <h3 class=\"futurio-extra-written-headline\" data-speed=\"40\" data-delay=\"1000\" data-loop=\"1\">\r\n        \r\n                    <span class=\"written-lines\">Associazione per la ricerca medica \"Ippocrate-Rhazi\" (ARM-IR)<\/span>\r\n        \r\n                <\/h3>\r\n        \t\t\t\t<\/div>\n\t\t\t\t<\/div>\n\t\t\t\t<div class=\"elementor-element elementor-element-d579689 elementor-widget elementor-widget-text-editor\" data-id=\"d579689\" data-element_type=\"widget\" data-widget_type=\"text-editor.default\">\n\t\t\t\t\t\t\t\t\t<p>L&#8217;associazione \u00e8 stata intitolata a due illustri Padri della Medicina greca (Ippocrate) e arabo-persiana (Rhazi o Rhazes) per sottolineare l&#8217;universalit\u00e0 del pensiero e la comunanza di intenti nella ricerca medica (vedi la nota storica).<\/p><p>Sede presso il Dipartimento di Scienze della Salute (gi\u00e0 Dipartimento di Scienze\u00a0 Mediche) dell&#8217;<strong>Universit\u00e0 degli Studi del Piemonte Orientale<\/strong> &#8220;<strong>Amedeo Avogadro<\/strong>&#8221; con sede a Novara in Via Solaroli 17.<\/p><p>L&#8217;Associazione per la Ricerca Medica &#8220;Ippocrate &#8211; Rhazi &#8220;\u00e8 stata costituita con atto notarile a Torino il giorno 8 Aprile 2002 presso il notaio Dott. Prof. Francesco Goria (repertorio n. 59.837) e registrato al 3\u00b0 Ufficio delle Entrate il 15 Aprile 2002 (n. 3659, serie E).<\/p><p>L&#8217;associazione (con sigla ARM-IR) \u00e8 nata per volont\u00e0 dello zio Liberato (Di Lauro), deceduto per un cancro al fegato nel 2002, e della moglie zia Nunzia (Iatrino), e con la partecipazione di tutti i fratelli, le sorelle e i nipoti dello zio (famiglia Di Lauro).<\/p><p>\u00a0<\/p><p>Ippocrate di Coo (o di Kos), 460 a.C &#8211; 377 a.C. circa, \u00e8 considerato il &#8220;Padre&#8221; della Medicina moderna. Egli ha per primo sottolineato l&#8217;importanza dell&#8217;anamnesi, dei sintomi e segni fisici (semeiotica) di malattia. Ippocrate \u00e8 considerato il primo MEDICO AMBIENTALE, avendo per primo additato tra le cause di malattia gli errori alimentari (incluse le carenze o gli eccessi, e le intossicazioni e gli avvelenamenti), il contatto con sostanze vegetali velenose o irritanti, e il soggiorno in ambienti insalubri per l&#8217;aria e l&#8217;acqua contaminate da germi o sostanze chimiche tossiche, sfatando le credenze sulle cause &#8216;divine&#8217; della malattia. Ippocrate riteneva importanti anche i fattori sociali e psicologici nel determinare lo stato di malattia o, comunque, di malessere. Egli ha inoltre introdotto la &#8216;cartella clinica&#8217; e i concetti di &#8216;diagnosi&#8217; e &#8216;prognosi&#8217;. L&#8217;arte di Ippocrate si diffuse rapidamente nelle colonie greche (Ippocrate stesso viaggi\u00f2 fino a raggiungere l&#8217;Egitto e la Libia) e, successivamente, a tutto il mondo occidentale. Ippocrate aveva una visione molto &#8216;sociale&#8217; della professione medica. Egli insegnava a non speculare sulle malattie dei pazienti e, piuttosto, a curare gratuitamente quelli bisognosi.<\/p><p><span style=\"color: #ff0000;\">Per saperne di pi\u00f9:<\/span>\u00a0<a href=\"http:\/\/lucania1.altervista.org\/artistilucani\/torremolfese\/medicina\/page6.htm\" target=\"_blank\" rel=\"noopener\">http:\/\/lucania1.altervista.org\/artistilucani\/torremolfese\/medicina\/page6.htm\u00a0<\/a><\/p><p>Il &#8220;<strong>giuramento<\/strong>&#8221; di Ippocrate, ancor oggi in vigore, codifica il comportamento etico a cui si deve istruire e ispirare chi esercita la professione medica.<\/p><p>Il principale &#8216;commentatore&#8217; di Ippocrate fu Galeno di Pergamo (Turchia, 129 d.C. &#8211; 216 d.C circa; sepolto a Misilmeri, Palermo), il quale pratic\u00f2 l&#8217;arte medica a Roma dal 162 d.C. (fu medico di Marco Aurelio, Lucio Vero, Commodo e di Settimio Severo). Le opere di Galeno furono tradotte anche in arabo, e contribuirono fortemente alla formazione di Al-Rhazi e poi di Avicenna e Averro\u00e8. L&#8217;influsso e l&#8217;influenza del pensiero (e delle teorie) di Galeno sulla Medicina si sono protratti fino al XVI secolo.<\/p><p>Abu Bakr Mohammad Ibn Zakariya al-Razi (in latino Rhazes), Ravy (pressi di Teheran, Persia\/Iran) 864-930 circa, alchimista e filosofo musulmano, \u00e8 considerato il pi\u00f9 grande Medico dell&#8217;Islam. Rhazi era amato per la sua indole mite e compassionevole e per la dedizione con cui curava i pazienti pi\u00f9 deboli e poveri. Fu lui a concepire l&#8217;Ospedale come luogo di ricovero e di cura e di insegnamento dell&#8217;arte medica. A Rhazi si attribuisce la prima descrizione del vaiolo e del morbillo e delle reazioni allergiche.<br \/>Rhazi era un ottimo divulgatore della medicina e scrisse per il popolo (soprattutto per i poveri e i viaggiatori) libri contenenti i consigli e i rimedi per le malattie e i disturbi pi\u00f9 comuni. Rhazi era anche un convinto assertore della necessit\u00e0 per i medici di mantenersi aggiornati e di non considerare come dogmi le conoscenze antiche, fossero anche quelle di Ippocrate o di Galeno. Tra i suoi discepoli-seguaci, Avicenna (Ibn Sina) e Averro\u00e8 (Ibn Rushd).<\/p><p><span style=\"color: #ff0000;\">Per saperne di pi\u00f9:<\/span> <a href=\"http:\/\/lucania1.altervista.org\/artistilucani\/torremolfese\/medicina\/page8.htm\" target=\"_blank\" rel=\"noopener\">http:\/\/lucania1.altervista.org\/artistilucani\/torremolfese\/medicina\/page8.htm<\/a>)<\/p><p>Avicenna, nome arabo completo Ab\u016b \u02bfAl\u012b al-\u1e24usayn ibn \u02bfAbd All\u0101h ibn S\u012bn\u0101 &#8216;(nato vicino Bukhara, attuale Uzbekistan, nel 980 &#8211; morto a Hamadan, Iran, nel 1037), \u00e8 considerato il pi\u00f9 illustre e completo filosofo, scienziato e medico della Storia. Il &#8220;Canone di Medicina&#8221; di Avicenna, grazie soprattutto all&#8217;attivit\u00e0 pubblicistica della Scuola Medica Salernitana, divenne il &#8216;testo&#8217; ufficiale delle Universit\u00e0 Mediche in tutto l&#8217;Occidente a partire dal 1200. Averro\u00ebs, ovvero \u02beAb\u016b al-Wal\u012bd Mu\u1e25ammad ibn \u02beA\u1e25mad ibn Ru\u0161d (1126, C\u00f3rdoba in Spagna, &#8211; 1198, Marrakech in Marocco), seppur medico, fu soprattutto filosofo e teologo (insegn\u00f2 anche all&#8217;Universit\u00e0 di Padova).<\/p><p>\u00a0<\/p><p>\u00a0<\/p>\t\t\t\t\t\t\t\t<\/div>\n\t\t\t\t<div class=\"elementor-element elementor-element-c22a359 elementor-invisible elementor-widget elementor-widget-elementskit-client-logo\" data-id=\"c22a359\" data-element_type=\"widget\" data-settings=\"{&quot;_animation&quot;:&quot;zoomIn&quot;}\" data-widget_type=\"elementskit-client-logo.default\">\n\t\t\t\t\t<div class=\"ekit-wid-con\" >\t\t<div class=\"elementskit-clients-slider  simple_logo_image\" data-config=\"{&quot;rtl&quot;:false,&quot;arrows&quot;:false,&quot;dots&quot;:false,&quot;autoplay&quot;:false,&quot;speed&quot;:1000,&quot;slidesPerView&quot;:2,&quot;slidesPerGroup&quot;:1,&quot;pauseOnHover&quot;:false,&quot;loop&quot;:false,&quot;breakpoints&quot;:{&quot;320&quot;:{&quot;slidesPerView&quot;:1,&quot;slidesPerGroup&quot;:1,&quot;spaceBetween&quot;:10},&quot;768&quot;:{&quot;slidesPerView&quot;:2,&quot;slidesPerGroup&quot;:1,&quot;spaceBetween&quot;:10},&quot;1024&quot;:{&quot;slidesPerView&quot;:2,&quot;slidesPerGroup&quot;:1,&quot;spaceBetween&quot;:34}}}\" data-direction=\"\">\n\t\t\t<div class=\"ekit-main-swiper swiper\">\n\t\t\t\t<div class=\"swiper-wrapper\">\n\t\t\t\t\t\t\t\t\t\t\t<div class=\"elementskit-client-slider-item swiper-slide log-separator\">\n\t\t\t\t\t\t\t<div class=\"swiper-slide-inner\">\n\t\t\t\t\t\t\t\t<div class=\"single-client image-switcher\" title=\"Old logo (2002)\">\n\t\t\t\t\t\t\t\t\t\t\t\t\t\t\t\t\t\t\t<div class=\"content-image\">\n\t\t\t\t\t\t\t\t\t\t\t<img fetchpriority=\"high\" decoding=\"async\" width=\"371\" height=\"377\" src=\"https:\/\/www.isidorolab.com\/public\/wp-content\/uploads\/2019\/12\/Logo-ARM-IR--e1577548422499.jpg\" class=\"\" alt=\"\" srcset=\"https:\/\/www.isidorolab.com\/public\/wp-content\/uploads\/2019\/12\/Logo-ARM-IR--e1577548422499.jpg 371w, https:\/\/www.isidorolab.com\/public\/wp-content\/uploads\/2019\/12\/Logo-ARM-IR--e1577548422499-295x300.jpg 295w\" sizes=\"(max-width: 371px) 100vw, 371px\" \/>\t\t\t\t\t\t\t\t\t\t<\/div>\n\t\t\t\t\t\t\t\t\t\t\t\t\t\t\t\t\t<\/div>\n\t\t\t\t\t\t\t<\/div>\n\t\t\t\t\t\t<\/div>\n\t\t\t\t\t\t\t\t\t\t\t<div class=\"elementskit-client-slider-item swiper-slide log-separator\">\n\t\t\t\t\t\t\t<div class=\"swiper-slide-inner\">\n\t\t\t\t\t\t\t\t<div class=\"single-client image-switcher\" title=\"New logo (2021)\">\n\t\t\t\t\t\t\t\t\t\t\t\t\t\t\t\t\t\t\t<div class=\"content-image\">\n\t\t\t\t\t\t\t\t\t\t\t<img decoding=\"async\" width=\"500\" height=\"500\" src=\"https:\/\/www.isidorolab.com\/public\/wp-content\/uploads\/2021\/07\/ARM-IR.png\" class=\"\" alt=\"Associazione ARM-IR\" srcset=\"https:\/\/www.isidorolab.com\/public\/wp-content\/uploads\/2021\/07\/ARM-IR.png 500w, https:\/\/www.isidorolab.com\/public\/wp-content\/uploads\/2021\/07\/ARM-IR-300x300.png 300w, https:\/\/www.isidorolab.com\/public\/wp-content\/uploads\/2021\/07\/ARM-IR-150x150.png 150w\" sizes=\"(max-width: 500px) 100vw, 500px\" \/>\t\t\t\t\t\t\t\t\t\t<\/div>\n\t\t\t\t\t\t\t\t\t\t\t\t\t\t\t\t\t<\/div>\n\t\t\t\t\t\t\t<\/div>\n\t\t\t\t\t\t<\/div>\n\t\t\t\t\t\t\t\t\t<\/div>\n\n\t\t\t\t\n\t\t\t\t\t\t\t<\/div><!-- .elementskit-clients-slider END -->\n\t\t<\/div>\n\t\t<\/div>\t\t\t\t<\/div>\n\t\t\t\t<div class=\"elementor-element elementor-element-8a2f2dc elementor-widget elementor-widget-text-editor\" data-id=\"8a2f2dc\" data-element_type=\"widget\" data-widget_type=\"text-editor.default\">\n\t\t\t\t\t\t\t\t\t<p style=\"text-align: center;\"><strong><span style=\"color: #003366;\">Precedente logo<\/span> (2002)<\/strong>\u00a0 <strong>\u2192<\/strong> <strong><span style=\"color: #003366;\">Nuovo logo<\/span> (2021)<\/strong><\/p>\t\t\t\t\t\t\t\t<\/div>\n\t\t\t\t<div class=\"elementor-element elementor-element-1260126 elementor-widget elementor-widget-text-editor\" data-id=\"1260126\" data-element_type=\"widget\" data-widget_type=\"text-editor.default\">\n\t\t\t\t\t\t\t\t\t<p><span style=\"color: #808080;\"><strong>Finalit\u00e0 dell&#8217;Associazione <\/strong><\/span>(dallo Statuto):<\/p><p>Promuovere ricerche e studi volti a chiarire le cause e i meccanismi che determinano le malattie nell&#8217;Uomo, con particolare riguardo alla patologia tumorale sovvenzionare la formazione e l&#8217;attivit\u00e0 di ricerca di giovani scienziati, favorendone anche la partecipazione a corsi, seminari e congressi nazionali e internazionali; a questo scopo l&#8217;Associazione potr\u00e0 istituire premi o borse di studio svolgere efficace opera di sensibilizzazione e di informazione riguardo la prevenzione e la cura delle malattie a tal fine organizzando seminari e dibattiti e sovvenzionando la redazione e la pubblicizzazione di opere di divulgazione scientifica.<\/p><p>\u00a0<\/p><hr \/><p><strong>Soci Fondatori<\/strong>:<\/p><p>Prof. Ciro Isidoro, dott.ssa Angela Mesiti, dott.ssa Marina D\u00e9moz, dott.ssa Roberta Castino, dott.ssa Alessandra Salini, Sig.ra Maria Di Lauro Isidoro.<\/p><p>\u00a0<\/p><hr \/><p><strong>Comitato scientifico:<\/strong><\/p><p>Prof. Ciro Isidoro, dott.ssa Angela Mesiti, dott.ssa Marina D\u00e9moz, dott.ssa Roberta Castino, dott.ssa Alessandra Salini<\/p><p><strong>Presidente Onorario:<\/strong><br \/>Sig.ra IATRINO NUNZIA (Siracusa, I)<\/p><p><strong>Presidente dell&#8217;Associazione:<\/strong><br \/>Prof. Ciro Isidoro (Torino, I)<\/p><p><strong>Segretario Generale dell&#8217;Associazione:<\/strong><br \/>Dott.ssa Marina D\u00e9moz (fino al 2009); Dott.ssa Roberta Castino (in carica dal 2010)<\/p><p>\u00a0<\/p><p>\u00a0<\/p>\t\t\t\t\t\t\t\t<\/div>\n\t\t\t\t<section class=\"elementor-section elementor-inner-section elementor-element elementor-element-c25a2e5 elementor-section-boxed elementor-section-height-default elementor-section-height-default\" data-id=\"c25a2e5\" data-element_type=\"section\">\n\t\t\t\t\t\t<div class=\"elementor-container elementor-column-gap-default\">\n\t\t\t\t\t<div class=\"elementor-column elementor-col-50 elementor-inner-column elementor-element elementor-element-a8bbb51\" data-id=\"a8bbb51\" data-element_type=\"column\">\n\t\t\t<div class=\"elementor-widget-wrap elementor-element-populated\">\n\t\t\t\t\t\t<div class=\"elementor-element elementor-element-4e54459 elementor-align-center elementor-widget elementor-widget-elementskit-button\" data-id=\"4e54459\" data-element_type=\"widget\" data-widget_type=\"elementskit-button.default\">\n\t\t\t\t\t<div class=\"ekit-wid-con\" >\t\t<div class=\"ekit-btn-wraper\">\n\t\t\t\t\t\t\t<a href=\"http:\/\/www.isidorolab.com\/public\/index.php\/arm-ir-statuto\/\" class=\"elementskit-btn  whitespace--normal\" id=\"\">\n\t\t\t\t\tLo statuto\t\t\t\t<\/a>\n\t\t\t\t\t<\/div>\n        <\/div>\t\t\t\t<\/div>\n\t\t\t\t\t<\/div>\n\t\t<\/div>\n\t\t\t\t<div class=\"elementor-column elementor-col-50 elementor-inner-column elementor-element elementor-element-ad037bd\" data-id=\"ad037bd\" data-element_type=\"column\">\n\t\t\t<div class=\"elementor-widget-wrap elementor-element-populated\">\n\t\t\t\t\t\t<div class=\"elementor-element elementor-element-be2bc88 elementor-align-center elementor-widget elementor-widget-elementskit-button\" data-id=\"be2bc88\" data-element_type=\"widget\" data-widget_type=\"elementskit-button.default\">\n\t\t\t\t\t<div class=\"ekit-wid-con\" >\t\t<div class=\"ekit-btn-wraper\">\n\t\t\t\t\t\t\t<a href=\"http:\/\/www.isidorolab.com\/public\/index.php\/arm-ir-premi-erogati\/\" class=\"elementskit-btn  whitespace--normal\" id=\"\">\n\t\t\t\t\tPremi erogati\t\t\t\t<\/a>\n\t\t\t\t\t<\/div>\n        <\/div>\t\t\t\t<\/div>\n\t\t\t\t\t<\/div>\n\t\t<\/div>\n\t\t\t\t\t<\/div>\n\t\t<\/section>\n\t\t\t\t<div class=\"elementor-element elementor-element-7ac0acb elementor-widget elementor-widget-spacer\" data-id=\"7ac0acb\" data-element_type=\"widget\" data-widget_type=\"spacer.default\">\n\t\t\t\t\t\t\t<div class=\"elementor-spacer\">\n\t\t\t<div class=\"elementor-spacer-inner\"><\/div>\n\t\t<\/div>\n\t\t\t\t\t\t<\/div>\n\t\t\t\t<div class=\"elementor-element elementor-element-6eb4d90 elementor-align-center elementor-widget elementor-widget-button\" data-id=\"6eb4d90\" data-element_type=\"widget\" data-settings=\"{&quot;_animation&quot;:&quot;none&quot;}\" data-widget_type=\"button.default\">\n\t\t\t\t\t\t\t\t\t\t<a class=\"elementor-button elementor-button-link elementor-size-md elementor-animation-bounce-in\" href=\"http:\/\/www.isidorolab.com\/public\/index.php\/arm-ir-dona-anche-tu\/\">\n\t\t\t\t\t\t<span class=\"elementor-button-content-wrapper\">\n\t\t\t\t\t\t\t\t\t<span class=\"elementor-button-text\">Dona anche tu <\/span>\n\t\t\t\t\t<\/span>\n\t\t\t\t\t<\/a>\n\t\t\t\t\t\t\t\t<\/div>\n\t\t\t\t\t<\/div>\n\t\t<\/div>\n\t\t\t\t\t<\/div>\n\t\t<\/section>\n\t\t\t\t<\/div>\n\t\t<div style='text-align:center' class='yasr-auto-insert-visitor'><!--Yasr Visitor Votes Shortcode--><div id='yasr_visitor_votes_d5bc95696dd34' class='yasr-visitor-votes'><div class=\"yasr-custom-text-vv-before yasr-custom-text-vv-before-2159\">Clicca per votare questo articolo!<\/div><div id='yasr-vv-second-row-container-d5bc95696dd34'\r\n                                        class='yasr-vv-second-row-container'><div id='yasr-visitor-votes-rater-d5bc95696dd34'\r\n                                      class='yasr-rater-stars-vv'\r\n                                      data-rater-postid='2159'\r\n                                      data-rating='0'\r\n                                      data-rater-starsize='32'\r\n                                      data-rater-readonly='false'\r\n                                      data-rater-nonce='32125ddf8e'\r\n                                      data-issingular='false'\r\n                                    ><\/div><div class=\"yasr-vv-stats-text-container\" id=\"yasr-vv-stats-text-container-d5bc95696dd34\"><svg xmlns=\"https:\/\/www.w3.org\/2000\/svg\" width=\"20\" height=\"20\"\r\n                                   class=\"yasr-dashicons-visitor-stats\"\r\n                                   data-postid=\"2159\"\r\n                                   id=\"yasr-stats-dashicon-d5bc95696dd34\">\r\n                                   <path d=\"M18 18v-16h-4v16h4zM12 18v-11h-4v11h4zM6 18v-8h-4v8h4z\"><\/path>\r\n                               <\/svg><span id=\"yasr-vv-text-container-d5bc95696dd34\" class=\"yasr-vv-text-container\">[Total: <span id=\"yasr-vv-votes-number-container-d5bc95696dd34\">0<\/span>  Average: <span id=\"yasr-vv-average-container-d5bc95696dd34\">0<\/span>]<\/span><\/div><div id='yasr-vv-loader-d5bc95696dd34' class='yasr-vv-container-loader'><\/div><\/div><div id='yasr-vv-bottom-container-d5bc95696dd34' class='yasr-vv-bottom-container'><\/div><\/div><!--End Yasr Visitor Votes Shortcode--><\/div>","protected":false},"excerpt":{"rendered":"<p>Associazione per la ricerca medica &#8220;Ippocrate-Rhazi&#8221; (ARM-IR) L&#8217;associazione \u00e8 stata intitolata a due illustri Padri della Medicina greca (Ippocrate) e arabo-persiana (Rhazi o Rhazes) per sottolineare l&#8217;universalit\u00e0 del pensiero e la comunanza di intenti nella ricerca medica (vedi la nota storica). Sede presso il Dipartimento di Scienze della Salute (gi\u00e0 Dipartimento di Scienze\u00a0 Mediche) dell&#8217;Universit\u00e0&hellip;<\/p>\n","protected":false},"author":1,"featured_media":0,"parent":0,"menu_order":0,"comment_status":"closed","ping_status":"closed","template":"","meta":{"yasr_overall_rating":0,"yasr_post_is_review":"","yasr_auto_insert_disabled":"","yasr_review_type":"","footnotes":""},"class_list":["post-2159","page","type-page","status-publish","hentry"],"yoast_head":"<!-- This site is optimized with the Yoast SEO plugin v26.8 - https:\/\/yoast.com\/product\/yoast-seo-wordpress\/ -->\r\n<title>ARM-IR - IsidoroLab<\/title>\r\n<meta name=\"robots\" content=\"index, follow, max-snippet:-1, max-image-preview:large, max-video-preview:-1\" \/>\r\n<link rel=\"canonical\" href=\"http:\/\/www.isidorolab.com\/public\/index.php\/amr-ir\/\" \/>\r\n<meta property=\"og:locale\" content=\"it_IT\" \/>\r\n<meta property=\"og:type\" content=\"article\" \/>\r\n<meta property=\"og:title\" content=\"ARM-IR - IsidoroLab\" \/>\r\n<meta property=\"og:description\" content=\"Associazione per la ricerca medica &#8220;Ippocrate-Rhazi&#8221; (ARM-IR) L&#8217;associazione \u00e8 stata intitolata a due illustri Padri della Medicina greca (Ippocrate) e arabo-persiana (Rhazi o Rhazes) per sottolineare l&#8217;universalit\u00e0 del pensiero e la comunanza di intenti nella ricerca medica (vedi la nota storica). Sede presso il Dipartimento di Scienze della Salute (gi\u00e0 Dipartimento di Scienze\u00a0 Mediche) dell&#8217;Universit\u00e0&hellip;\" \/>\r\n<meta property=\"og:url\" content=\"http:\/\/www.isidorolab.com\/public\/index.php\/amr-ir\/\" \/>\r\n<meta property=\"og:site_name\" content=\"IsidoroLab\" \/>\r\n<meta property=\"article:modified_time\" content=\"2021-07-30T10:36:47+00:00\" \/>\r\n<meta property=\"og:image\" content=\"http:\/\/www.isidorolab.com\/public\/wp-content\/uploads\/2019\/12\/Logo-ARM-IR--e1577548422499.jpg\" \/>\r\n<meta name=\"twitter:card\" content=\"summary_large_image\" \/>\r\n<meta name=\"twitter:label1\" content=\"Tempo di lettura stimato\" \/>\n\t<meta name=\"twitter:data1\" content=\"5 minuti\" \/>\r\n<script type=\"application\/ld+json\" class=\"yoast-schema-graph\">{\"@context\":\"https:\/\/schema.org\",\"@graph\":[{\"@type\":\"WebPage\",\"@id\":\"http:\/\/www.isidorolab.com\/public\/index.php\/amr-ir\/\",\"url\":\"http:\/\/www.isidorolab.com\/public\/index.php\/amr-ir\/\",\"name\":\"ARM-IR - IsidoroLab\",\"isPartOf\":{\"@id\":\"http:\/\/www.isidorolab.com\/public\/#website\"},\"primaryImageOfPage\":{\"@id\":\"http:\/\/www.isidorolab.com\/public\/index.php\/amr-ir\/#primaryimage\"},\"image\":{\"@id\":\"http:\/\/www.isidorolab.com\/public\/index.php\/amr-ir\/#primaryimage\"},\"thumbnailUrl\":\"http:\/\/www.isidorolab.com\/public\/wp-content\/uploads\/2019\/12\/Logo-ARM-IR--e1577548422499.jpg\",\"datePublished\":\"2021-07-29T13:07:25+00:00\",\"dateModified\":\"2021-07-30T10:36:47+00:00\",\"breadcrumb\":{\"@id\":\"http:\/\/www.isidorolab.com\/public\/index.php\/amr-ir\/#breadcrumb\"},\"inLanguage\":\"it-IT\",\"potentialAction\":[{\"@type\":\"ReadAction\",\"target\":[\"http:\/\/www.isidorolab.com\/public\/index.php\/amr-ir\/\"]}]},{\"@type\":\"ImageObject\",\"inLanguage\":\"it-IT\",\"@id\":\"http:\/\/www.isidorolab.com\/public\/index.php\/amr-ir\/#primaryimage\",\"url\":\"http:\/\/www.isidorolab.com\/public\/wp-content\/uploads\/2019\/12\/Logo-ARM-IR--e1577548422499.jpg\",\"contentUrl\":\"http:\/\/www.isidorolab.com\/public\/wp-content\/uploads\/2019\/12\/Logo-ARM-IR--e1577548422499.jpg\",\"width\":371,\"height\":377},{\"@type\":\"BreadcrumbList\",\"@id\":\"http:\/\/www.isidorolab.com\/public\/index.php\/amr-ir\/#breadcrumb\",\"itemListElement\":[{\"@type\":\"ListItem\",\"position\":1,\"name\":\"Home\",\"item\":\"http:\/\/www.isidorolab.com\/public\/\"},{\"@type\":\"ListItem\",\"position\":2,\"name\":\"ARM-IR\"}]},{\"@type\":\"WebSite\",\"@id\":\"http:\/\/www.isidorolab.com\/public\/#website\",\"url\":\"http:\/\/www.isidorolab.com\/public\/\",\"name\":\"IsidoroLab\",\"description\":\"\",\"potentialAction\":[{\"@type\":\"SearchAction\",\"target\":{\"@type\":\"EntryPoint\",\"urlTemplate\":\"http:\/\/www.isidorolab.com\/public\/?s={search_term_string}\"},\"query-input\":{\"@type\":\"PropertyValueSpecification\",\"valueRequired\":true,\"valueName\":\"search_term_string\"}}],\"inLanguage\":\"it-IT\"},false]}<\/script>\r\n<!-- \/ Yoast SEO plugin. -->","yoast_head_json":{"title":"ARM-IR - IsidoroLab","robots":{"index":"index","follow":"follow","max-snippet":"max-snippet:-1","max-image-preview":"max-image-preview:large","max-video-preview":"max-video-preview:-1"},"canonical":"http:\/\/www.isidorolab.com\/public\/index.php\/amr-ir\/","og_locale":"it_IT","og_type":"article","og_title":"ARM-IR - IsidoroLab","og_description":"Associazione per la ricerca medica &#8220;Ippocrate-Rhazi&#8221; (ARM-IR) L&#8217;associazione \u00e8 stata intitolata a due illustri Padri della Medicina greca (Ippocrate) e arabo-persiana (Rhazi o Rhazes) per sottolineare l&#8217;universalit\u00e0 del pensiero e la comunanza di intenti nella ricerca medica (vedi la nota storica). Sede presso il Dipartimento di Scienze della Salute (gi\u00e0 Dipartimento di Scienze\u00a0 Mediche) dell&#8217;Universit\u00e0&hellip;","og_url":"http:\/\/www.isidorolab.com\/public\/index.php\/amr-ir\/","og_site_name":"IsidoroLab","article_modified_time":"2021-07-30T10:36:47+00:00","og_image":[{"url":"http:\/\/www.isidorolab.com\/public\/wp-content\/uploads\/2019\/12\/Logo-ARM-IR--e1577548422499.jpg","type":"","width":"","height":""}],"twitter_card":"summary_large_image","twitter_misc":{"Tempo di lettura stimato":"5 minuti"},"schema":{"@context":"https:\/\/schema.org","@graph":[{"@type":"WebPage","@id":"http:\/\/www.isidorolab.com\/public\/index.php\/amr-ir\/","url":"http:\/\/www.isidorolab.com\/public\/index.php\/amr-ir\/","name":"ARM-IR - IsidoroLab","isPartOf":{"@id":"http:\/\/www.isidorolab.com\/public\/#website"},"primaryImageOfPage":{"@id":"http:\/\/www.isidorolab.com\/public\/index.php\/amr-ir\/#primaryimage"},"image":{"@id":"http:\/\/www.isidorolab.com\/public\/index.php\/amr-ir\/#primaryimage"},"thumbnailUrl":"http:\/\/www.isidorolab.com\/public\/wp-content\/uploads\/2019\/12\/Logo-ARM-IR--e1577548422499.jpg","datePublished":"2021-07-29T13:07:25+00:00","dateModified":"2021-07-30T10:36:47+00:00","breadcrumb":{"@id":"http:\/\/www.isidorolab.com\/public\/index.php\/amr-ir\/#breadcrumb"},"inLanguage":"it-IT","potentialAction":[{"@type":"ReadAction","target":["http:\/\/www.isidorolab.com\/public\/index.php\/amr-ir\/"]}]},{"@type":"ImageObject","inLanguage":"it-IT","@id":"http:\/\/www.isidorolab.com\/public\/index.php\/amr-ir\/#primaryimage","url":"http:\/\/www.isidorolab.com\/public\/wp-content\/uploads\/2019\/12\/Logo-ARM-IR--e1577548422499.jpg","contentUrl":"http:\/\/www.isidorolab.com\/public\/wp-content\/uploads\/2019\/12\/Logo-ARM-IR--e1577548422499.jpg","width":371,"height":377},{"@type":"BreadcrumbList","@id":"http:\/\/www.isidorolab.com\/public\/index.php\/amr-ir\/#breadcrumb","itemListElement":[{"@type":"ListItem","position":1,"name":"Home","item":"http:\/\/www.isidorolab.com\/public\/"},{"@type":"ListItem","position":2,"name":"ARM-IR"}]},{"@type":"WebSite","@id":"http:\/\/www.isidorolab.com\/public\/#website","url":"http:\/\/www.isidorolab.com\/public\/","name":"IsidoroLab","description":"","potentialAction":[{"@type":"SearchAction","target":{"@type":"EntryPoint","urlTemplate":"http:\/\/www.isidorolab.com\/public\/?s={search_term_string}"},"query-input":{"@type":"PropertyValueSpecification","valueRequired":true,"valueName":"search_term_string"}}],"inLanguage":"it-IT"},false]}},"yasr_visitor_votes":{"stars_attributes":{"read_only":false,"span_bottom":false},"number_of_votes":0,"sum_votes":0},"_links":{"self":[{"href":"http:\/\/www.isidorolab.com\/public\/index.php\/wp-json\/wp\/v2\/pages\/2159","targetHints":{"allow":["GET"]}}],"collection":[{"href":"http:\/\/www.isidorolab.com\/public\/index.php\/wp-json\/wp\/v2\/pages"}],"about":[{"href":"http:\/\/www.isidorolab.com\/public\/index.php\/wp-json\/wp\/v2\/types\/page"}],"author":[{"embeddable":true,"href":"http:\/\/www.isidorolab.com\/public\/index.php\/wp-json\/wp\/v2\/users\/1"}],"replies":[{"embeddable":true,"href":"http:\/\/www.isidorolab.com\/public\/index.php\/wp-json\/wp\/v2\/comments?post=2159"}],"version-history":[{"count":36,"href":"http:\/\/www.isidorolab.com\/public\/index.php\/wp-json\/wp\/v2\/pages\/2159\/revisions"}],"predecessor-version":[{"id":3851,"href":"http:\/\/www.isidorolab.com\/public\/index.php\/wp-json\/wp\/v2\/pages\/2159\/revisions\/3851"}],"wp:attachment":[{"href":"http:\/\/www.isidorolab.com\/public\/index.php\/wp-json\/wp\/v2\/media?parent=2159"}],"curies":[{"name":"wp","href":"https:\/\/api.w.org\/{rel}","templated":true}]}}