{"id":2280,"date":"2021-07-30T16:14:04","date_gmt":"2021-07-30T14:14:04","guid":{"rendered":"http:\/\/www.isidorolab.com\/public\/?page_id=2280"},"modified":"2021-07-30T16:51:30","modified_gmt":"2021-07-30T14:51:30","slug":"photo-gallery","status":"publish","type":"page","link":"http:\/\/www.isidorolab.com\/public\/index.php\/photo-gallery\/","title":{"rendered":"Photo gallery"},"content":{"rendered":"\t\t<div data-elementor-type=\"wp-page\" data-elementor-id=\"2280\" class=\"elementor elementor-2280\">\n\t\t\t\t\t\t<section class=\"elementor-section elementor-top-section elementor-element elementor-element-636278a elementor-section-stretched elementor-section-boxed elementor-section-height-default elementor-section-height-default\" data-id=\"636278a\" data-element_type=\"section\" data-settings=\"{&quot;stretch_section&quot;:&quot;section-stretched&quot;}\">\n\t\t\t\t\t\t<div class=\"elementor-container elementor-column-gap-narrow\">\n\t\t\t\t\t<div class=\"elementor-column elementor-col-100 elementor-top-column elementor-element elementor-element-a42e9a8\" data-id=\"a42e9a8\" data-element_type=\"column\">\n\t\t\t<div class=\"elementor-widget-wrap elementor-element-populated\">\n\t\t\t\t\t\t<div class=\"elementor-element elementor-element-09921f3 elementor-widget elementor-widget-spacer\" data-id=\"09921f3\" data-element_type=\"widget\" data-widget_type=\"spacer.default\">\n\t\t\t\t\t\t\t<div class=\"elementor-spacer\">\n\t\t\t<div class=\"elementor-spacer-inner\"><\/div>\n\t\t<\/div>\n\t\t\t\t\t\t<\/div>\n\t\t\t\t<div class=\"elementor-element elementor-element-df3e80b elementor-widget elementor-widget-writing-effect-headline\" data-id=\"df3e80b\" data-element_type=\"widget\" data-widget_type=\"writing-effect-headline.default\">\n\t\t\t\t<div class=\"elementor-widget-container\">\n\t\t\t\t\t        <h3 class=\"futurio-extra-written-headline\" data-speed=\"50\" data-delay=\"1000\" data-loop=\"1\">\r\n        \r\n                    <span class=\"written-lines\">Our story... our dream<\/span>\r\n        \r\n                <\/h3>\r\n        \t\t\t\t<\/div>\n\t\t\t\t<\/div>\n\t\t\t\t<div class=\"elementor-element elementor-element-b3cd752 elementor-arrows-position-inside elementor-pagination-position-outside elementor-widget elementor-widget-image-carousel\" data-id=\"b3cd752\" data-element_type=\"widget\" data-settings=\"{&quot;slides_to_show&quot;:&quot;1&quot;,&quot;pause_on_hover&quot;:&quot;no&quot;,&quot;effect&quot;:&quot;fade&quot;,&quot;navigation&quot;:&quot;both&quot;,&quot;autoplay&quot;:&quot;yes&quot;,&quot;pause_on_interaction&quot;:&quot;yes&quot;,&quot;autoplay_speed&quot;:5000,&quot;infinite&quot;:&quot;yes&quot;,&quot;speed&quot;:500}\" data-widget_type=\"image-carousel.default\">\n\t\t\t\t\t\t\t<div class=\"elementor-image-carousel-wrapper swiper\" role=\"region\" aria-roledescription=\"carousel\" aria-label=\"Carosello d&#039;immagini\" dir=\"ltr\">\n\t\t\t<div class=\"elementor-image-carousel swiper-wrapper swiper-image-stretch\" aria-live=\"off\">\n\t\t\t\t\t\t\t\t<div class=\"swiper-slide\" role=\"group\" aria-roledescription=\"slide\" aria-label=\"1 di 22\"><figure class=\"swiper-slide-inner\"><img decoding=\"async\" class=\"swiper-slide-image\" src=\"http:\/\/www.isidorolab.com\/public\/wp-content\/uploads\/2015\/05\/s-Lab-group-photo-Nov-2015-e1484677868862-1024x580.jpg\" alt=\"Lab group 2015\" \/><figcaption class=\"elementor-image-carousel-caption\">Lab group 2015<\/figcaption><\/figure><\/div><div class=\"swiper-slide\" role=\"group\" aria-roledescription=\"slide\" aria-label=\"2 di 22\"><figure class=\"swiper-slide-inner\"><img decoding=\"async\" class=\"swiper-slide-image\" src=\"http:\/\/www.isidorolab.com\/public\/wp-content\/uploads\/2017\/01\/s-Lab-Bristol-2005-1024x576.jpg\" alt=\"David Murphy&#039;s Lab - Bristol (UK) 2005\" \/><figcaption class=\"elementor-image-carousel-caption\">David Murphy's Lab - Bristol (UK) 2005<\/figcaption><\/figure><\/div><div class=\"swiper-slide\" role=\"group\" aria-roledescription=\"slide\" aria-label=\"3 di 22\"><figure class=\"swiper-slide-inner\"><img decoding=\"async\" class=\"swiper-slide-image\" src=\"http:\/\/www.isidorolab.com\/public\/wp-content\/uploads\/2017\/01\/Bast-Gloria-Danny-OKC2016-1024x683.jpg\" alt=\"Ciro Isidoro with Gloria Su, Robert Bast,Deborah Benbrook and Danny Dhanasekaran\" \/><figcaption class=\"elementor-image-carousel-caption\">Ciro Isidoro with Gloria Su, Robert Bast,Deborah Benbrook and Danny Dhanasekaran<\/figcaption><\/figure><\/div><div class=\"swiper-slide\" role=\"group\" aria-roledescription=\"slide\" aria-label=\"4 di 22\"><figure class=\"swiper-slide-inner\"><img decoding=\"async\" class=\"swiper-slide-image\" src=\"http:\/\/www.isidorolab.com\/public\/wp-content\/uploads\/2017\/01\/Ciro-e-Alessandro-Canelli-1024x684.jpg\" alt=\"Ciro Isidoro e Alessandro Canelli\" \/><figcaption class=\"elementor-image-carousel-caption\">Ciro Isidoro e Alessandro Canelli<\/figcaption><\/figure><\/div><div class=\"swiper-slide\" role=\"group\" aria-roledescription=\"slide\" aria-label=\"5 di 22\"><figure class=\"swiper-slide-inner\"><img decoding=\"async\" class=\"swiper-slide-image\" src=\"http:\/\/www.isidorolab.com\/public\/wp-content\/uploads\/2017\/01\/Ovarian-Cancer-Consortium-Conference-OKC-2016-1024x683.jpg\" alt=\"Ovarian Cancer Consortium Conference OKC 2016\" \/><figcaption class=\"elementor-image-carousel-caption\">Ovarian Cancer Consortium Conference OKC 2016<\/figcaption><\/figure><\/div><div class=\"swiper-slide\" role=\"group\" aria-roledescription=\"slide\" aria-label=\"6 di 22\"><figure class=\"swiper-slide-inner\"><img decoding=\"async\" class=\"swiper-slide-image\" src=\"http:\/\/www.isidorolab.com\/public\/wp-content\/uploads\/2015\/05\/Christmas-2016-lab-lunch-2-1024x768.jpg\" alt=\"Christmas 2016\" \/><figcaption class=\"elementor-image-carousel-caption\">Christmas 2016<\/figcaption><\/figure><\/div><div class=\"swiper-slide\" role=\"group\" aria-roledescription=\"slide\" aria-label=\"7 di 22\"><figure class=\"swiper-slide-inner\"><img decoding=\"async\" class=\"swiper-slide-image\" src=\"http:\/\/www.isidorolab.com\/public\/wp-content\/uploads\/2015\/05\/Christmas-2016-lab-lunch-1.jpg\" alt=\"Christmas 2016\" \/><figcaption class=\"elementor-image-carousel-caption\">Christmas 2016<\/figcaption><\/figure><\/div><div class=\"swiper-slide\" role=\"group\" aria-roledescription=\"slide\" aria-label=\"8 di 22\"><figure class=\"swiper-slide-inner\"><img decoding=\"async\" class=\"swiper-slide-image\" src=\"http:\/\/www.isidorolab.com\/public\/wp-content\/uploads\/2015\/05\/Christmas-2016-Lab-gift.jpg\" alt=\"Christmas 2016\" \/><figcaption class=\"elementor-image-carousel-caption\">Christmas 2016<\/figcaption><\/figure><\/div><div class=\"swiper-slide\" role=\"group\" aria-roledescription=\"slide\" aria-label=\"9 di 22\"><figure class=\"swiper-slide-inner\"><img decoding=\"async\" class=\"swiper-slide-image\" src=\"http:\/\/www.isidorolab.com\/public\/wp-content\/uploads\/2016\/06\/group-photo-1024x768.jpg\" alt=\"group-photo\" \/><\/figure><\/div><div class=\"swiper-slide\" role=\"group\" aria-roledescription=\"slide\" aria-label=\"10 di 22\"><figure class=\"swiper-slide-inner\"><img decoding=\"async\" class=\"swiper-slide-image\" src=\"http:\/\/www.isidorolab.com\/public\/wp-content\/uploads\/2016\/06\/Closing-Ceremony-Oct-7th-2016-1024x576.jpg\" alt=\"closing-ceremony-oct-7th-2016\" \/><\/figure><\/div><div class=\"swiper-slide\" role=\"group\" aria-roledescription=\"slide\" aria-label=\"11 di 22\"><figure class=\"swiper-slide-inner\"><img decoding=\"async\" class=\"swiper-slide-image\" src=\"http:\/\/www.isidorolab.com\/public\/wp-content\/uploads\/2015\/05\/Prof.-Isidoro-Humbert-Jacqueline-A-Vuitton-Dr-Prazert-Dr-Bohuanna-1024x765.jpg\" alt=\"Graduation as Professeur Honoraire de l\u2019 Universit\u00e9 de Franche-Comt\u00e9, Facult\u00e9 de M\u00e9decine et de Pharmacie,\u00a0Besancon 2014 (France).\" \/><figcaption class=\"elementor-image-carousel-caption\">Graduation as Professeur Honoraire de l\u2019 Universit\u00e9 de Franche-Comt\u00e9, Facult\u00e9 de M\u00e9decine et de Pharmacie,\u00a0Besancon 2014 (France).<\/figcaption><\/figure><\/div><div class=\"swiper-slide\" role=\"group\" aria-roledescription=\"slide\" aria-label=\"12 di 22\"><figure class=\"swiper-slide-inner\"><img decoding=\"async\" class=\"swiper-slide-image\" src=\"http:\/\/www.isidorolab.com\/public\/wp-content\/uploads\/2015\/05\/CerimonieHonorisCausa-group-photo2-1024x768.jpg\" alt=\"Graduation as Professeur Honoraire de l\u2019 Universit\u00e9 de Franche-Comt\u00e9, Facult\u00e9 de M\u00e9decine et de Pharmacie, Besancon 2014 (France).\" \/><figcaption class=\"elementor-image-carousel-caption\">Graduation as Professeur Honoraire de l\u2019 Universit\u00e9 de Franche-Comt\u00e9, Facult\u00e9 de M\u00e9decine et de Pharmacie, Besancon 2014 (France).<\/figcaption><\/figure><\/div><div class=\"swiper-slide\" role=\"group\" aria-roledescription=\"slide\" aria-label=\"13 di 22\"><figure class=\"swiper-slide-inner\"><img decoding=\"async\" class=\"swiper-slide-image\" src=\"http:\/\/www.isidorolab.com\/public\/wp-content\/uploads\/2015\/09\/1780759_10153113154672328_6920244866788191500_n4.jpg\" alt=\"1780759_10153113154672328_6920244866788191500_n\" \/><\/figure><\/div><div class=\"swiper-slide\" role=\"group\" aria-roledescription=\"slide\" aria-label=\"14 di 22\"><figure class=\"swiper-slide-inner\"><img decoding=\"async\" class=\"swiper-slide-image\" src=\"http:\/\/www.isidorolab.com\/public\/wp-content\/uploads\/2015\/09\/1559653_10206171090018956_8991423035365026425_n5.jpg\" alt=\"1559653_10206171090018956_8991423035365026425_n\" \/><\/figure><\/div><div class=\"swiper-slide\" role=\"group\" aria-roledescription=\"slide\" aria-label=\"15 di 22\"><figure class=\"swiper-slide-inner\"><img decoding=\"async\" class=\"swiper-slide-image\" src=\"http:\/\/www.isidorolab.com\/public\/wp-content\/uploads\/2015\/09\/11032763_10206171137820151_3120906791813871630_n2.jpg\" alt=\"11032763_10206171137820151_3120906791813871630_n\" \/><\/figure><\/div><div class=\"swiper-slide\" role=\"group\" aria-roledescription=\"slide\" aria-label=\"16 di 22\"><figure class=\"swiper-slide-inner\"><img decoding=\"async\" class=\"swiper-slide-image\" src=\"http:\/\/www.isidorolab.com\/public\/wp-content\/uploads\/2015\/09\/10982472_10153113159997328_1329750916307998785_n2.jpg\" alt=\"Christmas\" \/><figcaption class=\"elementor-image-carousel-caption\">Christmas<\/figcaption><\/figure><\/div><div class=\"swiper-slide\" role=\"group\" aria-roledescription=\"slide\" aria-label=\"17 di 22\"><figure class=\"swiper-slide-inner\"><img decoding=\"async\" class=\"swiper-slide-image\" src=\"http:\/\/www.isidorolab.com\/public\/wp-content\/uploads\/2016\/06\/Consegna-Diploma-al-Sindaco-1024x768.jpg\" alt=\"Ciro Isidoro e Alessandro Canelli\" \/><figcaption class=\"elementor-image-carousel-caption\">Ciro Isidoro e Alessandro Canelli<\/figcaption><\/figure><\/div><div class=\"swiper-slide\" role=\"group\" aria-roledescription=\"slide\" aria-label=\"18 di 22\"><figure class=\"swiper-slide-inner\"><img decoding=\"async\" class=\"swiper-slide-image\" src=\"http:\/\/www.isidorolab.com\/public\/wp-content\/uploads\/2021\/07\/20190717_144226-1024x768.jpg\" alt=\"Graduation 2018\" \/><figcaption class=\"elementor-image-carousel-caption\">Graduation 2018<\/figcaption><\/figure><\/div><div class=\"swiper-slide\" role=\"group\" aria-roledescription=\"slide\" aria-label=\"19 di 22\"><figure class=\"swiper-slide-inner\"><img decoding=\"async\" class=\"swiper-slide-image\" src=\"http:\/\/www.isidorolab.com\/public\/wp-content\/uploads\/2021\/07\/WhatsApp-Image-2020-07-30-at-10.01.21-PM-1024x768.jpeg\" alt=\"Graduation 2018\" \/><figcaption class=\"elementor-image-carousel-caption\">Graduation 2018<\/figcaption><\/figure><\/div><div class=\"swiper-slide\" role=\"group\" aria-roledescription=\"slide\" aria-label=\"20 di 22\"><figure class=\"swiper-slide-inner\"><img decoding=\"async\" class=\"swiper-slide-image\" src=\"http:\/\/www.isidorolab.com\/public\/wp-content\/uploads\/2021\/07\/20210726_184305-1024x768.jpg\" alt=\"Graduation 2021\" \/><figcaption class=\"elementor-image-carousel-caption\">Graduation 2021<\/figcaption><\/figure><\/div><div class=\"swiper-slide\" role=\"group\" aria-roledescription=\"slide\" aria-label=\"21 di 22\"><figure class=\"swiper-slide-inner\"><img decoding=\"async\" class=\"swiper-slide-image\" src=\"http:\/\/www.isidorolab.com\/public\/wp-content\/uploads\/2021\/07\/20210611_191331-1024x768.jpg\" alt=\"Lab&#039;s aperitivo 2021\" \/><figcaption class=\"elementor-image-carousel-caption\">Lab's aperitivo 2021<\/figcaption><\/figure><\/div><div class=\"swiper-slide\" role=\"group\" aria-roledescription=\"slide\" aria-label=\"22 di 22\"><figure class=\"swiper-slide-inner\"><img decoding=\"async\" class=\"swiper-slide-image\" src=\"http:\/\/www.isidorolab.com\/public\/wp-content\/uploads\/2021\/07\/20201218_141203-1024x576.jpg\" alt=\"20201218_141203\" \/><\/figure><\/div>\t\t\t<\/div>\n\t\t\t\t\t\t\t\t\t\t\t\t<div class=\"elementor-swiper-button elementor-swiper-button-prev\" role=\"button\" tabindex=\"0\">\n\t\t\t\t\t\t<i aria-hidden=\"true\" class=\"eicon-chevron-left\"><\/i>\t\t\t\t\t<\/div>\n\t\t\t\t\t<div class=\"elementor-swiper-button elementor-swiper-button-next\" role=\"button\" tabindex=\"0\">\n\t\t\t\t\t\t<i aria-hidden=\"true\" class=\"eicon-chevron-right\"><\/i>\t\t\t\t\t<\/div>\n\t\t\t\t\n\t\t\t\t\t\t\t\t\t<div class=\"swiper-pagination\"><\/div>\n\t\t\t\t\t\t\t\t\t<\/div>\n\t\t\t\t\t\t<\/div>\n\t\t\t\t\t<\/div>\n\t\t<\/div>\n\t\t\t\t\t<\/div>\n\t\t<\/section>\n\t\t\t\t<\/div>\n\t\t<div style='text-align:center' class='yasr-auto-insert-visitor'><!--Yasr Visitor Votes Shortcode--><div id='yasr_visitor_votes_ca19e632e6698' class='yasr-visitor-votes'><div class=\"yasr-custom-text-vv-before yasr-custom-text-vv-before-2280\">Clicca per votare questo articolo!<\/div><div id='yasr-vv-second-row-container-ca19e632e6698'\r\n                                        class='yasr-vv-second-row-container'><div id='yasr-visitor-votes-rater-ca19e632e6698'\r\n                                      class='yasr-rater-stars-vv'\r\n                                      data-rater-postid='2280'\r\n                                      data-rating='0'\r\n                                      data-rater-starsize='32'\r\n                                      data-rater-readonly='false'\r\n                                      data-rater-nonce='13d27f6159'\r\n                                      data-issingular='false'\r\n                                    ><\/div><div class=\"yasr-vv-stats-text-container\" id=\"yasr-vv-stats-text-container-ca19e632e6698\"><svg xmlns=\"https:\/\/www.w3.org\/2000\/svg\" width=\"20\" height=\"20\"\r\n                                   class=\"yasr-dashicons-visitor-stats\"\r\n                                   data-postid=\"2280\"\r\n                                   id=\"yasr-stats-dashicon-ca19e632e6698\">\r\n                                   <path d=\"M18 18v-16h-4v16h4zM12 18v-11h-4v11h4zM6 18v-8h-4v8h4z\"><\/path>\r\n                               <\/svg><span id=\"yasr-vv-text-container-ca19e632e6698\" class=\"yasr-vv-text-container\">[Total: <span id=\"yasr-vv-votes-number-container-ca19e632e6698\">0<\/span>  Average: <span id=\"yasr-vv-average-container-ca19e632e6698\">0<\/span>]<\/span><\/div><div id='yasr-vv-loader-ca19e632e6698' class='yasr-vv-container-loader'><\/div><\/div><div id='yasr-vv-bottom-container-ca19e632e6698' class='yasr-vv-bottom-container'><\/div><\/div><!--End Yasr Visitor Votes Shortcode--><\/div>","protected":false},"excerpt":{"rendered":"<p>Our story&#8230; our dream Lab group 2015 David Murphy&#8217;s Lab &#8211; Bristol (UK) 2005 Ciro Isidoro with Gloria Su, Robert Bast,Deborah Benbrook and Danny Dhanasekaran Ciro Isidoro e Alessandro Canelli Ovarian Cancer Consortium Conference OKC 2016 Christmas 2016 Christmas 2016 Christmas 2016 Graduation as Professeur Honoraire de l\u2019 Universit\u00e9 de Franche-Comt\u00e9, Facult\u00e9 de M\u00e9decine et&hellip;<\/p>\n","protected":false},"author":1,"featured_media":0,"parent":0,"menu_order":0,"comment_status":"closed","ping_status":"closed","template":"","meta":{"yasr_overall_rating":0,"yasr_post_is_review":"","yasr_auto_insert_disabled":"","yasr_review_type":"","footnotes":""},"class_list":["post-2280","page","type-page","status-publish","hentry"],"yoast_head":"<!-- This site is optimized with the Yoast SEO plugin v26.8 - https:\/\/yoast.com\/product\/yoast-seo-wordpress\/ -->\r\n<title>Photo gallery - IsidoroLab<\/title>\r\n<meta name=\"robots\" content=\"index, follow, max-snippet:-1, max-image-preview:large, max-video-preview:-1\" \/>\r\n<link rel=\"canonical\" href=\"http:\/\/www.isidorolab.com\/public\/index.php\/photo-gallery\/\" \/>\r\n<meta property=\"og:locale\" content=\"it_IT\" \/>\r\n<meta property=\"og:type\" content=\"article\" \/>\r\n<meta property=\"og:title\" content=\"Photo gallery - IsidoroLab\" \/>\r\n<meta property=\"og:description\" content=\"Our story&#8230; our dream Lab group 2015 David Murphy&#8217;s Lab &#8211; Bristol (UK) 2005 Ciro Isidoro with Gloria Su, Robert Bast,Deborah Benbrook and Danny Dhanasekaran Ciro Isidoro e Alessandro Canelli Ovarian Cancer Consortium Conference OKC 2016 Christmas 2016 Christmas 2016 Christmas 2016 Graduation as Professeur Honoraire de l\u2019 Universit\u00e9 de Franche-Comt\u00e9, Facult\u00e9 de M\u00e9decine et&hellip;\" \/>\r\n<meta property=\"og:url\" content=\"http:\/\/www.isidorolab.com\/public\/index.php\/photo-gallery\/\" \/>\r\n<meta property=\"og:site_name\" content=\"IsidoroLab\" \/>\r\n<meta property=\"article:modified_time\" content=\"2021-07-30T14:51:30+00:00\" \/>\r\n<meta property=\"og:image\" content=\"http:\/\/www.isidorolab.com\/public\/wp-content\/uploads\/2015\/05\/s-Lab-group-photo-Nov-2015-e1484677868862-1024x580.jpg\" \/>\r\n<meta name=\"twitter:card\" content=\"summary_large_image\" \/>\r\n<script type=\"application\/ld+json\" class=\"yoast-schema-graph\">{\"@context\":\"https:\/\/schema.org\",\"@graph\":[{\"@type\":\"WebPage\",\"@id\":\"http:\/\/www.isidorolab.com\/public\/index.php\/photo-gallery\/\",\"url\":\"http:\/\/www.isidorolab.com\/public\/index.php\/photo-gallery\/\",\"name\":\"Photo gallery - IsidoroLab\",\"isPartOf\":{\"@id\":\"http:\/\/www.isidorolab.com\/public\/#website\"},\"primaryImageOfPage\":{\"@id\":\"http:\/\/www.isidorolab.com\/public\/index.php\/photo-gallery\/#primaryimage\"},\"image\":{\"@id\":\"http:\/\/www.isidorolab.com\/public\/index.php\/photo-gallery\/#primaryimage\"},\"thumbnailUrl\":\"http:\/\/www.isidorolab.com\/public\/wp-content\/uploads\/2015\/05\/s-Lab-group-photo-Nov-2015-e1484677868862-1024x580.jpg\",\"datePublished\":\"2021-07-30T14:14:04+00:00\",\"dateModified\":\"2021-07-30T14:51:30+00:00\",\"breadcrumb\":{\"@id\":\"http:\/\/www.isidorolab.com\/public\/index.php\/photo-gallery\/#breadcrumb\"},\"inLanguage\":\"it-IT\",\"potentialAction\":[{\"@type\":\"ReadAction\",\"target\":[\"http:\/\/www.isidorolab.com\/public\/index.php\/photo-gallery\/\"]}]},{\"@type\":\"ImageObject\",\"inLanguage\":\"it-IT\",\"@id\":\"http:\/\/www.isidorolab.com\/public\/index.php\/photo-gallery\/#primaryimage\",\"url\":\"http:\/\/www.isidorolab.com\/public\/wp-content\/uploads\/2015\/05\/s-Lab-group-photo-Nov-2015-e1484677868862.jpg\",\"contentUrl\":\"http:\/\/www.isidorolab.com\/public\/wp-content\/uploads\/2015\/05\/s-Lab-group-photo-Nov-2015-e1484677868862.jpg\",\"width\":1174,\"height\":665,\"caption\":\"Lab group 2015\"},{\"@type\":\"BreadcrumbList\",\"@id\":\"http:\/\/www.isidorolab.com\/public\/index.php\/photo-gallery\/#breadcrumb\",\"itemListElement\":[{\"@type\":\"ListItem\",\"position\":1,\"name\":\"Home\",\"item\":\"http:\/\/www.isidorolab.com\/public\/\"},{\"@type\":\"ListItem\",\"position\":2,\"name\":\"Photo gallery\"}]},{\"@type\":\"WebSite\",\"@id\":\"http:\/\/www.isidorolab.com\/public\/#website\",\"url\":\"http:\/\/www.isidorolab.com\/public\/\",\"name\":\"IsidoroLab\",\"description\":\"\",\"potentialAction\":[{\"@type\":\"SearchAction\",\"target\":{\"@type\":\"EntryPoint\",\"urlTemplate\":\"http:\/\/www.isidorolab.com\/public\/?s={search_term_string}\"},\"query-input\":{\"@type\":\"PropertyValueSpecification\",\"valueRequired\":true,\"valueName\":\"search_term_string\"}}],\"inLanguage\":\"it-IT\"},false]}<\/script>\r\n<!-- \/ Yoast SEO plugin. -->","yoast_head_json":{"title":"Photo gallery - IsidoroLab","robots":{"index":"index","follow":"follow","max-snippet":"max-snippet:-1","max-image-preview":"max-image-preview:large","max-video-preview":"max-video-preview:-1"},"canonical":"http:\/\/www.isidorolab.com\/public\/index.php\/photo-gallery\/","og_locale":"it_IT","og_type":"article","og_title":"Photo gallery - IsidoroLab","og_description":"Our story&#8230; our dream Lab group 2015 David Murphy&#8217;s Lab &#8211; Bristol (UK) 2005 Ciro Isidoro with Gloria Su, Robert Bast,Deborah Benbrook and Danny Dhanasekaran Ciro Isidoro e Alessandro Canelli Ovarian Cancer Consortium Conference OKC 2016 Christmas 2016 Christmas 2016 Christmas 2016 Graduation as Professeur Honoraire de l\u2019 Universit\u00e9 de Franche-Comt\u00e9, Facult\u00e9 de M\u00e9decine et&hellip;","og_url":"http:\/\/www.isidorolab.com\/public\/index.php\/photo-gallery\/","og_site_name":"IsidoroLab","article_modified_time":"2021-07-30T14:51:30+00:00","og_image":[{"url":"http:\/\/www.isidorolab.com\/public\/wp-content\/uploads\/2015\/05\/s-Lab-group-photo-Nov-2015-e1484677868862-1024x580.jpg","type":"","width":"","height":""}],"twitter_card":"summary_large_image","schema":{"@context":"https:\/\/schema.org","@graph":[{"@type":"WebPage","@id":"http:\/\/www.isidorolab.com\/public\/index.php\/photo-gallery\/","url":"http:\/\/www.isidorolab.com\/public\/index.php\/photo-gallery\/","name":"Photo gallery - IsidoroLab","isPartOf":{"@id":"http:\/\/www.isidorolab.com\/public\/#website"},"primaryImageOfPage":{"@id":"http:\/\/www.isidorolab.com\/public\/index.php\/photo-gallery\/#primaryimage"},"image":{"@id":"http:\/\/www.isidorolab.com\/public\/index.php\/photo-gallery\/#primaryimage"},"thumbnailUrl":"http:\/\/www.isidorolab.com\/public\/wp-content\/uploads\/2015\/05\/s-Lab-group-photo-Nov-2015-e1484677868862-1024x580.jpg","datePublished":"2021-07-30T14:14:04+00:00","dateModified":"2021-07-30T14:51:30+00:00","breadcrumb":{"@id":"http:\/\/www.isidorolab.com\/public\/index.php\/photo-gallery\/#breadcrumb"},"inLanguage":"it-IT","potentialAction":[{"@type":"ReadAction","target":["http:\/\/www.isidorolab.com\/public\/index.php\/photo-gallery\/"]}]},{"@type":"ImageObject","inLanguage":"it-IT","@id":"http:\/\/www.isidorolab.com\/public\/index.php\/photo-gallery\/#primaryimage","url":"http:\/\/www.isidorolab.com\/public\/wp-content\/uploads\/2015\/05\/s-Lab-group-photo-Nov-2015-e1484677868862.jpg","contentUrl":"http:\/\/www.isidorolab.com\/public\/wp-content\/uploads\/2015\/05\/s-Lab-group-photo-Nov-2015-e1484677868862.jpg","width":1174,"height":665,"caption":"Lab group 2015"},{"@type":"BreadcrumbList","@id":"http:\/\/www.isidorolab.com\/public\/index.php\/photo-gallery\/#breadcrumb","itemListElement":[{"@type":"ListItem","position":1,"name":"Home","item":"http:\/\/www.isidorolab.com\/public\/"},{"@type":"ListItem","position":2,"name":"Photo gallery"}]},{"@type":"WebSite","@id":"http:\/\/www.isidorolab.com\/public\/#website","url":"http:\/\/www.isidorolab.com\/public\/","name":"IsidoroLab","description":"","potentialAction":[{"@type":"SearchAction","target":{"@type":"EntryPoint","urlTemplate":"http:\/\/www.isidorolab.com\/public\/?s={search_term_string}"},"query-input":{"@type":"PropertyValueSpecification","valueRequired":true,"valueName":"search_term_string"}}],"inLanguage":"it-IT"},false]}},"yasr_visitor_votes":{"stars_attributes":{"read_only":false,"span_bottom":false},"number_of_votes":0,"sum_votes":0},"_links":{"self":[{"href":"http:\/\/www.isidorolab.com\/public\/index.php\/wp-json\/wp\/v2\/pages\/2280","targetHints":{"allow":["GET"]}}],"collection":[{"href":"http:\/\/www.isidorolab.com\/public\/index.php\/wp-json\/wp\/v2\/pages"}],"about":[{"href":"http:\/\/www.isidorolab.com\/public\/index.php\/wp-json\/wp\/v2\/types\/page"}],"author":[{"embeddable":true,"href":"http:\/\/www.isidorolab.com\/public\/index.php\/wp-json\/wp\/v2\/users\/1"}],"replies":[{"embeddable":true,"href":"http:\/\/www.isidorolab.com\/public\/index.php\/wp-json\/wp\/v2\/comments?post=2280"}],"version-history":[{"count":13,"href":"http:\/\/www.isidorolab.com\/public\/index.php\/wp-json\/wp\/v2\/pages\/2280\/revisions"}],"predecessor-version":[{"id":2309,"href":"http:\/\/www.isidorolab.com\/public\/index.php\/wp-json\/wp\/v2\/pages\/2280\/revisions\/2309"}],"wp:attachment":[{"href":"http:\/\/www.isidorolab.com\/public\/index.php\/wp-json\/wp\/v2\/media?parent=2280"}],"curies":[{"name":"wp","href":"https:\/\/api.w.org\/{rel}","templated":true}]}}