{"id":480,"date":"2015-05-03T15:53:14","date_gmt":"2015-05-03T13:53:14","guid":{"rendered":"https:\/\/isidorolab.wordpress.com\/?page_id=480"},"modified":"2021-07-31T17:08:52","modified_gmt":"2021-07-31T15:08:52","slug":"collaborations","status":"publish","type":"page","link":"http:\/\/www.isidorolab.com\/public\/index.php\/laboratory-activities\/collaborations\/","title":{"rendered":"Collaborations"},"content":{"rendered":"\t\t<div data-elementor-type=\"wp-page\" data-elementor-id=\"480\" class=\"elementor elementor-480\">\n\t\t\t\t\t\t<section class=\"elementor-section elementor-top-section elementor-element elementor-element-3f555477 elementor-section-stretched elementor-section-boxed elementor-section-height-default elementor-section-height-default\" data-id=\"3f555477\" data-element_type=\"section\" data-settings=\"{&quot;stretch_section&quot;:&quot;section-stretched&quot;}\">\n\t\t\t\t\t\t<div class=\"elementor-container elementor-column-gap-wider\">\n\t\t\t\t\t<div class=\"elementor-column elementor-col-100 elementor-top-column elementor-element elementor-element-2adf0b75\" data-id=\"2adf0b75\" data-element_type=\"column\">\n\t\t\t<div class=\"elementor-widget-wrap elementor-element-populated\">\n\t\t\t\t\t\t<div class=\"elementor-element elementor-element-cf735a4 elementor-widget elementor-widget-text-editor\" data-id=\"cf735a4\" data-element_type=\"widget\" data-widget_type=\"text-editor.default\">\n\t\t\t\t\t\t\t\t\t<h3 style=\"text-align: center;\"><span style=\"color: #000080;\"><strong>S<\/strong><strong>CIENTIFIC COLLABORATIONS (ON GOING)<\/strong><\/span><\/h3><p>\u00a0<\/p><ul><li><strong>Wanpen Chaicumpa:<\/strong> Center of Excellence on Therapeutic Proteins and Antibody Engineering, Faculty of Medicine Siriraj Hospital, Mahidol University (Bangkok, TH) (viral infection, antibody therapy and autophagy);<\/li><li><strong>Eugenia Dogliotti:<\/strong> Istituto Superiore di Sanit\u00e0, Roma (autophagy, DNA damage, skeletal muscle differentiation);<\/li><li><strong>Danny Dhanasekaran:<\/strong> Stephenson Cancer Center, University of Oklahoma \u00a0Health Science Center, Oklahoma City (OK 73104, US) (Long Non Coding RNA and epigenetic regulation of autophagy in ovarian cancer);<\/li><li><strong>Benjamin K. Tsang:<\/strong> Departments of Obstetrics &amp; Gynecology and Cellular &amp; Molecular Medicine, and Interdisciplinary School of Health Sciences, University of Ottawa (Canada) (autophagy and ovary polycystic syndrome);<\/li><li><strong>Gwenal Rolin<\/strong> and <strong>Philippe Humbert:<\/strong> D\u00e9partement de Dermatologie et Centre d&#8217;Investigation Clinique, Universit\u00e9 de la Franche-Comt\u00e9, Besan\u00e7on (France) (autophagy and cheloids);<\/li><li><strong>Paul Saftig:<\/strong> Unit of Molecular Cell Biology and Transgenic Research, Institute of Biochemistry, Medical Faculty, University of Kiel, Germany (Cathepsin D and lysosomal storage diseases);<\/li><li><strong>John McDonald: <\/strong>\u00abIntegrative Cancer Research Center of the Georgia Institute of Technology\u00bb, Georgia Tech University, Georgia (Atlanta, US) (autophagy and ovarian cancer stem cells);<\/li><li><strong>Hans Baeumler:<\/strong> Institute of Transfusion Medicine, Berlin-Brandenburg Center for Regenerative Therapies, Charit\u00e9 \u2013 Universit\u00e4tsmedizin Berlin (Germany) (nanotheranostics, in cell imaging);<\/li><li><strong>Lorenzo Tei<\/strong> and <strong>Mauro Botta:<\/strong> Dipartimento di Scienze e innovazione Tecnologica, Universit\u00e0 del Piemonte Orientale (Alessandria, Italy) (nanotheranostics, in cell imaging);<\/li><li><strong>Prasert Sobhon:<\/strong> Faculty of Sciences, Mahidol University (Bangkok, TH) (autophagy and prawns reproduction);<\/li><li><strong>Chanitra Tuwajit<\/strong> and <strong>Peti Tuwajit:<\/strong> Siriraj Hospital Medical School, Mahidol University (Bangkok, TH), (autophagy and cancer associated fibroblasts in ovarian cancer);<\/li><li><strong>Puangrat Yongvanit<\/strong> and <strong>Nisana Namwat:<\/strong> Khon Kaen Center of Excellence for Cholangiocarcinoma (Khon Kaen, TH), (autophagy and cholanagiocarcinoma);<\/li><li><strong>Xin Zhang:<\/strong>\u00a0 Stephenson Cancer Center and Department of Physiology, University of Oklahoma Health Science Center, Oklahoma City (OK 73104, US), (role of metastasis suppressor CD82 in the regulation of autophagy in prostate cancer).<\/li><\/ul><p>\u00a0<\/p><h3 style=\"text-align: center;\"><span style=\"color: #000080;\"><strong>SCIENTIFIC COLLABORATIONS (PAST)<\/strong><\/span><\/h3><p>\u00a0<\/p><ul><li style=\"text-align: left;\"><strong>Tewin Tencomnao:<\/strong> Faculty of Allied Health Sciences, Chulalongkorn University, Thailand, (autofagia e UVB skin carcinogenesis);<\/li><li style=\"text-align: left;\"><strong>Bonnie F. Sloane:<\/strong> Department of Pharmacology della Wayne State University di Detroit, USA (Biogenesis and function of lysosomal Cathepsins);<\/li><li style=\"text-align: left;\"><strong>David Murphy <\/strong>and <strong>Henry Wellcome:<\/strong> Laboratories for Integrative Neuroscience and Endocrinology, University of Bristol, Gran Bretagna (autophagy and neurodegenerative diseases)<\/li><li style=\"text-align: left;\"><strong>Andrej Hasilik:<\/strong> Institute fuer Physiologische Chemie, Klinikum der Philipps-Universitaet Marburg, Germany (Biogenesis and function of lysosomal Cathepsins);<\/li><li style=\"text-align: left;\"><strong>Michelle Ollivier:<\/strong> INRA Unit\u00e9 G\u00e9nomique et Physiologie de la Lactation, Jouy-en-Josas, CEDEX, France (Role of Cathepsin D in mammary gland physiology);<\/li><li style=\"text-align: left;\"><strong>Duncan Smith:<\/strong> Insitute of Molecular Biology and genetics, Mahidol University, Bangkok, Thailand (Autophagy and Dengue virus infection)<\/li><li style=\"text-align: left;\"><strong>Tamara Lah:<\/strong> National Institute of Biology, Ljubljana, Slovenia, (Cathepsins and glioblastomas);<\/li><li style=\"text-align: left;\"><strong>Francesco Fornai:<\/strong> Universit\u00e0 di Pisa, Italy (Autophagy and neurodegeneration);<\/li><li style=\"text-align: left;\"><strong>Salvatore Coluccia:<\/strong> Dipartimento di Chimica, Universit\u00e0 di Torino, Italy (Nanotheranostics, in cell imaging)<\/li><li style=\"text-align: left;\"><strong>Emanuele Albano<\/strong> and <strong>Rita Carini:<\/strong> Dipartimento di Scienze della Salute, Universit\u00e0 del Piemonte Orientale di Novara, Italy (lysosome and hepatocyte preconditioning)<\/li><li style=\"text-align: left;\"><strong>Guido Valente:<\/strong> Laboratorio di Anatomia Patologica, Dipartimento di Medicina Traslazionale, Universit\u00e0 del Piemonte Orientale di Novara, Italy (cancer biomarkers)<\/li><\/ul>\t\t\t\t\t\t\t\t<\/div>\n\t\t\t\t\t<\/div>\n\t\t<\/div>\n\t\t\t\t\t<\/div>\n\t\t<\/section>\n\t\t\t\t<\/div>\n\t\t<div style='text-align:center' class='yasr-auto-insert-visitor'><!--Yasr Visitor Votes Shortcode--><div id='yasr_visitor_votes_6e461c9b6d673' class='yasr-visitor-votes'><div class=\"yasr-custom-text-vv-before yasr-custom-text-vv-before-480\">Clicca per votare questo articolo!<\/div><div id='yasr-vv-second-row-container-6e461c9b6d673'\r\n                                        class='yasr-vv-second-row-container'><div id='yasr-visitor-votes-rater-6e461c9b6d673'\r\n                                      class='yasr-rater-stars-vv'\r\n                                      data-rater-postid='480'\r\n                                      data-rating='0'\r\n                                      data-rater-starsize='32'\r\n                                      data-rater-readonly='false'\r\n                                      data-rater-nonce='13d27f6159'\r\n                                      data-issingular='false'\r\n                                    ><\/div><div class=\"yasr-vv-stats-text-container\" id=\"yasr-vv-stats-text-container-6e461c9b6d673\"><svg xmlns=\"https:\/\/www.w3.org\/2000\/svg\" width=\"20\" height=\"20\"\r\n                                   class=\"yasr-dashicons-visitor-stats\"\r\n                                   data-postid=\"480\"\r\n                                   id=\"yasr-stats-dashicon-6e461c9b6d673\">\r\n                                   <path d=\"M18 18v-16h-4v16h4zM12 18v-11h-4v11h4zM6 18v-8h-4v8h4z\"><\/path>\r\n                               <\/svg><span id=\"yasr-vv-text-container-6e461c9b6d673\" class=\"yasr-vv-text-container\">[Total: <span id=\"yasr-vv-votes-number-container-6e461c9b6d673\">0<\/span>  Average: <span id=\"yasr-vv-average-container-6e461c9b6d673\">0<\/span>]<\/span><\/div><div id='yasr-vv-loader-6e461c9b6d673' class='yasr-vv-container-loader'><\/div><\/div><div id='yasr-vv-bottom-container-6e461c9b6d673' class='yasr-vv-bottom-container'><\/div><\/div><!--End Yasr Visitor Votes Shortcode--><\/div>","protected":false},"excerpt":{"rendered":"<p>SCIENTIFIC COLLABORATIONS (ON GOING) \u00a0 Wanpen Chaicumpa: Center of Excellence on Therapeutic Proteins and Antibody Engineering, Faculty of Medicine Siriraj Hospital, Mahidol University (Bangkok, TH) (viral infection, antibody therapy and autophagy); Eugenia Dogliotti: Istituto Superiore di Sanit\u00e0, Roma (autophagy, DNA damage, skeletal muscle differentiation); Danny Dhanasekaran: Stephenson Cancer Center, University of Oklahoma \u00a0Health Science Center,&hellip;<\/p>\n","protected":false},"author":2,"featured_media":0,"parent":2503,"menu_order":1,"comment_status":"closed","ping_status":"open","template":"","meta":{"yasr_overall_rating":0,"yasr_post_is_review":"","yasr_auto_insert_disabled":"","yasr_review_type":"","footnotes":""},"class_list":["post-480","page","type-page","status-publish","hentry"],"yoast_head":"<!-- This site is optimized with the Yoast SEO plugin v26.8 - https:\/\/yoast.com\/product\/yoast-seo-wordpress\/ -->\r\n<title>Collaborations - IsidoroLab<\/title>\r\n<meta name=\"robots\" content=\"index, follow, max-snippet:-1, max-image-preview:large, max-video-preview:-1\" \/>\r\n<link rel=\"canonical\" href=\"https:\/\/www.isidorolab.com\/public\/index.php\/laboratory-activities\/collaborations\/\" \/>\r\n<meta property=\"og:locale\" content=\"it_IT\" \/>\r\n<meta property=\"og:type\" content=\"article\" \/>\r\n<meta property=\"og:title\" content=\"Collaborations - IsidoroLab\" \/>\r\n<meta property=\"og:description\" content=\"SCIENTIFIC COLLABORATIONS (ON GOING) \u00a0 Wanpen Chaicumpa: Center of Excellence on Therapeutic Proteins and Antibody Engineering, Faculty of Medicine Siriraj Hospital, Mahidol University (Bangkok, TH) (viral infection, antibody therapy and autophagy); Eugenia Dogliotti: Istituto Superiore di Sanit\u00e0, Roma (autophagy, DNA damage, skeletal muscle differentiation); Danny Dhanasekaran: Stephenson Cancer Center, University of Oklahoma \u00a0Health Science Center,&hellip;\" \/>\r\n<meta property=\"og:url\" content=\"https:\/\/www.isidorolab.com\/public\/index.php\/laboratory-activities\/collaborations\/\" \/>\r\n<meta property=\"og:site_name\" content=\"IsidoroLab\" \/>\r\n<meta property=\"article:modified_time\" content=\"2021-07-31T15:08:52+00:00\" \/>\r\n<meta name=\"twitter:card\" content=\"summary_large_image\" \/>\r\n<meta name=\"twitter:label1\" content=\"Tempo di lettura stimato\" \/>\n\t<meta name=\"twitter:data1\" content=\"2 minuti\" \/>\r\n<script type=\"application\/ld+json\" class=\"yoast-schema-graph\">{\"@context\":\"https:\/\/schema.org\",\"@graph\":[{\"@type\":\"WebPage\",\"@id\":\"https:\/\/www.isidorolab.com\/public\/index.php\/laboratory-activities\/collaborations\/\",\"url\":\"https:\/\/www.isidorolab.com\/public\/index.php\/laboratory-activities\/collaborations\/\",\"name\":\"Collaborations - IsidoroLab\",\"isPartOf\":{\"@id\":\"http:\/\/www.isidorolab.com\/public\/#website\"},\"datePublished\":\"2015-05-03T13:53:14+00:00\",\"dateModified\":\"2021-07-31T15:08:52+00:00\",\"breadcrumb\":{\"@id\":\"https:\/\/www.isidorolab.com\/public\/index.php\/laboratory-activities\/collaborations\/#breadcrumb\"},\"inLanguage\":\"it-IT\",\"potentialAction\":[{\"@type\":\"ReadAction\",\"target\":[\"https:\/\/www.isidorolab.com\/public\/index.php\/laboratory-activities\/collaborations\/\"]}]},{\"@type\":\"BreadcrumbList\",\"@id\":\"https:\/\/www.isidorolab.com\/public\/index.php\/laboratory-activities\/collaborations\/#breadcrumb\",\"itemListElement\":[{\"@type\":\"ListItem\",\"position\":1,\"name\":\"Home\",\"item\":\"http:\/\/www.isidorolab.com\/public\/\"},{\"@type\":\"ListItem\",\"position\":2,\"name\":\"Laboratory Activities\",\"item\":\"http:\/\/www.isidorolab.com\/public\/index.php\/laboratory-activities\/\"},{\"@type\":\"ListItem\",\"position\":3,\"name\":\"Collaborations\"}]},{\"@type\":\"WebSite\",\"@id\":\"http:\/\/www.isidorolab.com\/public\/#website\",\"url\":\"http:\/\/www.isidorolab.com\/public\/\",\"name\":\"IsidoroLab\",\"description\":\"\",\"potentialAction\":[{\"@type\":\"SearchAction\",\"target\":{\"@type\":\"EntryPoint\",\"urlTemplate\":\"http:\/\/www.isidorolab.com\/public\/?s={search_term_string}\"},\"query-input\":{\"@type\":\"PropertyValueSpecification\",\"valueRequired\":true,\"valueName\":\"search_term_string\"}}],\"inLanguage\":\"it-IT\"},false]}<\/script>\r\n<!-- \/ Yoast SEO plugin. -->","yoast_head_json":{"title":"Collaborations - IsidoroLab","robots":{"index":"index","follow":"follow","max-snippet":"max-snippet:-1","max-image-preview":"max-image-preview:large","max-video-preview":"max-video-preview:-1"},"canonical":"https:\/\/www.isidorolab.com\/public\/index.php\/laboratory-activities\/collaborations\/","og_locale":"it_IT","og_type":"article","og_title":"Collaborations - IsidoroLab","og_description":"SCIENTIFIC COLLABORATIONS (ON GOING) \u00a0 Wanpen Chaicumpa: Center of Excellence on Therapeutic Proteins and Antibody Engineering, Faculty of Medicine Siriraj Hospital, Mahidol University (Bangkok, TH) (viral infection, antibody therapy and autophagy); Eugenia Dogliotti: Istituto Superiore di Sanit\u00e0, Roma (autophagy, DNA damage, skeletal muscle differentiation); Danny Dhanasekaran: Stephenson Cancer Center, University of Oklahoma \u00a0Health Science Center,&hellip;","og_url":"https:\/\/www.isidorolab.com\/public\/index.php\/laboratory-activities\/collaborations\/","og_site_name":"IsidoroLab","article_modified_time":"2021-07-31T15:08:52+00:00","twitter_card":"summary_large_image","twitter_misc":{"Tempo di lettura stimato":"2 minuti"},"schema":{"@context":"https:\/\/schema.org","@graph":[{"@type":"WebPage","@id":"https:\/\/www.isidorolab.com\/public\/index.php\/laboratory-activities\/collaborations\/","url":"https:\/\/www.isidorolab.com\/public\/index.php\/laboratory-activities\/collaborations\/","name":"Collaborations - IsidoroLab","isPartOf":{"@id":"http:\/\/www.isidorolab.com\/public\/#website"},"datePublished":"2015-05-03T13:53:14+00:00","dateModified":"2021-07-31T15:08:52+00:00","breadcrumb":{"@id":"https:\/\/www.isidorolab.com\/public\/index.php\/laboratory-activities\/collaborations\/#breadcrumb"},"inLanguage":"it-IT","potentialAction":[{"@type":"ReadAction","target":["https:\/\/www.isidorolab.com\/public\/index.php\/laboratory-activities\/collaborations\/"]}]},{"@type":"BreadcrumbList","@id":"https:\/\/www.isidorolab.com\/public\/index.php\/laboratory-activities\/collaborations\/#breadcrumb","itemListElement":[{"@type":"ListItem","position":1,"name":"Home","item":"http:\/\/www.isidorolab.com\/public\/"},{"@type":"ListItem","position":2,"name":"Laboratory Activities","item":"http:\/\/www.isidorolab.com\/public\/index.php\/laboratory-activities\/"},{"@type":"ListItem","position":3,"name":"Collaborations"}]},{"@type":"WebSite","@id":"http:\/\/www.isidorolab.com\/public\/#website","url":"http:\/\/www.isidorolab.com\/public\/","name":"IsidoroLab","description":"","potentialAction":[{"@type":"SearchAction","target":{"@type":"EntryPoint","urlTemplate":"http:\/\/www.isidorolab.com\/public\/?s={search_term_string}"},"query-input":{"@type":"PropertyValueSpecification","valueRequired":true,"valueName":"search_term_string"}}],"inLanguage":"it-IT"},false]}},"yasr_visitor_votes":{"stars_attributes":{"read_only":false,"span_bottom":false},"number_of_votes":0,"sum_votes":0},"_links":{"self":[{"href":"http:\/\/www.isidorolab.com\/public\/index.php\/wp-json\/wp\/v2\/pages\/480","targetHints":{"allow":["GET"]}}],"collection":[{"href":"http:\/\/www.isidorolab.com\/public\/index.php\/wp-json\/wp\/v2\/pages"}],"about":[{"href":"http:\/\/www.isidorolab.com\/public\/index.php\/wp-json\/wp\/v2\/types\/page"}],"author":[{"embeddable":true,"href":"http:\/\/www.isidorolab.com\/public\/index.php\/wp-json\/wp\/v2\/users\/2"}],"replies":[{"embeddable":true,"href":"http:\/\/www.isidorolab.com\/public\/index.php\/wp-json\/wp\/v2\/comments?post=480"}],"version-history":[{"count":15,"href":"http:\/\/www.isidorolab.com\/public\/index.php\/wp-json\/wp\/v2\/pages\/480\/revisions"}],"predecessor-version":[{"id":2517,"href":"http:\/\/www.isidorolab.com\/public\/index.php\/wp-json\/wp\/v2\/pages\/480\/revisions\/2517"}],"up":[{"embeddable":true,"href":"http:\/\/www.isidorolab.com\/public\/index.php\/wp-json\/wp\/v2\/pages\/2503"}],"wp:attachment":[{"href":"http:\/\/www.isidorolab.com\/public\/index.php\/wp-json\/wp\/v2\/media?parent=480"}],"curies":[{"name":"wp","href":"https:\/\/api.w.org\/{rel}","templated":true}]}}