{"id":525,"date":"2015-05-03T16:07:09","date_gmt":"2015-05-03T14:07:09","guid":{"rendered":"https:\/\/isidorolab.wordpress.com\/?page_id=525"},"modified":"2021-07-31T09:04:46","modified_gmt":"2021-07-31T07:04:46","slug":"head-honoris-causa","status":"publish","type":"page","link":"http:\/\/www.isidorolab.com\/public\/index.php\/head\/head-honoris-causa\/","title":{"rendered":"Honoris Causa"},"content":{"rendered":"\t\t<div data-elementor-type=\"wp-page\" data-elementor-id=\"525\" class=\"elementor elementor-525\">\n\t\t\t\t\t\t<section class=\"elementor-section elementor-top-section elementor-element elementor-element-32ddc118 elementor-section-stretched elementor-section-boxed elementor-section-height-default elementor-section-height-default\" data-id=\"32ddc118\" data-element_type=\"section\" data-settings=\"{&quot;stretch_section&quot;:&quot;section-stretched&quot;}\">\n\t\t\t\t\t\t<div class=\"elementor-container elementor-column-gap-default\">\n\t\t\t\t\t<div class=\"elementor-column elementor-col-100 elementor-top-column elementor-element elementor-element-269402e2\" data-id=\"269402e2\" data-element_type=\"column\">\n\t\t\t<div class=\"elementor-widget-wrap elementor-element-populated\">\n\t\t\t\t\t\t<div class=\"elementor-element elementor-element-4df32cd9 elementor-widget elementor-widget-text-editor\" data-id=\"4df32cd9\" data-element_type=\"widget\" data-widget_type=\"text-editor.default\">\n\t\t\t\t\t\t\t\t\t<h3 style=\"text-align: center;\"><span style=\"color: #000080;\"><strong>HONORIS CAUSA Ceremony Sept 22<sup>nd<\/sup>, 2014<\/strong><\/span><\/h3><p>Graduation as <strong><em>Professeur Honoraire de l\u2019<\/em><\/strong> <strong><em>Universit\u00e9 de Franche-Comt\u00e9, Facult\u00e9 de M\u00e9decine et de Pharmacie,\u00a0<\/em><\/strong>Besancon (France).<\/p>\t\t\t\t\t\t\t\t<\/div>\n\t\t\t\t\t<\/div>\n\t\t<\/div>\n\t\t\t\t\t<\/div>\n\t\t<\/section>\n\t\t\t\t<section class=\"elementor-section elementor-top-section elementor-element elementor-element-9f11b8e elementor-section-stretched elementor-section-boxed elementor-section-height-default elementor-section-height-default\" data-id=\"9f11b8e\" data-element_type=\"section\" data-settings=\"{&quot;stretch_section&quot;:&quot;section-stretched&quot;}\">\n\t\t\t\t\t\t<div class=\"elementor-container elementor-column-gap-narrow\">\n\t\t\t\t\t<div class=\"elementor-column elementor-col-100 elementor-top-column elementor-element elementor-element-2b47441\" data-id=\"2b47441\" data-element_type=\"column\">\n\t\t\t<div class=\"elementor-widget-wrap elementor-element-populated\">\n\t\t\t\t\t\t<div class=\"elementor-element elementor-element-1c444a6 elementor-arrows-position-inside elementor-pagination-position-outside elementor-widget elementor-widget-image-carousel\" data-id=\"1c444a6\" data-element_type=\"widget\" data-settings=\"{&quot;slides_to_show&quot;:&quot;1&quot;,&quot;navigation&quot;:&quot;both&quot;,&quot;autoplay&quot;:&quot;yes&quot;,&quot;pause_on_hover&quot;:&quot;yes&quot;,&quot;pause_on_interaction&quot;:&quot;yes&quot;,&quot;autoplay_speed&quot;:5000,&quot;infinite&quot;:&quot;yes&quot;,&quot;effect&quot;:&quot;slide&quot;,&quot;speed&quot;:500}\" data-widget_type=\"image-carousel.default\">\n\t\t\t\t\t\t\t<div class=\"elementor-image-carousel-wrapper swiper\" role=\"region\" aria-roledescription=\"carousel\" aria-label=\"Carosello d&#039;immagini\" dir=\"ltr\">\n\t\t\t<div class=\"elementor-image-carousel swiper-wrapper swiper-image-stretch\" aria-live=\"off\">\n\t\t\t\t\t\t\t\t<div class=\"swiper-slide\" role=\"group\" aria-roledescription=\"slide\" aria-label=\"1 di 4\"><figure class=\"swiper-slide-inner\"><img decoding=\"async\" class=\"swiper-slide-image\" src=\"http:\/\/www.isidorolab.com\/public\/wp-content\/uploads\/2015\/05\/Prof.-Isidoro-Humbert-Jacqueline-A-Vuitton-Dr-Prazert-Dr-Bohuanna-1024x765.jpg\" alt=\"Graduation as Professeur Honoraire de l\u2019 Universit\u00e9 de Franche-Comt\u00e9, Facult\u00e9 de M\u00e9decine et de Pharmacie,\u00a0Besancon 2014 (France).\" \/><\/figure><\/div><div class=\"swiper-slide\" role=\"group\" aria-roledescription=\"slide\" aria-label=\"2 di 4\"><figure class=\"swiper-slide-inner\"><img decoding=\"async\" class=\"swiper-slide-image\" src=\"http:\/\/www.isidorolab.com\/public\/wp-content\/uploads\/2015\/05\/CerimonieHC-3-famiglia-e-Prof-Humbert-1024x768.jpg\" alt=\"cerimoniehc-3-famiglia-e-prof-humbert\" \/><\/figure><\/div><div class=\"swiper-slide\" role=\"group\" aria-roledescription=\"slide\" aria-label=\"3 di 4\"><figure class=\"swiper-slide-inner\"><img decoding=\"async\" class=\"swiper-slide-image\" src=\"http:\/\/www.isidorolab.com\/public\/wp-content\/uploads\/2015\/05\/CerimonieHonorisCausa-group-photo2-1024x768.jpg\" alt=\"Graduation as Professeur Honoraire de l\u2019 Universit\u00e9 de Franche-Comt\u00e9, Facult\u00e9 de M\u00e9decine et de Pharmacie, Besancon 2014 (France).\" \/><\/figure><\/div><div class=\"swiper-slide\" role=\"group\" aria-roledescription=\"slide\" aria-label=\"4 di 4\"><figure class=\"swiper-slide-inner\"><img decoding=\"async\" class=\"swiper-slide-image\" src=\"http:\/\/www.isidorolab.com\/public\/wp-content\/uploads\/2015\/05\/ConsegnaDiplomaHC-ProfIsidoro-1-1024x768.jpg\" alt=\"consegnadiplomahc-profisidoro-1\" \/><\/figure><\/div>\t\t\t<\/div>\n\t\t\t\t\t\t\t\t\t\t\t\t<div class=\"elementor-swiper-button elementor-swiper-button-prev\" role=\"button\" tabindex=\"0\">\n\t\t\t\t\t\t<i aria-hidden=\"true\" class=\"eicon-chevron-left\"><\/i>\t\t\t\t\t<\/div>\n\t\t\t\t\t<div class=\"elementor-swiper-button elementor-swiper-button-next\" role=\"button\" tabindex=\"0\">\n\t\t\t\t\t\t<i aria-hidden=\"true\" class=\"eicon-chevron-right\"><\/i>\t\t\t\t\t<\/div>\n\t\t\t\t\n\t\t\t\t\t\t\t\t\t<div class=\"swiper-pagination\"><\/div>\n\t\t\t\t\t\t\t\t\t<\/div>\n\t\t\t\t\t\t<\/div>\n\t\t\t\t\t<\/div>\n\t\t<\/div>\n\t\t\t\t\t<\/div>\n\t\t<\/section>\n\t\t\t\t<\/div>\n\t\t<div style='text-align:center' class='yasr-auto-insert-visitor'><!--Yasr Visitor Votes Shortcode--><div id='yasr_visitor_votes_b960fe630a23d' class='yasr-visitor-votes'><div class=\"yasr-custom-text-vv-before yasr-custom-text-vv-before-525\">Clicca per votare questo articolo!<\/div><div id='yasr-vv-second-row-container-b960fe630a23d'\r\n                                        class='yasr-vv-second-row-container'><div id='yasr-visitor-votes-rater-b960fe630a23d'\r\n                                      class='yasr-rater-stars-vv'\r\n                                      data-rater-postid='525'\r\n                                      data-rating='0'\r\n                                      data-rater-starsize='32'\r\n                                      data-rater-readonly='false'\r\n                                      data-rater-nonce='13d27f6159'\r\n                                      data-issingular='false'\r\n                                    ><\/div><div class=\"yasr-vv-stats-text-container\" id=\"yasr-vv-stats-text-container-b960fe630a23d\"><svg xmlns=\"https:\/\/www.w3.org\/2000\/svg\" width=\"20\" height=\"20\"\r\n                                   class=\"yasr-dashicons-visitor-stats\"\r\n                                   data-postid=\"525\"\r\n                                   id=\"yasr-stats-dashicon-b960fe630a23d\">\r\n                                   <path d=\"M18 18v-16h-4v16h4zM12 18v-11h-4v11h4zM6 18v-8h-4v8h4z\"><\/path>\r\n                               <\/svg><span id=\"yasr-vv-text-container-b960fe630a23d\" class=\"yasr-vv-text-container\">[Total: <span id=\"yasr-vv-votes-number-container-b960fe630a23d\">0<\/span>  Average: <span id=\"yasr-vv-average-container-b960fe630a23d\">0<\/span>]<\/span><\/div><div id='yasr-vv-loader-b960fe630a23d' class='yasr-vv-container-loader'><\/div><\/div><div id='yasr-vv-bottom-container-b960fe630a23d' class='yasr-vv-bottom-container'><\/div><\/div><!--End Yasr Visitor Votes Shortcode--><\/div>","protected":false},"excerpt":{"rendered":"<p>HONORIS CAUSA Ceremony Sept 22nd, 2014 Graduation as Professeur Honoraire de l\u2019 Universit\u00e9 de Franche-Comt\u00e9, Facult\u00e9 de M\u00e9decine et de Pharmacie,\u00a0Besancon (France). Precedente Successivo Clicca per votare questo articolo! [Total: 0 Average: 0]<\/p>\n","protected":false},"author":2,"featured_media":0,"parent":460,"menu_order":0,"comment_status":"closed","ping_status":"closed","template":"","meta":{"yasr_overall_rating":0,"yasr_post_is_review":"","yasr_auto_insert_disabled":"","yasr_review_type":"","footnotes":""},"class_list":["post-525","page","type-page","status-publish","hentry"],"yoast_head":"<!-- This site is optimized with the Yoast SEO plugin v26.8 - https:\/\/yoast.com\/product\/yoast-seo-wordpress\/ -->\r\n<title>Honoris Causa - IsidoroLab<\/title>\r\n<meta name=\"robots\" content=\"index, follow, max-snippet:-1, max-image-preview:large, max-video-preview:-1\" \/>\r\n<link rel=\"canonical\" href=\"https:\/\/www.isidorolab.com\/public\/index.php\/head\/head-honoris-causa\/\" \/>\r\n<meta property=\"og:locale\" content=\"it_IT\" \/>\r\n<meta property=\"og:type\" content=\"article\" \/>\r\n<meta property=\"og:title\" content=\"Honoris Causa - IsidoroLab\" \/>\r\n<meta property=\"og:description\" content=\"HONORIS CAUSA Ceremony Sept 22nd, 2014 Graduation as Professeur Honoraire de l\u2019 Universit\u00e9 de Franche-Comt\u00e9, Facult\u00e9 de M\u00e9decine et de Pharmacie,\u00a0Besancon (France). Precedente Successivo Clicca per votare questo articolo! [Total: 0 Average: 0]\" \/>\r\n<meta property=\"og:url\" content=\"https:\/\/www.isidorolab.com\/public\/index.php\/head\/head-honoris-causa\/\" \/>\r\n<meta property=\"og:site_name\" content=\"IsidoroLab\" \/>\r\n<meta property=\"article:modified_time\" content=\"2021-07-31T07:04:46+00:00\" \/>\r\n<meta property=\"og:image\" content=\"http:\/\/www.isidorolab.com\/public\/wp-content\/uploads\/2015\/05\/Prof.-Isidoro-Humbert-Jacqueline-A-Vuitton-Dr-Prazert-Dr-Bohuanna-1024x765.jpg\" \/>\r\n<meta name=\"twitter:card\" content=\"summary_large_image\" \/>\r\n<script type=\"application\/ld+json\" class=\"yoast-schema-graph\">{\"@context\":\"https:\/\/schema.org\",\"@graph\":[{\"@type\":\"WebPage\",\"@id\":\"https:\/\/www.isidorolab.com\/public\/index.php\/head\/head-honoris-causa\/\",\"url\":\"https:\/\/www.isidorolab.com\/public\/index.php\/head\/head-honoris-causa\/\",\"name\":\"Honoris Causa - IsidoroLab\",\"isPartOf\":{\"@id\":\"http:\/\/www.isidorolab.com\/public\/#website\"},\"primaryImageOfPage\":{\"@id\":\"https:\/\/www.isidorolab.com\/public\/index.php\/head\/head-honoris-causa\/#primaryimage\"},\"image\":{\"@id\":\"https:\/\/www.isidorolab.com\/public\/index.php\/head\/head-honoris-causa\/#primaryimage\"},\"thumbnailUrl\":\"http:\/\/www.isidorolab.com\/public\/wp-content\/uploads\/2015\/05\/Prof.-Isidoro-Humbert-Jacqueline-A-Vuitton-Dr-Prazert-Dr-Bohuanna-1024x765.jpg\",\"datePublished\":\"2015-05-03T14:07:09+00:00\",\"dateModified\":\"2021-07-31T07:04:46+00:00\",\"breadcrumb\":{\"@id\":\"https:\/\/www.isidorolab.com\/public\/index.php\/head\/head-honoris-causa\/#breadcrumb\"},\"inLanguage\":\"it-IT\",\"potentialAction\":[{\"@type\":\"ReadAction\",\"target\":[\"https:\/\/www.isidorolab.com\/public\/index.php\/head\/head-honoris-causa\/\"]}]},{\"@type\":\"ImageObject\",\"inLanguage\":\"it-IT\",\"@id\":\"https:\/\/www.isidorolab.com\/public\/index.php\/head\/head-honoris-causa\/#primaryimage\",\"url\":\"http:\/\/www.isidorolab.com\/public\/wp-content\/uploads\/2015\/05\/Prof.-Isidoro-Humbert-Jacqueline-A-Vuitton-Dr-Prazert-Dr-Bohuanna.jpg\",\"contentUrl\":\"http:\/\/www.isidorolab.com\/public\/wp-content\/uploads\/2015\/05\/Prof.-Isidoro-Humbert-Jacqueline-A-Vuitton-Dr-Prazert-Dr-Bohuanna.jpg\",\"width\":1280,\"height\":956,\"caption\":\"Graduation as Professeur Honoraire de l\u2019 Universit\u00e9 de Franche-Comt\u00e9, Facult\u00e9 de M\u00e9decine et de Pharmacie,\u00a0Besancon 2014 (France).\"},{\"@type\":\"BreadcrumbList\",\"@id\":\"https:\/\/www.isidorolab.com\/public\/index.php\/head\/head-honoris-causa\/#breadcrumb\",\"itemListElement\":[{\"@type\":\"ListItem\",\"position\":1,\"name\":\"Home\",\"item\":\"http:\/\/www.isidorolab.com\/public\/\"},{\"@type\":\"ListItem\",\"position\":2,\"name\":\"Head\",\"item\":\"http:\/\/www.isidorolab.com\/public\/index.php\/head\/\"},{\"@type\":\"ListItem\",\"position\":3,\"name\":\"Honoris Causa\"}]},{\"@type\":\"WebSite\",\"@id\":\"http:\/\/www.isidorolab.com\/public\/#website\",\"url\":\"http:\/\/www.isidorolab.com\/public\/\",\"name\":\"IsidoroLab\",\"description\":\"\",\"potentialAction\":[{\"@type\":\"SearchAction\",\"target\":{\"@type\":\"EntryPoint\",\"urlTemplate\":\"http:\/\/www.isidorolab.com\/public\/?s={search_term_string}\"},\"query-input\":{\"@type\":\"PropertyValueSpecification\",\"valueRequired\":true,\"valueName\":\"search_term_string\"}}],\"inLanguage\":\"it-IT\"},false]}<\/script>\r\n<!-- \/ Yoast SEO plugin. -->","yoast_head_json":{"title":"Honoris Causa - IsidoroLab","robots":{"index":"index","follow":"follow","max-snippet":"max-snippet:-1","max-image-preview":"max-image-preview:large","max-video-preview":"max-video-preview:-1"},"canonical":"https:\/\/www.isidorolab.com\/public\/index.php\/head\/head-honoris-causa\/","og_locale":"it_IT","og_type":"article","og_title":"Honoris Causa - IsidoroLab","og_description":"HONORIS CAUSA Ceremony Sept 22nd, 2014 Graduation as Professeur Honoraire de l\u2019 Universit\u00e9 de Franche-Comt\u00e9, Facult\u00e9 de M\u00e9decine et de Pharmacie,\u00a0Besancon (France). Precedente Successivo Clicca per votare questo articolo! [Total: 0 Average: 0]","og_url":"https:\/\/www.isidorolab.com\/public\/index.php\/head\/head-honoris-causa\/","og_site_name":"IsidoroLab","article_modified_time":"2021-07-31T07:04:46+00:00","og_image":[{"url":"http:\/\/www.isidorolab.com\/public\/wp-content\/uploads\/2015\/05\/Prof.-Isidoro-Humbert-Jacqueline-A-Vuitton-Dr-Prazert-Dr-Bohuanna-1024x765.jpg","type":"","width":"","height":""}],"twitter_card":"summary_large_image","schema":{"@context":"https:\/\/schema.org","@graph":[{"@type":"WebPage","@id":"https:\/\/www.isidorolab.com\/public\/index.php\/head\/head-honoris-causa\/","url":"https:\/\/www.isidorolab.com\/public\/index.php\/head\/head-honoris-causa\/","name":"Honoris Causa - IsidoroLab","isPartOf":{"@id":"http:\/\/www.isidorolab.com\/public\/#website"},"primaryImageOfPage":{"@id":"https:\/\/www.isidorolab.com\/public\/index.php\/head\/head-honoris-causa\/#primaryimage"},"image":{"@id":"https:\/\/www.isidorolab.com\/public\/index.php\/head\/head-honoris-causa\/#primaryimage"},"thumbnailUrl":"http:\/\/www.isidorolab.com\/public\/wp-content\/uploads\/2015\/05\/Prof.-Isidoro-Humbert-Jacqueline-A-Vuitton-Dr-Prazert-Dr-Bohuanna-1024x765.jpg","datePublished":"2015-05-03T14:07:09+00:00","dateModified":"2021-07-31T07:04:46+00:00","breadcrumb":{"@id":"https:\/\/www.isidorolab.com\/public\/index.php\/head\/head-honoris-causa\/#breadcrumb"},"inLanguage":"it-IT","potentialAction":[{"@type":"ReadAction","target":["https:\/\/www.isidorolab.com\/public\/index.php\/head\/head-honoris-causa\/"]}]},{"@type":"ImageObject","inLanguage":"it-IT","@id":"https:\/\/www.isidorolab.com\/public\/index.php\/head\/head-honoris-causa\/#primaryimage","url":"http:\/\/www.isidorolab.com\/public\/wp-content\/uploads\/2015\/05\/Prof.-Isidoro-Humbert-Jacqueline-A-Vuitton-Dr-Prazert-Dr-Bohuanna.jpg","contentUrl":"http:\/\/www.isidorolab.com\/public\/wp-content\/uploads\/2015\/05\/Prof.-Isidoro-Humbert-Jacqueline-A-Vuitton-Dr-Prazert-Dr-Bohuanna.jpg","width":1280,"height":956,"caption":"Graduation as Professeur Honoraire de l\u2019 Universit\u00e9 de Franche-Comt\u00e9, Facult\u00e9 de M\u00e9decine et de Pharmacie,\u00a0Besancon 2014 (France)."},{"@type":"BreadcrumbList","@id":"https:\/\/www.isidorolab.com\/public\/index.php\/head\/head-honoris-causa\/#breadcrumb","itemListElement":[{"@type":"ListItem","position":1,"name":"Home","item":"http:\/\/www.isidorolab.com\/public\/"},{"@type":"ListItem","position":2,"name":"Head","item":"http:\/\/www.isidorolab.com\/public\/index.php\/head\/"},{"@type":"ListItem","position":3,"name":"Honoris Causa"}]},{"@type":"WebSite","@id":"http:\/\/www.isidorolab.com\/public\/#website","url":"http:\/\/www.isidorolab.com\/public\/","name":"IsidoroLab","description":"","potentialAction":[{"@type":"SearchAction","target":{"@type":"EntryPoint","urlTemplate":"http:\/\/www.isidorolab.com\/public\/?s={search_term_string}"},"query-input":{"@type":"PropertyValueSpecification","valueRequired":true,"valueName":"search_term_string"}}],"inLanguage":"it-IT"},false]}},"yasr_visitor_votes":{"stars_attributes":{"read_only":false,"span_bottom":false},"number_of_votes":0,"sum_votes":0},"_links":{"self":[{"href":"http:\/\/www.isidorolab.com\/public\/index.php\/wp-json\/wp\/v2\/pages\/525","targetHints":{"allow":["GET"]}}],"collection":[{"href":"http:\/\/www.isidorolab.com\/public\/index.php\/wp-json\/wp\/v2\/pages"}],"about":[{"href":"http:\/\/www.isidorolab.com\/public\/index.php\/wp-json\/wp\/v2\/types\/page"}],"author":[{"embeddable":true,"href":"http:\/\/www.isidorolab.com\/public\/index.php\/wp-json\/wp\/v2\/users\/2"}],"replies":[{"embeddable":true,"href":"http:\/\/www.isidorolab.com\/public\/index.php\/wp-json\/wp\/v2\/comments?post=525"}],"version-history":[{"count":7,"href":"http:\/\/www.isidorolab.com\/public\/index.php\/wp-json\/wp\/v2\/pages\/525\/revisions"}],"predecessor-version":[{"id":2314,"href":"http:\/\/www.isidorolab.com\/public\/index.php\/wp-json\/wp\/v2\/pages\/525\/revisions\/2314"}],"up":[{"embeddable":true,"href":"http:\/\/www.isidorolab.com\/public\/index.php\/wp-json\/wp\/v2\/pages\/460"}],"wp:attachment":[{"href":"http:\/\/www.isidorolab.com\/public\/index.php\/wp-json\/wp\/v2\/media?parent=525"}],"curies":[{"name":"wp","href":"https:\/\/api.w.org\/{rel}","templated":true}]}}