{"id":578,"date":"2016-05-08T16:23:44","date_gmt":"2016-05-08T14:23:44","guid":{"rendered":"https:\/\/isidorolab.wordpress.com\/?page_id=578"},"modified":"2021-09-03T13:11:22","modified_gmt":"2021-09-03T11:11:22","slug":"medicina-complementare-e-integrativa","status":"publish","type":"page","link":"http:\/\/www.isidorolab.com\/public\/index.php\/medicina-complementare-e-integrativa\/","title":{"rendered":"Medicina complementare e integrativa"},"content":{"rendered":"\t\t<div data-elementor-type=\"wp-page\" data-elementor-id=\"578\" class=\"elementor elementor-578\">\n\t\t\t\t\t\t<section class=\"elementor-section elementor-top-section elementor-element elementor-element-57ddf23b elementor-section-stretched elementor-section-boxed elementor-section-height-default elementor-section-height-default\" data-id=\"57ddf23b\" data-element_type=\"section\" data-settings=\"{&quot;stretch_section&quot;:&quot;section-stretched&quot;}\">\n\t\t\t\t\t\t<div class=\"elementor-container elementor-column-gap-narrow\">\n\t\t\t\t\t<div class=\"elementor-column elementor-col-100 elementor-top-column elementor-element elementor-element-348ea18a\" data-id=\"348ea18a\" data-element_type=\"column\">\n\t\t\t<div class=\"elementor-widget-wrap elementor-element-populated\">\n\t\t\t\t\t\t<div class=\"elementor-element elementor-element-3714daf6 elementor-widget elementor-widget-text-editor\" data-id=\"3714daf6\" data-element_type=\"widget\" data-widget_type=\"text-editor.default\">\n\t\t\t\t\t\t\t\t\t<h3 style=\"text-align: center;\"><strong><span style=\"color: #000080;\">Cosa E&#8217; e cosa NON E&#8217; la Medicina Complementare e Integrativa?<\/span><br \/><\/strong><\/h3><p>\u00a0<\/p><p>Diciamo subito cosa non \u00e8: la <em><strong>Medicina Complementare e Integrativa<\/strong><\/em> <span style=\"text-decoration: underline;\">NON<\/span> \u00e8 una &#8220;<span style=\"text-decoration: underline;\"><em>Alternativa alla Medicina<\/em><\/span>&#8221; per il semplice fatto che non c&#8217;\u00e8 una <em>alternativa<\/em> alla Medicina !<\/p><p>L&#8217;alternativa alla Medicina \u00e8 &#8216;magia&#8217; (nel suo significato moderno di atti e fatti inspiegabili e irrazionali), \u00e8 &#8216;fede&#8217; (nel suo significato religioso di speranza nel miracolo), \u00e8 &#8216;creduloneria&#8217; (nel suo significato di annullamento ingenuo di qualsiasi senso critico).<\/p><p>I &#8220;ciarlatani&#8221; e i &#8220;Medici-fai-da-te con Google&#8221; (quelli che trovano rimedi su internet, anzich\u00e9 studiare sui libri e con un buon docente), giocano sull&#8217;equivoco &#8220;Medicina Alternativa = Alternativa alla Medicina&#8221; (Alternative Medicine = Alternative to Medicine).<\/p><p>Ma, la <em><strong>Medicina Complementare e Alternativa<\/strong><\/em> (<strong>CAM<\/strong>, Complementary and Alternative Medicine) e la <em><strong>Medicina Complementare e Integrativa<\/strong><\/em>\u00a0 (Complementary and Integrative Medicine) hanno proprie basi scientifiche e si fondano su ricerche sperimentali, finanziate da Enti pubblici governativi (esempio, l&#8217;NIH negli Stati Uniti), e\u00a0si insegnano e praticano anche in molte\u00a0Universit\u00e0 (negli Stati Uniti e in Europa, oltre che in Asia).<\/p><p>La <em><strong>Medicina Complementare e Integrativa<\/strong>\u00a0<\/em>non \u00e8 &#8216;erboristeria&#8217; (che infatti medicina non \u00e8 !), non \u00e8 &#8216;naturopatia&#8217; (che medicina non \u00e8 !).<\/p><p>Un discorso a parte merita la &#8216;Medicina Omeopatica&#8217;: qui il principio attivo farmacologico \u00e8 praticamente inesistente (data l&#8217;elevata diluizione del preparato), e dunque qualsiasi effetto positivo \u00a0riportato dal paziente non \u00e8 riconducibile ad azioni fisiopatologiche (e tanto meno biochimiche) ma possibilmente ad azioni psicologiche (come da placebo), mentre gli effetti negativi sono verosimilmente attribuibili al progredire della malattia non curata.<\/p><p>Le tante cosiddette (e sedicenti)\u00a0<em>Medicine Alternative <\/em>(nel senso di Alternative alla Medicina) forniscono soluzioni fondate su &#8216;credenze&#8217; e &#8216;pratiche&#8217; (anche di natura religiosa o magica-rituale) che si rifanno all&#8217;esperienza antica e che si sono consolidate nella tradizione. Per esempio, per guarire dal cancro o da patologie autoimmunitarie croniche o da malattie neuro-muscolodegenerative, anzich\u00e9 farsi curare da un buon medico-chirurgo, si puo&#8217; scegliere tra le seguenti &#8220;<em>terapie&#8221;<\/em> <em>alternative<\/em>: &#8220;osservare il Sole all&#8217;alba con i piedi nudi sull&#8217;erba ancora umida di rugiada&#8221;, &#8220;dormire supini con la testa orientata a Nord&#8221;, &#8220;tenere appeso al collo una pietra minerale particolare (personale)&#8221;, &#8220;bere un bicchiere\u00a0di T\u00e9 verde in acqua dinamo-magnetizzata ogni due ore, dall&#8217;alba al tramonto&#8221;, e similari.<\/p><p>L&#8217;infondatezza scientifica (e non solo scientifica!) di questi trattamenti \u00e8 ovvia, e non richiede commenti. Ma il vero pericolo \u00e8 che questi trattamenti, sostitutivi di quelli efficaci della Medicina, siano poi causa di aggravamento della malattia.<\/p><p>Gli <em>pseduo-medici<\/em> <em>guaritori<\/em>\u00a0fai-da-te con Google (che studiare sui libri universitari \u00e8\u00a0inutile e fuorviante!) sottolineano con negativit\u00e0 il fatto\u00a0che spesso i <strong>medici ortodossi<\/strong> hanno opinioni diverse o cambiano essi stessi idea sulla diagnosi e sul trattamento da somministrare al paziente nel corso della malattia.<\/p><p>Questa \u00e8 pero&#8217; una critica invero positiva.<\/p><p>La Medicina (moderna) \u00e8 infatti\u00a0una Scienza\u00a0in continua evoluzione e soggetta a continua revisione critica. I medici che si mantengono in continuo aggiornamento bene fanno a modificare la propria opinione a riguardo del miglior trattamento da somministrare al paziente, anche in considerazione dell&#8217;evoluzione della malattia.<\/p><p>Negli ultimi vent&#8217;anni, dalla Medicina Generale si \u00e8 passati alla Medicina di Genere (distinguendo tra pazienti maschio e femmina), alla Etno-Medicina (riconoscendo le differenze genetiche e epigenetiche, di ambiente, di alimentazione e di stile di vita tra pazienti di aree geografiche diverse), alla Medicina Personalizzata (basata sulle caratteristiche genomiche del paziente), e infine alla Medicina di Precisione (basata sull&#8217;esatta conoscenza dell&#8217;interazione tra il patogeno e i fattori genetici e metabolici del paziente).<\/p><p>Di seguito, un breve percorso di come si \u00e8 evoluta la Medicina Moderna.<\/p><p>Nel 1858 il medico e Patologo tedesco Rudolf Virchow (1821-1902) pubblica il libro &#8220;<em>La patologia cellulare nella sua fondazione dall&#8217;istologia patologica e fisiologica<\/em>&#8220;. In questo libro, Egli dimostra che la &#8216;malattia&#8217; \u00e8 il risultato di alterazioni che avvengono nei tessuti e nelle cellule, una conferma di quanto Giovan Battista Morgagni, Marie Francois Xavier-Bichat e altri scienziati avevano cominciato a intuire. L&#8217;insegnamento di Rudolf Virchow segna la definitiva rottura con l&#8217;impostazione sino ad allora seguita della diagnosi e della terapia basata sulla teoria umorale di Ippocrate di Coo (460-370 a.C.) e Galeno di Pergamo (129-199).<\/p><p>Nel 1865 il fisiologo francese Claude Bernard (1813-1878), docente alla Sorbona, pubblica il libro <i>Un&#8217;introduzione allo studio della medicina sperimentale\u00a0<\/i>in cui viene sancito un\u00a0nuovo metodo di studio delle malattie basato sulla sperimentazione come prova dell&#8217;ipotesi diagnostica.<\/p><p>La Medicina \u00e8 \u00a0dunque una Scienza Sperimentale che fonda i suoi principi diagnostici e terapeutici sulle conoscenze che vengono man mano acquisite dei meccanismi di malattia, di come essa si sviluppa, evolve e si manifesta e di come essa si modifica in corso di trattamento terapeutico.<\/p><p>Non deve sorprendere\u00a0il fatto che &#8216;vecchi&#8217; sintomi (i segni della malattia) possano essere inquadrati in &#8216;nuove&#8217; malattie e che nuove cure vengano proposte per &#8216;vecchie&#8217; malattie. Cos\u00ec come possiamo e dobbiamo riconoscere i tanti errori commessi in passato nella diagnosi e terapia di malattie che oggi curiamo con metodi diversi. Come si \u00e8 detto sopra, la Medicina \u00e8 una Scienza sperimentale in continua evoluzione, che adatta il suo approccio diagnostico e terapeutico alle conoscenze che man mano acquisiamo sui meccanismi di malattia.<\/p><p>La <em><strong>Medicina Complementare e Integrativa<\/strong> <\/em>\u00e8 appunto questo: una Medicina che &#8216;complementa&#8217; e &#8216;integra&#8217; i trattamenti terapeutici tenendo conto delle nuove acquisizioni scientifiche. \u00a0<em>Complementare\u00a0<\/em>perch\u00e9 si aggiunge e non si sostituisce i<em>n toto<\/em>, ma al pi\u00f9 pu\u00f2 sostituirsi in parte del percorso terapeutico quando pu\u00f2 offrire risultati migliori (in questo senso \u00e8 <em>Medicina Alternativa<\/em>). La Medicina Complementare e Integrativa consiste nell&#8217;affiancamento terapeutico con trattamenti fisici e nutrizionali di supporto e di rafforzo, che favoriscono il recupero funzionale degli organi affetti e, in particolare, dei sistemi immunitario e neuro-endocrino. Appare evidente che questi trattamenti possono risultare efficaci nella prevenzione e nella cura solo nel lungo periodo, ma non possono avere effetti risolutivi immediati.\u00a0Per essere chiari, non vi \u00e8 alternativa laddove l&#8217;intervento chirurgico \u00e8 necessario e risolutivo ! Non vi \u00e8 alternativa all&#8217;uso dell&#8217;antibiotico laddove vi sia una infezione con rischio di setticemia!<\/p><p>La Medicina cura, spesso guarisce, e talora fallisce. La Medicina, d&#8217;altronde,\u00a0non \u00e8 miracolosa.\u00a0Se coadiuvata da terapie Complementari e Integrative adeguate, le probabilit\u00e0 di\u00a0guarigione possono aumentare.<\/p>\t\t\t\t\t\t\t\t<\/div>\n\t\t\t\t\t<\/div>\n\t\t<\/div>\n\t\t\t\t\t<\/div>\n\t\t<\/section>\n\t\t\t\t<\/div>\n\t\t<div style='text-align:center' class='yasr-auto-insert-visitor'><!--Yasr Visitor Votes Shortcode--><div id='yasr_visitor_votes_640311996e351' class='yasr-visitor-votes'><div class=\"yasr-custom-text-vv-before yasr-custom-text-vv-before-578\">Clicca per votare questo articolo!<\/div><div id='yasr-vv-second-row-container-640311996e351'\r\n                                        class='yasr-vv-second-row-container'><div id='yasr-visitor-votes-rater-640311996e351'\r\n                                      class='yasr-rater-stars-vv'\r\n                                      data-rater-postid='578'\r\n                                      data-rating='0'\r\n                                      data-rater-starsize='32'\r\n                                      data-rater-readonly='false'\r\n                                      data-rater-nonce='13d27f6159'\r\n                                      data-issingular='false'\r\n                                    ><\/div><div class=\"yasr-vv-stats-text-container\" id=\"yasr-vv-stats-text-container-640311996e351\"><svg xmlns=\"https:\/\/www.w3.org\/2000\/svg\" width=\"20\" height=\"20\"\r\n                                   class=\"yasr-dashicons-visitor-stats\"\r\n                                   data-postid=\"578\"\r\n                                   id=\"yasr-stats-dashicon-640311996e351\">\r\n                                   <path d=\"M18 18v-16h-4v16h4zM12 18v-11h-4v11h4zM6 18v-8h-4v8h4z\"><\/path>\r\n                               <\/svg><span id=\"yasr-vv-text-container-640311996e351\" class=\"yasr-vv-text-container\">[Total: <span id=\"yasr-vv-votes-number-container-640311996e351\">0<\/span>  Average: <span id=\"yasr-vv-average-container-640311996e351\">0<\/span>]<\/span><\/div><div id='yasr-vv-loader-640311996e351' class='yasr-vv-container-loader'><\/div><\/div><div id='yasr-vv-bottom-container-640311996e351' class='yasr-vv-bottom-container'><\/div><\/div><!--End Yasr Visitor Votes Shortcode--><\/div>","protected":false},"excerpt":{"rendered":"<p>Cosa E&#8217; e cosa NON E&#8217; la Medicina Complementare e Integrativa? \u00a0 Diciamo subito cosa non \u00e8: la Medicina Complementare e Integrativa NON \u00e8 una &#8220;Alternativa alla Medicina&#8221; per il semplice fatto che non c&#8217;\u00e8 una alternativa alla Medicina ! L&#8217;alternativa alla Medicina \u00e8 &#8216;magia&#8217; (nel suo significato moderno di atti e fatti inspiegabili e&hellip;<\/p>\n","protected":false},"author":2,"featured_media":0,"parent":0,"menu_order":0,"comment_status":"closed","ping_status":"open","template":"","meta":{"yasr_overall_rating":0,"yasr_post_is_review":"","yasr_auto_insert_disabled":"","yasr_review_type":"","footnotes":""},"class_list":["post-578","page","type-page","status-publish","hentry"],"yoast_head":"<!-- This site is optimized with the Yoast SEO plugin v26.8 - https:\/\/yoast.com\/product\/yoast-seo-wordpress\/ -->\r\n<title>Medicina complementare e integrativa - IsidoroLab<\/title>\r\n<meta name=\"robots\" content=\"index, follow, max-snippet:-1, max-image-preview:large, max-video-preview:-1\" \/>\r\n<link rel=\"canonical\" href=\"https:\/\/www.isidorolab.com\/public\/index.php\/medicina-complementare-e-integrativa\/\" \/>\r\n<meta property=\"og:locale\" content=\"it_IT\" \/>\r\n<meta property=\"og:type\" content=\"article\" \/>\r\n<meta property=\"og:title\" content=\"Medicina complementare e integrativa - IsidoroLab\" \/>\r\n<meta property=\"og:description\" content=\"Cosa E&#8217; e cosa NON E&#8217; la Medicina Complementare e Integrativa? \u00a0 Diciamo subito cosa non \u00e8: la Medicina Complementare e Integrativa NON \u00e8 una &#8220;Alternativa alla Medicina&#8221; per il semplice fatto che non c&#8217;\u00e8 una alternativa alla Medicina ! L&#8217;alternativa alla Medicina \u00e8 &#8216;magia&#8217; (nel suo significato moderno di atti e fatti inspiegabili e&hellip;\" \/>\r\n<meta property=\"og:url\" content=\"https:\/\/www.isidorolab.com\/public\/index.php\/medicina-complementare-e-integrativa\/\" \/>\r\n<meta property=\"og:site_name\" content=\"IsidoroLab\" \/>\r\n<meta property=\"article:modified_time\" content=\"2021-09-03T11:11:22+00:00\" \/>\r\n<meta name=\"twitter:card\" content=\"summary_large_image\" \/>\r\n<meta name=\"twitter:label1\" content=\"Tempo di lettura stimato\" \/>\n\t<meta name=\"twitter:data1\" content=\"5 minuti\" \/>\r\n<script type=\"application\/ld+json\" class=\"yoast-schema-graph\">{\"@context\":\"https:\/\/schema.org\",\"@graph\":[{\"@type\":\"WebPage\",\"@id\":\"https:\/\/www.isidorolab.com\/public\/index.php\/medicina-complementare-e-integrativa\/\",\"url\":\"https:\/\/www.isidorolab.com\/public\/index.php\/medicina-complementare-e-integrativa\/\",\"name\":\"Medicina complementare e integrativa - IsidoroLab\",\"isPartOf\":{\"@id\":\"http:\/\/www.isidorolab.com\/public\/#website\"},\"datePublished\":\"2016-05-08T14:23:44+00:00\",\"dateModified\":\"2021-09-03T11:11:22+00:00\",\"breadcrumb\":{\"@id\":\"https:\/\/www.isidorolab.com\/public\/index.php\/medicina-complementare-e-integrativa\/#breadcrumb\"},\"inLanguage\":\"it-IT\",\"potentialAction\":[{\"@type\":\"ReadAction\",\"target\":[\"https:\/\/www.isidorolab.com\/public\/index.php\/medicina-complementare-e-integrativa\/\"]}]},{\"@type\":\"BreadcrumbList\",\"@id\":\"https:\/\/www.isidorolab.com\/public\/index.php\/medicina-complementare-e-integrativa\/#breadcrumb\",\"itemListElement\":[{\"@type\":\"ListItem\",\"position\":1,\"name\":\"Home\",\"item\":\"http:\/\/www.isidorolab.com\/public\/\"},{\"@type\":\"ListItem\",\"position\":2,\"name\":\"Medicina complementare e integrativa\"}]},{\"@type\":\"WebSite\",\"@id\":\"http:\/\/www.isidorolab.com\/public\/#website\",\"url\":\"http:\/\/www.isidorolab.com\/public\/\",\"name\":\"IsidoroLab\",\"description\":\"\",\"potentialAction\":[{\"@type\":\"SearchAction\",\"target\":{\"@type\":\"EntryPoint\",\"urlTemplate\":\"http:\/\/www.isidorolab.com\/public\/?s={search_term_string}\"},\"query-input\":{\"@type\":\"PropertyValueSpecification\",\"valueRequired\":true,\"valueName\":\"search_term_string\"}}],\"inLanguage\":\"it-IT\"},false]}<\/script>\r\n<!-- \/ Yoast SEO plugin. -->","yoast_head_json":{"title":"Medicina complementare e integrativa - IsidoroLab","robots":{"index":"index","follow":"follow","max-snippet":"max-snippet:-1","max-image-preview":"max-image-preview:large","max-video-preview":"max-video-preview:-1"},"canonical":"https:\/\/www.isidorolab.com\/public\/index.php\/medicina-complementare-e-integrativa\/","og_locale":"it_IT","og_type":"article","og_title":"Medicina complementare e integrativa - IsidoroLab","og_description":"Cosa E&#8217; e cosa NON E&#8217; la Medicina Complementare e Integrativa? \u00a0 Diciamo subito cosa non \u00e8: la Medicina Complementare e Integrativa NON \u00e8 una &#8220;Alternativa alla Medicina&#8221; per il semplice fatto che non c&#8217;\u00e8 una alternativa alla Medicina ! L&#8217;alternativa alla Medicina \u00e8 &#8216;magia&#8217; (nel suo significato moderno di atti e fatti inspiegabili e&hellip;","og_url":"https:\/\/www.isidorolab.com\/public\/index.php\/medicina-complementare-e-integrativa\/","og_site_name":"IsidoroLab","article_modified_time":"2021-09-03T11:11:22+00:00","twitter_card":"summary_large_image","twitter_misc":{"Tempo di lettura stimato":"5 minuti"},"schema":{"@context":"https:\/\/schema.org","@graph":[{"@type":"WebPage","@id":"https:\/\/www.isidorolab.com\/public\/index.php\/medicina-complementare-e-integrativa\/","url":"https:\/\/www.isidorolab.com\/public\/index.php\/medicina-complementare-e-integrativa\/","name":"Medicina complementare e integrativa - IsidoroLab","isPartOf":{"@id":"http:\/\/www.isidorolab.com\/public\/#website"},"datePublished":"2016-05-08T14:23:44+00:00","dateModified":"2021-09-03T11:11:22+00:00","breadcrumb":{"@id":"https:\/\/www.isidorolab.com\/public\/index.php\/medicina-complementare-e-integrativa\/#breadcrumb"},"inLanguage":"it-IT","potentialAction":[{"@type":"ReadAction","target":["https:\/\/www.isidorolab.com\/public\/index.php\/medicina-complementare-e-integrativa\/"]}]},{"@type":"BreadcrumbList","@id":"https:\/\/www.isidorolab.com\/public\/index.php\/medicina-complementare-e-integrativa\/#breadcrumb","itemListElement":[{"@type":"ListItem","position":1,"name":"Home","item":"http:\/\/www.isidorolab.com\/public\/"},{"@type":"ListItem","position":2,"name":"Medicina complementare e integrativa"}]},{"@type":"WebSite","@id":"http:\/\/www.isidorolab.com\/public\/#website","url":"http:\/\/www.isidorolab.com\/public\/","name":"IsidoroLab","description":"","potentialAction":[{"@type":"SearchAction","target":{"@type":"EntryPoint","urlTemplate":"http:\/\/www.isidorolab.com\/public\/?s={search_term_string}"},"query-input":{"@type":"PropertyValueSpecification","valueRequired":true,"valueName":"search_term_string"}}],"inLanguage":"it-IT"},false]}},"yasr_visitor_votes":{"stars_attributes":{"read_only":false,"span_bottom":false},"number_of_votes":0,"sum_votes":0},"_links":{"self":[{"href":"http:\/\/www.isidorolab.com\/public\/index.php\/wp-json\/wp\/v2\/pages\/578","targetHints":{"allow":["GET"]}}],"collection":[{"href":"http:\/\/www.isidorolab.com\/public\/index.php\/wp-json\/wp\/v2\/pages"}],"about":[{"href":"http:\/\/www.isidorolab.com\/public\/index.php\/wp-json\/wp\/v2\/types\/page"}],"author":[{"embeddable":true,"href":"http:\/\/www.isidorolab.com\/public\/index.php\/wp-json\/wp\/v2\/users\/2"}],"replies":[{"embeddable":true,"href":"http:\/\/www.isidorolab.com\/public\/index.php\/wp-json\/wp\/v2\/comments?post=578"}],"version-history":[{"count":9,"href":"http:\/\/www.isidorolab.com\/public\/index.php\/wp-json\/wp\/v2\/pages\/578\/revisions"}],"predecessor-version":[{"id":2589,"href":"http:\/\/www.isidorolab.com\/public\/index.php\/wp-json\/wp\/v2\/pages\/578\/revisions\/2589"}],"wp:attachment":[{"href":"http:\/\/www.isidorolab.com\/public\/index.php\/wp-json\/wp\/v2\/media?parent=578"}],"curies":[{"name":"wp","href":"https:\/\/api.w.org\/{rel}","templated":true}]}}