{"id":595,"date":"2015-05-03T16:28:43","date_gmt":"2015-05-03T14:28:43","guid":{"rendered":"https:\/\/isidorolab.wordpress.com\/?page_id=595"},"modified":"2021-07-30T17:00:19","modified_gmt":"2021-07-30T15:00:19","slug":"arm-ir-statuto","status":"publish","type":"page","link":"http:\/\/www.isidorolab.com\/public\/index.php\/amr-ir\/arm-ir-statuto\/","title":{"rendered":"Statuto"},"content":{"rendered":"\t\t<div data-elementor-type=\"wp-page\" data-elementor-id=\"595\" class=\"elementor elementor-595\">\n\t\t\t\t\t\t<section class=\"elementor-section elementor-top-section elementor-element elementor-element-1911c21c elementor-section-stretched elementor-section-boxed elementor-section-height-default elementor-section-height-default\" data-id=\"1911c21c\" data-element_type=\"section\" data-settings=\"{&quot;stretch_section&quot;:&quot;section-stretched&quot;}\">\n\t\t\t\t\t\t<div class=\"elementor-container elementor-column-gap-wider\">\n\t\t\t\t\t<div class=\"elementor-column elementor-col-100 elementor-top-column elementor-element elementor-element-23ca14cc\" data-id=\"23ca14cc\" data-element_type=\"column\">\n\t\t\t<div class=\"elementor-widget-wrap elementor-element-populated\">\n\t\t\t\t\t\t<div class=\"elementor-element elementor-element-3b80fd5f elementor-widget elementor-widget-text-editor\" data-id=\"3b80fd5f\" data-element_type=\"widget\" data-widget_type=\"text-editor.default\">\n\t\t\t\t\t\t\t\t\t<p style=\"text-align: center;\">STATUTO DELL&#8217;ASSOCIAZIONE SCIENTIFICA<br \/>&#8220;<strong>Associazione per la Ricerca Medica Ippocrate-Rhazi<\/strong>&#8220;<\/p><p style=\"text-align: center;\"><strong><span style=\"color: #003366;\">TITOLO I<\/span><\/strong><br \/>COSTITUZIONE &#8211; SEDE &#8211; SCOPI &#8211; DURATA<\/p><p><strong><span style=\"color: #003366;\">ART. 1<\/span><\/strong><br \/>Per iniziativa dei Fondatori (vedi Atto di Costituzione) \u00e8 costituita ai sensi degli articoli 39 e seguenti del Codice Civile l&#8217;Associazione Scientifica denominata &#8220;ASSOCIAZIONE per la RICERCA MEDICA Ippocrate &#8211; Rhazi&#8221; siglabile ARM-IR&#8221;.<\/p><hr \/><p><strong><span style=\"color: #003366;\">ART. 2<\/span><\/strong><br \/>L&#8217;Associazione ha sede legale presso il Dipartimento di Scienze Mediche dell&#8217;Universit\u00e0 del Piemonte Orientale &#8220;Amedeo Avogadro&#8221; in Novara, alla via Solaroli 17, e pi\u00f9 precisamente presso lo studio del dottor Ciro Isidoro. L&#8217;associazione ha inoltre una sede secondaria in Torino alla via Ada Marchesini Gobetti n\u00b0 10 presso l&#8217;abitazione del dottor Ciro Isidoro. La sede pu\u00f2 essere trasferita ad altro indirizzo su proposta del Presidente e su delibera del Comitato dei Soci Fondatori.<\/p><hr \/><p><strong><span style=\"color: #003366;\">ART. 3<\/span><\/strong><br \/>L&#8217;Associazione ha i seguenti scopi:<br \/><strong>a)<\/strong> promuovere ricerche e studi volti a chiarire le cause e i meccanismi che determinano le malattie nell&#8217;Uomo, con particolare riguardo alla patologia tumorale;<br \/><strong>b)<\/strong> sovvenzionare la formazione e l&#8217;attivit\u00e0 di ricerca di giovani scienziati, favorendone anche la partecipazione a corsi, seminari e congressi nazionali e internazionali. A questo scopo l&#8217;Associazione potr\u00e0 istituire premi o borse di studio;<br \/><strong>c)<\/strong> svolgere efficace opera di sensibilizzazione e di informazione riguardo la prevenzione e la cura delle malattie a tal fine organizzando seminari e dibattiti e sovvenzionando la redazione e la pubblicazione di opere di divulgazione scientifica.<br \/>Le forme e le modalit\u00e0 attraverso le quali realizzare le finalit\u00e0 dell&#8217;Associazione sono determinate e disciplinate dal Consiglio Scientifico. L&#8217;Associazione ha inoltre facolt\u00e0 di stipulare convenzioni con enti pubblici e privati che possono concorrere al raggiungimento degli scopi proposti.<br \/>L&#8217;Associazione non ha scopo di lucro e deve considerarsi ai fini fiscali &#8220;ente non commerciale&#8221;, secondo quanto disposto dal comma 4, art. 87, DPR 22.12.1986, n\u00b0 917. E&#8217; pertanto escluso l&#8217;esercizio di qualsiasi attivit\u00e0 commerciale che non sia svolta in maniera marginale e comunque ausiliaria e secondaria rispetto al perseguimento degli scopi sociali.<\/p><hr \/><p><strong><span style=\"color: #003366;\">ART. 4<\/span><\/strong><br \/>L&#8217;Associazione ha durata illimitata. L&#8217; estinzione dell&#8217;Associazione pu\u00f2 essere disposta con voto unanime del Comitato dei Soci Fondatori. In tale evenienza il patrimonio verr\u00e0 devoluto ad Associazione senza fini di lucro o Ente pubblico che persegua analoghi scopi sociali individuato dal Comitato dei Soci Fondatori con voto a maggioranza.<\/p><hr \/><p style=\"text-align: center;\"><strong><span style=\"color: #003366;\">TITOLO II<\/span><\/strong><br \/>PATRIMONIO<\/p><p><strong><span style=\"color: #003366;\">ART. 5<\/span><\/strong><\/p><p>Il patrimonio dell&#8217;Associazione \u00e8 costituito inizialmente da un fondo versato sul conto corrente (postale o bancario) intestato all&#8217;Associazione, cos\u00ec come precisato nell&#8217;atto costitutivo di cui il presente \u00e8 parte integrante. Il predetto fondo \u00e8 successivamente integrato dalle erogazioni, dai sussidi, dai contributi e dai beni mobili e immobili che verranno disposti a favore dell&#8217;Associazione da persone fisiche, Societ\u00e0 ed Enti pubblici e privati.<\/p><p style=\"text-align: center;\"><br \/><strong><span style=\"color: #003366;\">TITOLO III<\/span><\/strong><br \/>GESTIONE &#8211; AMMINISTRAZIONE &#8211; RAPPRESENTANZA<\/p><p style=\"text-align: left;\"><strong><span style=\"color: #003366;\">ART. 6<\/span><\/strong><br \/>Sono organi sociali dell&#8217;Associazione:<br \/><strong>a)<\/strong> Il comitato dei soci Fondatori<br \/><strong>b)<\/strong> Il Consiglio Scientifico<br \/><strong>c)<\/strong> Il Presidente dell&#8217;Associazione<br \/><strong>d)<\/strong> Il Segretario Generale<br \/><strong>e)<\/strong> Il Presidente Onorario<br \/>Le cariche di Presidente dell&#8217;Associazione, Segretario Generale e Presidente Onorario sono gratuite.<\/p><hr \/><p style=\"text-align: left;\"><strong><span style=\"color: #003366;\">ART. 7<\/span><\/strong><br \/>Il Comitato dei Soci Fondatori \u00e8 composto dalle persone che hanno costituito l&#8217;Associazione e, successivamente, da altri membri che verranno cooptati su proposta del Presidente e tenuto conto dei criteri di ammissione precisati al Titolo IV. Il Comitato dei Soci Fondatori pu\u00f2 conferire la carica di Presidente Onorario al componente che si \u00e8 distinto per l&#8217;impegno scientifico o finanziario a sostegno dell&#8217;Associazione. Il Comitato dei Soci Fondatori si riunisce almeno due volte l&#8217;anno, entro il mese di Febbraio ed entro il mese di Dicembre, per discutere e approvare rispettivamente il programma delle attivit\u00e0 e il bilancio di previsione ad inizio anno e la relazione finale sull&#8217;attivit\u00e0 svolta e il bilancio a consuntivo a fine anno. La riunione \u00e8 inoltre convocata dal Presidente ogni qualvolta lo ritenga necessario oppure su richiesta di un terzo dei componenti del Comitato dei Soci Fondatori. Le riunioni hanno validit\u00e0 deliberante se sono presenti almeno due terzi dei membri. Le decisioni sono prese a maggioranza fatta eccezione per la nomina di nuovi Fondatori e di modifiche dello Statuto per cui \u00e8 richiesta l&#8217;unanimit\u00e0. E&#8217; ammesso il voto comunicato a mezzo di posta elettronica o fax.<\/p><hr \/><p><strong><span style=\"color: #003366;\">ART. 8<\/span><\/strong><br \/>Il Consiglio Scientifico \u00e8 composto dai Soci Fondatori di comprovate competenze scientifiche e che sono professionalmente impegnati nell&#8217;insegnamento delle discipline scientifiche o nella ricerca in ambito bio-medico. Il Consiglio Scientifico nomina tra i suoi membri il Presidente dell&#8217;Associazione e il Segretario Generale. Il Presidente e il Segretario Generale durano in carica tre anni e possono essere rieletti. Il Consiglio scientifico, inoltre, nomina nel suo seno i membri delle commissioni operative cui \u00e8 affidata l&#8217;organizzazione e la gestione delle attivit\u00e0 che l&#8217;Associazione si propone. La composizione delle predette commissioni pu\u00f2 essere integrata con un membro esterno al Consiglio Scientifico scelto in ragione di specifiche competenze scientifiche.<\/p><hr \/><p><strong><span style=\"color: #003366;\">ART. 9<\/span><\/strong><br \/>L&#8217;amministrazione del patrimonio dell&#8217;Associazione \u00e8 demandata al Consiglio Scientifico che pu\u00f2 eventualmente avvalersi anche della consulenza di esperti esterni. L&#8217;esercizio finanziario coincide con l&#8217;anno solare. Il Segretario Generale assume anche le funzioni di Tesoriere ed ha il compito di redigere il bilancio di previsione e il bilancio consuntivo da presentare al Comitato dei Soci Fondatori per l&#8217;approvazione. Su delibera del Comitato dei Soci Fondatori il bilancio pu\u00f2 essere sottoposto alla valutazione di un Revisore dei Conti all&#8217;uopo incaricato.<\/p><hr \/><p><strong><span style=\"color: #003366;\">ART. 9<\/span><\/strong><br \/>Il Presidente ha la rappresentanza e la firma dell&#8217;Associazione di fronte a terzi e in giudizio, con i pi\u00f9 ampi poteri di ordinaria e straordinaria amministrazione e di disposizione. Il Presidente convoca e presiede le riunioni del Comitato dei Soci Fondatori, del Consiglio Scientifico e delle Commissioni operative. Il Presidente pu\u00f2 delegare parte delle sue funzioni al Segretario Generale o ad uno dei membri del Consiglio Scientifico. Il Segretario Generale sostituisce il Presidente in caso di sua assenza o impedimento.<\/p><hr \/><p style=\"text-align: center;\"><strong><span style=\"color: #003366;\">TITOLO IV<\/span><\/strong><br \/>SOCI<\/p><p style=\"text-align: left;\">ART. 10<br \/>Sono previste le seguenti categorie di Soci:<br \/><strong>1)<\/strong> Fondatori: sono coloro i quali hanno dato il loro contributo per la costituzione dell&#8217;Associazione. Sono anche coloro i quali sono ammessi successivamente come tali in ragione della contribuzione finanziaria a favore dell&#8217;Associazione.<br \/><strong>2)<\/strong> Sostenitori: sono persone fisiche e giuridiche che intendono contribuire finanziariamente o che si impegnano fattivamente a titolo gratuito nelle attivit\u00e0 scientifiche dell&#8217;Associazione.<br \/>Il Consiglio Scientifico determina annualmente l&#8217;entit\u00e0 della quota associativa relativamente alle su menzionate categorie. I nuovi Soci sono ammessi nella categoria di competenza su proposta del Presidente e su delibera del Comitato dei Soci Fondatori. La qualit\u00e0 di Socio, Fondatore o Sostenitore, si perde per recesso, estinzione, indegnit\u00e0 o grave violazione dello spirito e delle norme dello Statuto e per tutte le altre cause previste dalla legge.<\/p><hr \/><p style=\"text-align: center;\"><br \/><strong><span style=\"color: #003366;\">TITOLO V<\/span><\/strong><br \/>DISPOSIZIONI GENERALI<\/p><p style=\"text-align: left;\"><br \/><strong><span style=\"color: #003366;\">ART. 11<\/span><\/strong><br \/>Per tutto quanto non espressamente previsto dall&#8217;atto costitutivo e dal presente Statuto, che ne fa parte integrante, si fa richiamo alle disposizioni di legge in materia, fra cui quelle del Capo II, del Titolo del Libro Primo del Codice Civile, e alla consuetudine.<\/p>\t\t\t\t\t\t\t\t<\/div>\n\t\t\t\t\t<\/div>\n\t\t<\/div>\n\t\t\t\t\t<\/div>\n\t\t<\/section>\n\t\t\t\t<\/div>\n\t\t<div style='text-align:center' class='yasr-auto-insert-visitor'><!--Yasr Visitor Votes Shortcode--><div id='yasr_visitor_votes_691ff9ca7b2da' class='yasr-visitor-votes'><div class=\"yasr-custom-text-vv-before yasr-custom-text-vv-before-595\">Clicca per votare questo articolo!<\/div><div id='yasr-vv-second-row-container-691ff9ca7b2da'\r\n                                        class='yasr-vv-second-row-container'><div id='yasr-visitor-votes-rater-691ff9ca7b2da'\r\n                                      class='yasr-rater-stars-vv'\r\n                                      data-rater-postid='595'\r\n                                      data-rating='0'\r\n                                      data-rater-starsize='32'\r\n                                      data-rater-readonly='false'\r\n                                      data-rater-nonce='32125ddf8e'\r\n                                      data-issingular='false'\r\n                                    ><\/div><div class=\"yasr-vv-stats-text-container\" id=\"yasr-vv-stats-text-container-691ff9ca7b2da\"><svg xmlns=\"https:\/\/www.w3.org\/2000\/svg\" width=\"20\" height=\"20\"\r\n                                   class=\"yasr-dashicons-visitor-stats\"\r\n                                   data-postid=\"595\"\r\n                                   id=\"yasr-stats-dashicon-691ff9ca7b2da\">\r\n                                   <path d=\"M18 18v-16h-4v16h4zM12 18v-11h-4v11h4zM6 18v-8h-4v8h4z\"><\/path>\r\n                               <\/svg><span id=\"yasr-vv-text-container-691ff9ca7b2da\" class=\"yasr-vv-text-container\">[Total: <span id=\"yasr-vv-votes-number-container-691ff9ca7b2da\">0<\/span>  Average: <span id=\"yasr-vv-average-container-691ff9ca7b2da\">0<\/span>]<\/span><\/div><div id='yasr-vv-loader-691ff9ca7b2da' class='yasr-vv-container-loader'><\/div><\/div><div id='yasr-vv-bottom-container-691ff9ca7b2da' class='yasr-vv-bottom-container'><\/div><\/div><!--End Yasr Visitor Votes Shortcode--><\/div>","protected":false},"excerpt":{"rendered":"<p>STATUTO DELL&#8217;ASSOCIAZIONE SCIENTIFICA &#8220;Associazione per la Ricerca Medica Ippocrate-Rhazi&#8220; TITOLO I COSTITUZIONE &#8211; SEDE &#8211; SCOPI &#8211; DURATA ART. 1 Per iniziativa dei Fondatori (vedi Atto di Costituzione) \u00e8 costituita ai sensi degli articoli 39 e seguenti del Codice Civile l&#8217;Associazione Scientifica denominata &#8220;ASSOCIAZIONE per la RICERCA MEDICA Ippocrate &#8211; Rhazi&#8221; siglabile ARM-IR&#8221;. ART. 2&hellip;<\/p>\n","protected":false},"author":2,"featured_media":0,"parent":2159,"menu_order":0,"comment_status":"closed","ping_status":"closed","template":"","meta":{"yasr_overall_rating":0,"yasr_post_is_review":"","yasr_auto_insert_disabled":"","yasr_review_type":"","footnotes":""},"class_list":["post-595","page","type-page","status-publish","hentry"],"yoast_head":"<!-- This site is optimized with the Yoast SEO plugin v26.8 - https:\/\/yoast.com\/product\/yoast-seo-wordpress\/ -->\r\n<title>Statuto - IsidoroLab<\/title>\r\n<meta name=\"robots\" content=\"index, follow, max-snippet:-1, max-image-preview:large, max-video-preview:-1\" \/>\r\n<link rel=\"canonical\" href=\"http:\/\/www.isidorolab.com\/public\/index.php\/amr-ir\/arm-ir-statuto\/\" \/>\r\n<meta property=\"og:locale\" content=\"it_IT\" \/>\r\n<meta property=\"og:type\" content=\"article\" \/>\r\n<meta property=\"og:title\" content=\"Statuto - IsidoroLab\" \/>\r\n<meta property=\"og:description\" content=\"STATUTO DELL&#8217;ASSOCIAZIONE SCIENTIFICA &#8220;Associazione per la Ricerca Medica Ippocrate-Rhazi&#8220; TITOLO I COSTITUZIONE &#8211; SEDE &#8211; SCOPI &#8211; DURATA ART. 1 Per iniziativa dei Fondatori (vedi Atto di Costituzione) \u00e8 costituita ai sensi degli articoli 39 e seguenti del Codice Civile l&#8217;Associazione Scientifica denominata &#8220;ASSOCIAZIONE per la RICERCA MEDICA Ippocrate &#8211; Rhazi&#8221; siglabile ARM-IR&#8221;. ART. 2&hellip;\" \/>\r\n<meta property=\"og:url\" content=\"http:\/\/www.isidorolab.com\/public\/index.php\/amr-ir\/arm-ir-statuto\/\" \/>\r\n<meta property=\"og:site_name\" content=\"IsidoroLab\" \/>\r\n<meta property=\"article:modified_time\" content=\"2021-07-30T15:00:19+00:00\" \/>\r\n<meta name=\"twitter:card\" content=\"summary_large_image\" \/>\r\n<meta name=\"twitter:label1\" content=\"Tempo di lettura stimato\" \/>\n\t<meta name=\"twitter:data1\" content=\"5 minuti\" \/>\r\n<script type=\"application\/ld+json\" class=\"yoast-schema-graph\">{\"@context\":\"https:\/\/schema.org\",\"@graph\":[{\"@type\":\"WebPage\",\"@id\":\"http:\/\/www.isidorolab.com\/public\/index.php\/amr-ir\/arm-ir-statuto\/\",\"url\":\"http:\/\/www.isidorolab.com\/public\/index.php\/amr-ir\/arm-ir-statuto\/\",\"name\":\"Statuto - IsidoroLab\",\"isPartOf\":{\"@id\":\"http:\/\/www.isidorolab.com\/public\/#website\"},\"datePublished\":\"2015-05-03T14:28:43+00:00\",\"dateModified\":\"2021-07-30T15:00:19+00:00\",\"breadcrumb\":{\"@id\":\"http:\/\/www.isidorolab.com\/public\/index.php\/amr-ir\/arm-ir-statuto\/#breadcrumb\"},\"inLanguage\":\"it-IT\",\"potentialAction\":[{\"@type\":\"ReadAction\",\"target\":[\"http:\/\/www.isidorolab.com\/public\/index.php\/amr-ir\/arm-ir-statuto\/\"]}]},{\"@type\":\"BreadcrumbList\",\"@id\":\"http:\/\/www.isidorolab.com\/public\/index.php\/amr-ir\/arm-ir-statuto\/#breadcrumb\",\"itemListElement\":[{\"@type\":\"ListItem\",\"position\":1,\"name\":\"Home\",\"item\":\"http:\/\/www.isidorolab.com\/public\/\"},{\"@type\":\"ListItem\",\"position\":2,\"name\":\"ARM-IR\",\"item\":\"http:\/\/www.isidorolab.com\/public\/index.php\/amr-ir\/\"},{\"@type\":\"ListItem\",\"position\":3,\"name\":\"Statuto\"}]},{\"@type\":\"WebSite\",\"@id\":\"http:\/\/www.isidorolab.com\/public\/#website\",\"url\":\"http:\/\/www.isidorolab.com\/public\/\",\"name\":\"IsidoroLab\",\"description\":\"\",\"potentialAction\":[{\"@type\":\"SearchAction\",\"target\":{\"@type\":\"EntryPoint\",\"urlTemplate\":\"http:\/\/www.isidorolab.com\/public\/?s={search_term_string}\"},\"query-input\":{\"@type\":\"PropertyValueSpecification\",\"valueRequired\":true,\"valueName\":\"search_term_string\"}}],\"inLanguage\":\"it-IT\"},false]}<\/script>\r\n<!-- \/ Yoast SEO plugin. -->","yoast_head_json":{"title":"Statuto - IsidoroLab","robots":{"index":"index","follow":"follow","max-snippet":"max-snippet:-1","max-image-preview":"max-image-preview:large","max-video-preview":"max-video-preview:-1"},"canonical":"http:\/\/www.isidorolab.com\/public\/index.php\/amr-ir\/arm-ir-statuto\/","og_locale":"it_IT","og_type":"article","og_title":"Statuto - IsidoroLab","og_description":"STATUTO DELL&#8217;ASSOCIAZIONE SCIENTIFICA &#8220;Associazione per la Ricerca Medica Ippocrate-Rhazi&#8220; TITOLO I COSTITUZIONE &#8211; SEDE &#8211; SCOPI &#8211; DURATA ART. 1 Per iniziativa dei Fondatori (vedi Atto di Costituzione) \u00e8 costituita ai sensi degli articoli 39 e seguenti del Codice Civile l&#8217;Associazione Scientifica denominata &#8220;ASSOCIAZIONE per la RICERCA MEDICA Ippocrate &#8211; Rhazi&#8221; siglabile ARM-IR&#8221;. ART. 2&hellip;","og_url":"http:\/\/www.isidorolab.com\/public\/index.php\/amr-ir\/arm-ir-statuto\/","og_site_name":"IsidoroLab","article_modified_time":"2021-07-30T15:00:19+00:00","twitter_card":"summary_large_image","twitter_misc":{"Tempo di lettura stimato":"5 minuti"},"schema":{"@context":"https:\/\/schema.org","@graph":[{"@type":"WebPage","@id":"http:\/\/www.isidorolab.com\/public\/index.php\/amr-ir\/arm-ir-statuto\/","url":"http:\/\/www.isidorolab.com\/public\/index.php\/amr-ir\/arm-ir-statuto\/","name":"Statuto - IsidoroLab","isPartOf":{"@id":"http:\/\/www.isidorolab.com\/public\/#website"},"datePublished":"2015-05-03T14:28:43+00:00","dateModified":"2021-07-30T15:00:19+00:00","breadcrumb":{"@id":"http:\/\/www.isidorolab.com\/public\/index.php\/amr-ir\/arm-ir-statuto\/#breadcrumb"},"inLanguage":"it-IT","potentialAction":[{"@type":"ReadAction","target":["http:\/\/www.isidorolab.com\/public\/index.php\/amr-ir\/arm-ir-statuto\/"]}]},{"@type":"BreadcrumbList","@id":"http:\/\/www.isidorolab.com\/public\/index.php\/amr-ir\/arm-ir-statuto\/#breadcrumb","itemListElement":[{"@type":"ListItem","position":1,"name":"Home","item":"http:\/\/www.isidorolab.com\/public\/"},{"@type":"ListItem","position":2,"name":"ARM-IR","item":"http:\/\/www.isidorolab.com\/public\/index.php\/amr-ir\/"},{"@type":"ListItem","position":3,"name":"Statuto"}]},{"@type":"WebSite","@id":"http:\/\/www.isidorolab.com\/public\/#website","url":"http:\/\/www.isidorolab.com\/public\/","name":"IsidoroLab","description":"","potentialAction":[{"@type":"SearchAction","target":{"@type":"EntryPoint","urlTemplate":"http:\/\/www.isidorolab.com\/public\/?s={search_term_string}"},"query-input":{"@type":"PropertyValueSpecification","valueRequired":true,"valueName":"search_term_string"}}],"inLanguage":"it-IT"},false]}},"yasr_visitor_votes":{"stars_attributes":{"read_only":false,"span_bottom":false},"number_of_votes":0,"sum_votes":0},"_links":{"self":[{"href":"http:\/\/www.isidorolab.com\/public\/index.php\/wp-json\/wp\/v2\/pages\/595","targetHints":{"allow":["GET"]}}],"collection":[{"href":"http:\/\/www.isidorolab.com\/public\/index.php\/wp-json\/wp\/v2\/pages"}],"about":[{"href":"http:\/\/www.isidorolab.com\/public\/index.php\/wp-json\/wp\/v2\/types\/page"}],"author":[{"embeddable":true,"href":"http:\/\/www.isidorolab.com\/public\/index.php\/wp-json\/wp\/v2\/users\/2"}],"replies":[{"embeddable":true,"href":"http:\/\/www.isidorolab.com\/public\/index.php\/wp-json\/wp\/v2\/comments?post=595"}],"version-history":[{"count":6,"href":"http:\/\/www.isidorolab.com\/public\/index.php\/wp-json\/wp\/v2\/pages\/595\/revisions"}],"predecessor-version":[{"id":2317,"href":"http:\/\/www.isidorolab.com\/public\/index.php\/wp-json\/wp\/v2\/pages\/595\/revisions\/2317"}],"up":[{"embeddable":true,"href":"http:\/\/www.isidorolab.com\/public\/index.php\/wp-json\/wp\/v2\/pages\/2159"}],"wp:attachment":[{"href":"http:\/\/www.isidorolab.com\/public\/index.php\/wp-json\/wp\/v2\/media?parent=595"}],"curies":[{"name":"wp","href":"https:\/\/api.w.org\/{rel}","templated":true}]}}