{"id":640,"date":"2015-05-03T16:47:24","date_gmt":"2015-05-03T14:47:24","guid":{"rendered":"https:\/\/isidorolab.wordpress.com\/?page_id=640"},"modified":"2021-07-31T11:53:35","modified_gmt":"2021-07-31T09:53:35","slug":"laurea-triennale-in-scienze-biologiche-fondamenti-di-patologia-e-immunologia-generale","status":"publish","type":"page","link":"http:\/\/www.isidorolab.com\/public\/index.php\/educational-activities\/laurea-triennale-in-scienze-biologiche-fondamenti-di-patologia-e-immunologia-generale\/","title":{"rendered":"Laurea Triennale in Scienze Biologiche: Fondamenti di Patologia e Immunologia generale"},"content":{"rendered":"\t\t<div data-elementor-type=\"wp-page\" data-elementor-id=\"640\" class=\"elementor elementor-640\">\n\t\t\t\t\t\t<section class=\"elementor-section elementor-top-section elementor-element elementor-element-40c32fe elementor-section-stretched elementor-section-boxed elementor-section-height-default elementor-section-height-default\" data-id=\"40c32fe\" data-element_type=\"section\" data-settings=\"{&quot;stretch_section&quot;:&quot;section-stretched&quot;}\">\n\t\t\t\t\t\t<div class=\"elementor-container elementor-column-gap-narrow\">\n\t\t\t\t\t<div class=\"elementor-column elementor-col-100 elementor-top-column elementor-element elementor-element-93ee336\" data-id=\"93ee336\" data-element_type=\"column\">\n\t\t\t<div class=\"elementor-widget-wrap elementor-element-populated\">\n\t\t\t\t\t\t<div class=\"elementor-element elementor-element-44021cf elementor-widget elementor-widget-text-editor\" data-id=\"44021cf\" data-element_type=\"widget\" data-widget_type=\"text-editor.default\">\n\t\t\t\t\t\t\t\t\t<h3 style=\"text-align: center;\"><span style=\"color: #000080;\">Programma<\/span><\/h3><p>Eziologia Generale. Embriofetopatie. Aberrazioni cromosomiche. Sindromi di Down, Edwards, Pateau. Sindromi di Klinefelter e di Turner. Principali malattie genetiche mendeliane (Sindrome di Ehler-Danlos, di Marfan, ipercolesterolemia familiare, etc). Sindrome dell\u2019X-fragile. Malattie da accumulo lisosomico. Il danno cellulare e tissutale. Risposta reversibile e irreversibile al danno. Morte cellulare: necrosi, apoptosi e morte autofagica. L\u2019infiammazione. Angioflogosi e istoflogosi: caratteri istopatologici; esempi clinico-biologici. Il granuloma. Guarigione delle ferite. Ruolo della matrice extracellulare e della membrana basale. Fibrosi. Amiloidosi. Sindrome di Alzheimer. <br \/>Oncologia: definizione di tumore, caratteri distintivi tra tumori benigni e maligni. Fasi della Cancerogenesi. Cancerogeni chimici e loro meccanismo d\u2019azione. Oncogeni e antioncogeni. Riparazione del danno al DNA, predisposizione genetica al cancro. Ciclo cellulare, Morte cellulare e cancro. La progressione neoplastica: invasione, metastasi, neo-angiogenesi, \u2018immune- and drug resistance\u2019, cachessia.<\/p><p><strong><span style=\"color: #000080;\">Cenni di Fisiopatologia<\/span><\/strong>: La termoregolazione (febbre, ipertermie, ipotermie); Cardio-vascolare (ipertensione, ipotensione, collasso, shock); Edema: significato, formazione, cause e conseguenze; Fegato: anatomia funzionale (il lobulo epatico); cirrosi epatica. Ittero: metabolismo dell\u2019Hb e dei suoi derivati; ittero pre-epatico, epatico e post-epatico. Diabete (insipido e mellito insulino-dipendente e insulino-indipendente).<\/p><p><strong><span style=\"color: #000080;\">Patologia Ambientale<\/span><\/strong>: Patologie respiratorie da inquinanti atmosferici; danno da metalli pesanti (Pb, Hg); patologie da intossicazioni da pesticidi. Le radiazioni ionizzanti e eccitanti: fisica, radiobiologia e effetti patologici.<\/p><p><strong><span style=\"color: #000080;\">Immunologia<\/span><\/strong>: Difese aspecifiche e specifiche. Barriere anatomiche, difese chimiche. Integrazione tra i sistemi di difesa specifica e aspecifica. Cellule e molecole dell\u2019immunit\u00e0. Organi primari e secondari del Sistema immunitario: midollo emopoietico, timo, milza e linfonodi. Antigeni di istocompatibilit\u00e0. Processazione dell\u2019antigene. Linfociti T, B e NK. Fagociti: neutrofili, monociti e macrofagi, fagociti professionali. Eosinofili, basofili e mastociti: ruolo nelle risposte allergiche. Linfociti Th (CD4) e Tc (CD8). <br \/>Citochine. Anticorpi: struttura molecolare; classi e sottoclassi: funzioni e caratteristiche biologiche. Linfociti B e Plasmacellule. Risposta anticorpale Iaria e IIaria; ruolo dei Th; cooperazione B-T; linfociti B memoria. Il complemento. Concetto di Opsonizzazione. Proteine di fase acuta.<br \/>Ipersensibilit\u00e0: classificazione in base ai meccanismi. Risposta allergica. Shock anafilattico (immuno-sieroterapia). Ipersensibilit\u00e0 citotossica mediata da anticorpi, da immunocomplessi, da linfociti Tc. Rigetto dei trapianti. Tolleranza e autoimmunit\u00e0. Malattie autoimmunitarie (cause). Lupus Eritematosus Sistemico.<\/p><p><strong><span style=\"color: #000080;\">Laboratorio<\/span><\/strong>: Metodologie per lo studio della patologia e dell\u2019immunologia. Istopatologia: degenerazioni cellulari; infiammazione, infarto, tumori (osservazioni al M.O. e commento dei preparati). Metodi di valutazione della Necrosi e Apoptosi: Il sangue: siero, plasma e componente figurata. I gruppi sanguigni e le trasfusioni di sangue e di emoderivati. Preparazione e lettura dello striscio di sangue periferico. Gli antisieri policlonali (preparazione dell\u2019antigene; immunizzazione). Tecniche di produzione di anticorpi monoclonali e ricombinanti; RIA e ELISA, immunoblot, immunofluorescenza e citofluorimetria, agglutinazione.<\/p><hr \/><h3 style=\"text-align: center;\"><span style=\"color: #000080;\">Materiale Didattico<\/span><\/h3><p>Materiale didattico fornito dal docente.<\/p><ul><li>Libro di testo &#8220;GM Pontieri, Elementi di Patologia Generale e Fisiopatologia Generale in 2 volumi. IV edizione&#8221; Edizioni Piccin. IN LINGUA INGLESE (nuova adozione 2017)<br \/>\u201c5th Edition BASIC PATHOLOGY\u201d Lakhani, Dilly, Finlayson and Gandhi. CRC Press (Taylor and Francis group)<\/li><li>\u201dIntroduzione all&#8217;Immunologia\u201d ACTOR Edizioni PEARSON<\/li><\/ul><p>PER CONSULTAZIONE (in biblioteca):<\/p><p><strong>A)<\/strong> Patologia generale e fisiopatologia generale (due volumi VI edizione) di Maniero-Misasi-Sorice (Piccin Editore)<br \/><strong>B)<\/strong> Abbas-Lichtman \u201cLe basi dell\u2019Immunologia\u201d volume unico (Edizioni Elsevier, www.elsevier.it; g.crespi@elsevier.com)<br \/><strong>C)<\/strong> Peter Parham \u201cIl Sistema Immunitario\u201d II edizione, Edises.<\/p><p>\u00a0<\/p><h3 style=\"text-align: center;\"><span style=\"color: #000080;\">Lezioni<\/span><\/h3><p><a href=\"http:\/\/www.isidorolab.com\/public\/wp-content\/uploads\/2015\/06\/LAB-IMMUNOL-corsoCOMPLETO-2015-STUDENTI.pdf\">Laboratorio di Immunologia<\/a><\/p><p><a href=\"http:\/\/www.isidorolab.com\/public\/wp-content\/uploads\/2015\/05\/LEZIONE-1-PATOLOGIE-GENETICHE-E-CONGENITE.pdf\" target=\"_blank\" rel=\"noopener\">Lezione 1: Patologie genetiche e congenite<\/a><\/p><p><a href=\"http:\/\/www.isidorolab.com\/public\/wp-content\/uploads\/2015\/06\/PAT-GENETICA-I.pdf\">Lezione 2: Patologia Genetica I<\/a> e <a href=\"http:\/\/www.isidorolab.com\/public\/wp-content\/uploads\/2015\/06\/PAT-GENETICA-II.pdf\">Patologia Genetica II<\/a><\/p><p><a href=\"http:\/\/www.isidorolab.com\/public\/wp-content\/uploads\/2015\/05\/LEZIONE-2-Danno-cellulare-INTRODUZ.pdf\" target=\"_blank\" rel=\"noopener\">Lezione 3: Danno cellulare<\/a><\/p><p><a href=\"http:\/\/www.isidorolab.com\/public\/wp-content\/uploads\/2015\/05\/LEZIONE-2-Amiloidosi.pdf\" target=\"_blank\" rel=\"noopener\">Lezione 4: Amiloidosi<\/a><\/p><p><a href=\"http:\/\/www.isidorolab.com\/public\/wp-content\/uploads\/2015\/05\/LEZIONE-3-Adattamento-Danno-Tissutale-Organo.pdf\" target=\"_blank\" rel=\"noopener\">Lezione 5: Adattamento e Danno Tissutale-Organo<\/a><\/p><p><a href=\"http:\/\/www.isidorolab.com\/public\/wp-content\/uploads\/2015\/05\/LEZIONE-3bis-Danno-cellulare-BIS-morte-cellulare.pdf\" target=\"_blank\" rel=\"noopener\">Lezione 5bis: Danno cellulare e Morte cellulare<\/a><\/p><p><a href=\"http:\/\/www.isidorolab.com\/public\/wp-content\/uploads\/2015\/05\/LEZIONE-4-INFIAMMAZIONE.pdf\" target=\"_blank\" rel=\"noopener\">Lezione 6: Infiammazione<\/a><\/p><p><a href=\"http:\/\/www.isidorolab.com\/public\/wp-content\/uploads\/2015\/05\/LEZIONE-5-riparazione-ferite-infiammazione.pdf\" target=\"_blank\" rel=\"noopener\">Lezione 7: Riparazione ferite ed infiammazione<\/a><\/p><p><a href=\"http:\/\/www.isidorolab.com\/public\/wp-content\/uploads\/2015\/05\/LEZIONE-6-pesticidi-interferenti-endocrini.pdf\" target=\"_blank\" rel=\"noopener\">Lezione 8: Pesticidi interferenti endocrini <\/a><\/p><p><a href=\"http:\/\/www.isidorolab.com\/public\/wp-content\/uploads\/2015\/05\/LEZIONE-6-Solventi-Metalli-PB-e-Hg.pdf\">Lezione 9: Solventi e Metalli PB e Hg<\/a><\/p><p><a href=\"http:\/\/www.isidorolab.com\/public\/wp-content\/uploads\/2015\/05\/LEZIONE-6-RADIAZIONI-radon.pdf\" target=\"_blank\" rel=\"noopener\">Lezione 10: Radazioni e Radon<\/a><\/p><p><a href=\"http:\/\/www.isidorolab.com\/public\/wp-content\/uploads\/2015\/05\/LEZIONE-7-MALATTIE-NEURODEGENERATIVE.pdf\" target=\"_blank\" rel=\"noopener\">Lezione 11: Malattie neurodegenerative<\/a><\/p><p>\u00a0<\/p><p><strong>FISIOPATOLOGIA<\/strong><\/p><p><a href=\"http:\/\/www.isidorolab.com\/public\/wp-content\/uploads\/2015\/05\/LEZIONE-8-IPERTERMIE-IPOTERMIE-2018.pdf\" target=\"_blank\" rel=\"noopener\">Lezione 12: Ipertermie e Ipotermie<\/a><\/p><p><a href=\"http:\/\/www.isidorolab.com\/public\/wp-content\/uploads\/2015\/05\/lezione-8BIS-CARDIOVASCOLARE-2018.pdf\" target=\"_blank\" rel=\"noopener\">Lezione 12bis: Cardiovascolare<\/a><\/p><p><a href=\"http:\/\/www.isidorolab.com\/public\/wp-content\/uploads\/2015\/05\/LEZIONE-9-FEGATO-2018-.pdf\" target=\"_blank\" rel=\"noopener\">Lezione 13: Fegato<\/a><\/p><p><a href=\"http:\/\/www.isidorolab.com\/public\/wp-content\/uploads\/2015\/05\/LEZIONE-9bis-DIABETE-.pdf\" target=\"_blank\" rel=\"noopener\">Lezione 13bis: Diabete<\/a><\/p><p>\u00a0<\/p><p><strong>ONCOLOGIA<\/strong><\/p><p><a href=\"http:\/\/www.isidorolab.com\/public\/wp-content\/uploads\/2015\/06\/1.-Cancer-OVERVIEW-students.pdf\">Lezione 14: Cancro<\/a><\/p><p><a href=\"http:\/\/www.isidorolab.com\/public\/wp-content\/uploads\/2015\/06\/2.-Cancer-NOMENCLATURE-HYSTOPATHOLOGY-STUDENTS.pdf\">Lezione 15: Nomenclatura e Istopatologia del Cancro<\/a><\/p><p><a href=\"http:\/\/www.isidorolab.com\/public\/wp-content\/uploads\/2015\/05\/LEZIONE-10-riepilogo-CANCRO.pdf\" target=\"_blank\" rel=\"noopener\">Lezione 16: Riepilogo del Cancro<\/a><\/p><p>\u00a0<\/p><p><strong>IMMUNOLOGIA E IMMUNOPATOLOGIA<\/strong><\/p><p><a href=\"http:\/\/www.isidorolab.com\/public\/wp-content\/uploads\/2019\/05\/2019-Immunologia-Generale-1-sistema-immunitario.pdf\" target=\"_blank\" rel=\"noopener\">Lezione 17: Immunologia Generale I &#8211; Il sistema immunitario<\/a><\/p><p><a href=\"http:\/\/www.isidorolab.com\/public\/wp-content\/uploads\/2019\/05\/2019-Immunologia-Generale-2-risposta-immunitaria.pdf\" target=\"_blank\" rel=\"noopener\">Lezione 18: Immunologia Generale II &#8211; La risposta immunitaria<\/a><\/p><p><a href=\"http:\/\/www.isidorolab.com\/public\/wp-content\/uploads\/2019\/05\/2019-Immunopatologia-1.pdf\" target=\"_blank\" rel=\"noopener\">Lezione 19: Immunopatologia (Parte 1)<\/a><\/p><p><a href=\"http:\/\/www.isidorolab.com\/public\/wp-content\/uploads\/2019\/05\/2019-Immunopatologia-2.pdf\" target=\"_blank\" rel=\"noopener\">Lezione 20: Immunopatologia (Parte 2)<\/a><\/p><hr \/><p><strong>ESERCITAZIONI:<\/strong><\/p><ul><li><a href=\"http:\/\/www.isidorolab.com\/public\/wp-content\/uploads\/2015\/06\/DOMANDE-scritto-orale-diPATOLOGIA-GENERALE.pdf\">Domande scritto ed orale di Patologia Generale<\/a><\/li><li><a href=\"http:\/\/www.isidorolab.com\/public\/wp-content\/uploads\/2015\/06\/2015-DOMANDE-DI-ESAME-TEST-SCRITTO.pdf\">Domande di esame per Test scritto<\/a><\/li><\/ul>\t\t\t\t\t\t\t\t<\/div>\n\t\t\t\t<div class=\"elementor-element elementor-element-fdd5eab elementor-alert-info elementor-widget elementor-widget-alert\" data-id=\"fdd5eab\" data-element_type=\"widget\" data-widget_type=\"alert.default\">\n\t\t\t\t\t\t\t<div class=\"elementor-alert\" role=\"alert\">\n\n\t\t\t\t\t\t<span class=\"elementor-alert-title\">Avvisi:<\/span>\n\t\t\t\n\t\t\t\t\t\t<span class=\"elementor-alert-description\">Non ci sono avvisi al momento. <\/span>\n\t\t\t\n\t\t\t\t\t\t<button type=\"button\" class=\"elementor-alert-dismiss\" aria-label=\"Ignora questo avviso.\">\n\t\t\t\t\t\t\t\t\t<span aria-hidden=\"true\">&times;<\/span>\n\t\t\t\t\t\t\t<\/button>\n\t\t\t\n\t\t<\/div>\n\t\t\t\t\t\t<\/div>\n\t\t\t\t\t<\/div>\n\t\t<\/div>\n\t\t\t\t\t<\/div>\n\t\t<\/section>\n\t\t\t\t<\/div>\n\t\t<div style='text-align:center' class='yasr-auto-insert-visitor'><!--Yasr Visitor Votes Shortcode--><div id='yasr_visitor_votes_b586ade9499dc' class='yasr-visitor-votes'><div class=\"yasr-custom-text-vv-before yasr-custom-text-vv-before-640\">Clicca per votare questo articolo!<\/div><div id='yasr-vv-second-row-container-b586ade9499dc'\r\n                                        class='yasr-vv-second-row-container'><div id='yasr-visitor-votes-rater-b586ade9499dc'\r\n                                      class='yasr-rater-stars-vv'\r\n                                      data-rater-postid='640'\r\n                                      data-rating='0'\r\n                                      data-rater-starsize='32'\r\n                                      data-rater-readonly='false'\r\n                                      data-rater-nonce='a9de45a810'\r\n                                      data-issingular='false'\r\n                                    ><\/div><div class=\"yasr-vv-stats-text-container\" id=\"yasr-vv-stats-text-container-b586ade9499dc\"><svg xmlns=\"https:\/\/www.w3.org\/2000\/svg\" width=\"20\" height=\"20\"\r\n                                   class=\"yasr-dashicons-visitor-stats\"\r\n                                   data-postid=\"640\"\r\n                                   id=\"yasr-stats-dashicon-b586ade9499dc\">\r\n                                   <path d=\"M18 18v-16h-4v16h4zM12 18v-11h-4v11h4zM6 18v-8h-4v8h4z\"><\/path>\r\n                               <\/svg><span id=\"yasr-vv-text-container-b586ade9499dc\" class=\"yasr-vv-text-container\">[Total: <span id=\"yasr-vv-votes-number-container-b586ade9499dc\">0<\/span>  Average: <span id=\"yasr-vv-average-container-b586ade9499dc\">0<\/span>]<\/span><\/div><div id='yasr-vv-loader-b586ade9499dc' class='yasr-vv-container-loader'><\/div><\/div><div id='yasr-vv-bottom-container-b586ade9499dc' class='yasr-vv-bottom-container'><\/div><\/div><!--End Yasr Visitor Votes Shortcode--><\/div>","protected":false},"excerpt":{"rendered":"<p>Programma Eziologia Generale. Embriofetopatie. Aberrazioni cromosomiche. Sindromi di Down, Edwards, Pateau. Sindromi di Klinefelter e di Turner. Principali malattie genetiche mendeliane (Sindrome di Ehler-Danlos, di Marfan, ipercolesterolemia familiare, etc). Sindrome dell\u2019X-fragile. Malattie da accumulo lisosomico. Il danno cellulare e tissutale. Risposta reversibile e irreversibile al danno. Morte cellulare: necrosi, apoptosi e morte autofagica. L\u2019infiammazione. Angioflogosi&hellip;<\/p>\n","protected":false},"author":2,"featured_media":0,"parent":2325,"menu_order":3,"comment_status":"closed","ping_status":"closed","template":"","meta":{"yasr_overall_rating":0,"yasr_post_is_review":"","yasr_auto_insert_disabled":"","yasr_review_type":"","footnotes":""},"class_list":["post-640","page","type-page","status-publish","hentry"],"yoast_head":"<!-- This site is optimized with the Yoast SEO plugin v26.8 - https:\/\/yoast.com\/product\/yoast-seo-wordpress\/ -->\r\n<title>Laurea Triennale in Scienze Biologiche: Fondamenti di Patologia e Immunologia generale - IsidoroLab<\/title>\r\n<meta name=\"robots\" content=\"index, follow, max-snippet:-1, max-image-preview:large, max-video-preview:-1\" \/>\r\n<link rel=\"canonical\" href=\"http:\/\/www.isidorolab.com\/public\/index.php\/educational-activities\/laurea-triennale-in-scienze-biologiche-fondamenti-di-patologia-e-immunologia-generale\/\" \/>\r\n<meta property=\"og:locale\" content=\"it_IT\" \/>\r\n<meta property=\"og:type\" content=\"article\" \/>\r\n<meta property=\"og:title\" content=\"Laurea Triennale in Scienze Biologiche: Fondamenti di Patologia e Immunologia generale - IsidoroLab\" \/>\r\n<meta property=\"og:description\" content=\"Programma Eziologia Generale. Embriofetopatie. Aberrazioni cromosomiche. Sindromi di Down, Edwards, Pateau. Sindromi di Klinefelter e di Turner. Principali malattie genetiche mendeliane (Sindrome di Ehler-Danlos, di Marfan, ipercolesterolemia familiare, etc). Sindrome dell\u2019X-fragile. Malattie da accumulo lisosomico. Il danno cellulare e tissutale. Risposta reversibile e irreversibile al danno. Morte cellulare: necrosi, apoptosi e morte autofagica. L\u2019infiammazione. Angioflogosi&hellip;\" \/>\r\n<meta property=\"og:url\" content=\"http:\/\/www.isidorolab.com\/public\/index.php\/educational-activities\/laurea-triennale-in-scienze-biologiche-fondamenti-di-patologia-e-immunologia-generale\/\" \/>\r\n<meta property=\"og:site_name\" content=\"IsidoroLab\" \/>\r\n<meta property=\"article:modified_time\" content=\"2021-07-31T09:53:35+00:00\" \/>\r\n<meta name=\"twitter:card\" content=\"summary_large_image\" \/>\r\n<meta name=\"twitter:label1\" content=\"Tempo di lettura stimato\" \/>\n\t<meta name=\"twitter:data1\" content=\"3 minuti\" \/>\r\n<script type=\"application\/ld+json\" class=\"yoast-schema-graph\">{\"@context\":\"https:\/\/schema.org\",\"@graph\":[{\"@type\":\"WebPage\",\"@id\":\"http:\/\/www.isidorolab.com\/public\/index.php\/educational-activities\/laurea-triennale-in-scienze-biologiche-fondamenti-di-patologia-e-immunologia-generale\/\",\"url\":\"http:\/\/www.isidorolab.com\/public\/index.php\/educational-activities\/laurea-triennale-in-scienze-biologiche-fondamenti-di-patologia-e-immunologia-generale\/\",\"name\":\"Laurea Triennale in Scienze Biologiche: Fondamenti di Patologia e Immunologia generale - IsidoroLab\",\"isPartOf\":{\"@id\":\"https:\/\/www.isidorolab.com\/public\/#website\"},\"datePublished\":\"2015-05-03T14:47:24+00:00\",\"dateModified\":\"2021-07-31T09:53:35+00:00\",\"breadcrumb\":{\"@id\":\"http:\/\/www.isidorolab.com\/public\/index.php\/educational-activities\/laurea-triennale-in-scienze-biologiche-fondamenti-di-patologia-e-immunologia-generale\/#breadcrumb\"},\"inLanguage\":\"it-IT\",\"potentialAction\":[{\"@type\":\"ReadAction\",\"target\":[\"http:\/\/www.isidorolab.com\/public\/index.php\/educational-activities\/laurea-triennale-in-scienze-biologiche-fondamenti-di-patologia-e-immunologia-generale\/\"]}]},{\"@type\":\"BreadcrumbList\",\"@id\":\"http:\/\/www.isidorolab.com\/public\/index.php\/educational-activities\/laurea-triennale-in-scienze-biologiche-fondamenti-di-patologia-e-immunologia-generale\/#breadcrumb\",\"itemListElement\":[{\"@type\":\"ListItem\",\"position\":1,\"name\":\"Home\",\"item\":\"https:\/\/www.isidorolab.com\/public\/\"},{\"@type\":\"ListItem\",\"position\":2,\"name\":\"Educational Activities\",\"item\":\"https:\/\/www.isidorolab.com\/public\/index.php\/educational-activities\/\"},{\"@type\":\"ListItem\",\"position\":3,\"name\":\"Laurea Triennale in Scienze Biologiche: Fondamenti di Patologia e Immunologia generale\"}]},{\"@type\":\"WebSite\",\"@id\":\"https:\/\/www.isidorolab.com\/public\/#website\",\"url\":\"https:\/\/www.isidorolab.com\/public\/\",\"name\":\"IsidoroLab\",\"description\":\"\",\"potentialAction\":[{\"@type\":\"SearchAction\",\"target\":{\"@type\":\"EntryPoint\",\"urlTemplate\":\"https:\/\/www.isidorolab.com\/public\/?s={search_term_string}\"},\"query-input\":{\"@type\":\"PropertyValueSpecification\",\"valueRequired\":true,\"valueName\":\"search_term_string\"}}],\"inLanguage\":\"it-IT\"},false]}<\/script>\r\n<!-- \/ Yoast SEO plugin. -->","yoast_head_json":{"title":"Laurea Triennale in Scienze Biologiche: Fondamenti di Patologia e Immunologia generale - IsidoroLab","robots":{"index":"index","follow":"follow","max-snippet":"max-snippet:-1","max-image-preview":"max-image-preview:large","max-video-preview":"max-video-preview:-1"},"canonical":"http:\/\/www.isidorolab.com\/public\/index.php\/educational-activities\/laurea-triennale-in-scienze-biologiche-fondamenti-di-patologia-e-immunologia-generale\/","og_locale":"it_IT","og_type":"article","og_title":"Laurea Triennale in Scienze Biologiche: Fondamenti di Patologia e Immunologia generale - IsidoroLab","og_description":"Programma Eziologia Generale. Embriofetopatie. Aberrazioni cromosomiche. Sindromi di Down, Edwards, Pateau. Sindromi di Klinefelter e di Turner. Principali malattie genetiche mendeliane (Sindrome di Ehler-Danlos, di Marfan, ipercolesterolemia familiare, etc). Sindrome dell\u2019X-fragile. Malattie da accumulo lisosomico. Il danno cellulare e tissutale. Risposta reversibile e irreversibile al danno. Morte cellulare: necrosi, apoptosi e morte autofagica. L\u2019infiammazione. Angioflogosi&hellip;","og_url":"http:\/\/www.isidorolab.com\/public\/index.php\/educational-activities\/laurea-triennale-in-scienze-biologiche-fondamenti-di-patologia-e-immunologia-generale\/","og_site_name":"IsidoroLab","article_modified_time":"2021-07-31T09:53:35+00:00","twitter_card":"summary_large_image","twitter_misc":{"Tempo di lettura stimato":"3 minuti"},"schema":{"@context":"https:\/\/schema.org","@graph":[{"@type":"WebPage","@id":"http:\/\/www.isidorolab.com\/public\/index.php\/educational-activities\/laurea-triennale-in-scienze-biologiche-fondamenti-di-patologia-e-immunologia-generale\/","url":"http:\/\/www.isidorolab.com\/public\/index.php\/educational-activities\/laurea-triennale-in-scienze-biologiche-fondamenti-di-patologia-e-immunologia-generale\/","name":"Laurea Triennale in Scienze Biologiche: Fondamenti di Patologia e Immunologia generale - IsidoroLab","isPartOf":{"@id":"https:\/\/www.isidorolab.com\/public\/#website"},"datePublished":"2015-05-03T14:47:24+00:00","dateModified":"2021-07-31T09:53:35+00:00","breadcrumb":{"@id":"http:\/\/www.isidorolab.com\/public\/index.php\/educational-activities\/laurea-triennale-in-scienze-biologiche-fondamenti-di-patologia-e-immunologia-generale\/#breadcrumb"},"inLanguage":"it-IT","potentialAction":[{"@type":"ReadAction","target":["http:\/\/www.isidorolab.com\/public\/index.php\/educational-activities\/laurea-triennale-in-scienze-biologiche-fondamenti-di-patologia-e-immunologia-generale\/"]}]},{"@type":"BreadcrumbList","@id":"http:\/\/www.isidorolab.com\/public\/index.php\/educational-activities\/laurea-triennale-in-scienze-biologiche-fondamenti-di-patologia-e-immunologia-generale\/#breadcrumb","itemListElement":[{"@type":"ListItem","position":1,"name":"Home","item":"https:\/\/www.isidorolab.com\/public\/"},{"@type":"ListItem","position":2,"name":"Educational Activities","item":"https:\/\/www.isidorolab.com\/public\/index.php\/educational-activities\/"},{"@type":"ListItem","position":3,"name":"Laurea Triennale in Scienze Biologiche: Fondamenti di Patologia e Immunologia generale"}]},{"@type":"WebSite","@id":"https:\/\/www.isidorolab.com\/public\/#website","url":"https:\/\/www.isidorolab.com\/public\/","name":"IsidoroLab","description":"","potentialAction":[{"@type":"SearchAction","target":{"@type":"EntryPoint","urlTemplate":"https:\/\/www.isidorolab.com\/public\/?s={search_term_string}"},"query-input":{"@type":"PropertyValueSpecification","valueRequired":true,"valueName":"search_term_string"}}],"inLanguage":"it-IT"},false]}},"yasr_visitor_votes":{"stars_attributes":{"read_only":false,"span_bottom":false},"number_of_votes":0,"sum_votes":0},"_links":{"self":[{"href":"http:\/\/www.isidorolab.com\/public\/index.php\/wp-json\/wp\/v2\/pages\/640","targetHints":{"allow":["GET"]}}],"collection":[{"href":"http:\/\/www.isidorolab.com\/public\/index.php\/wp-json\/wp\/v2\/pages"}],"about":[{"href":"http:\/\/www.isidorolab.com\/public\/index.php\/wp-json\/wp\/v2\/types\/page"}],"author":[{"embeddable":true,"href":"http:\/\/www.isidorolab.com\/public\/index.php\/wp-json\/wp\/v2\/users\/2"}],"replies":[{"embeddable":true,"href":"http:\/\/www.isidorolab.com\/public\/index.php\/wp-json\/wp\/v2\/comments?post=640"}],"version-history":[{"count":7,"href":"http:\/\/www.isidorolab.com\/public\/index.php\/wp-json\/wp\/v2\/pages\/640\/revisions"}],"predecessor-version":[{"id":2403,"href":"http:\/\/www.isidorolab.com\/public\/index.php\/wp-json\/wp\/v2\/pages\/640\/revisions\/2403"}],"up":[{"embeddable":true,"href":"http:\/\/www.isidorolab.com\/public\/index.php\/wp-json\/wp\/v2\/pages\/2325"}],"wp:attachment":[{"href":"http:\/\/www.isidorolab.com\/public\/index.php\/wp-json\/wp\/v2\/media?parent=640"}],"curies":[{"name":"wp","href":"https:\/\/api.w.org\/{rel}","templated":true}]}}