{"id":650,"date":"2015-05-03T16:49:43","date_gmt":"2015-05-03T14:49:43","guid":{"rendered":"https:\/\/isidorolab.wordpress.com\/?page_id=650"},"modified":"2021-07-31T11:31:01","modified_gmt":"2021-07-31T09:31:01","slug":"laurea-magistrale-in-biologia-laboratorio-di-patologia-molecolare","status":"publish","type":"page","link":"http:\/\/www.isidorolab.com\/public\/index.php\/educational-activities\/laurea-magistrale-in-biologia-laboratorio-di-patologia-molecolare\/","title":{"rendered":"Laurea Magistrale in Biologia: Laboratorio di Patologia Molecolare"},"content":{"rendered":"\t\t<div data-elementor-type=\"wp-page\" data-elementor-id=\"650\" class=\"elementor elementor-650\">\n\t\t\t\t\t\t<section class=\"elementor-section elementor-top-section elementor-element elementor-element-731b4bd0 elementor-section-stretched elementor-section-boxed elementor-section-height-default elementor-section-height-default\" data-id=\"731b4bd0\" data-element_type=\"section\" data-settings=\"{&quot;stretch_section&quot;:&quot;section-stretched&quot;}\">\n\t\t\t\t\t\t<div class=\"elementor-container elementor-column-gap-narrow\">\n\t\t\t\t\t<div class=\"elementor-column elementor-col-100 elementor-top-column elementor-element elementor-element-c4f6a86\" data-id=\"c4f6a86\" data-element_type=\"column\">\n\t\t\t<div class=\"elementor-widget-wrap elementor-element-populated\">\n\t\t\t\t\t\t<div class=\"elementor-element elementor-element-1963c3b5 elementor-widget elementor-widget-text-editor\" data-id=\"1963c3b5\" data-element_type=\"widget\" data-widget_type=\"text-editor.default\">\n\t\t\t\t\t\t\t\t\t<h3 style=\"text-align: center;\"><strong><span style=\"color: #000080;\">PROGRAMMA\u00a0<\/span> <\/strong><\/h3><h3 style=\"text-align: center;\"><strong>\u00a0<\/strong><\/h3><p><span style=\"color: #000080;\"><strong>1\u00b0 Lezione<\/strong><\/span><\/p><p><strong>Prima Parte<\/strong><\/p><ul><li>Lezione teorico-pratica in laboratorio sulle tecniche di coltivazione delle cellule in sterilit\u00e0, conte cellulari e discriminazione cellule vitali e necrotiche. Esercitazione.<\/li><\/ul><p><strong>Seconda Parte<\/strong><\/p><ul><li>Esercitazione in laboratorio. Preparazione gel di acrilammide per SDS-PAGE. Preparazione tamponi di corsa. Preparazione di omogenati cellulari e dosaggio proteico. Denaturazione campioni.<\/li><\/ul><p><strong><span style=\"color: #000080;\">2\u00b0 Lezione<\/span><\/strong><\/p><p><strong>Prima Parte<\/strong><\/p><ul><li>Esercitazione in laboratorio. Caricamento campioni su SDS-PAGE, corsa elettroforetica. Lezione teorica su Western (immuno-) blotting. Esercitazione: trasferimento su nitrocellulosa.<\/li><\/ul><p><strong>Seconda Parte<\/strong><\/p><ul><li>Esercitazione in laboratorio. Tecnica dell\u2019immunofluorescenza. Tecniche di imaging in cellule vitali. Preparazione dei vetrini da microscopia. Piastramento delle cellule su vetrino per imaging in fluorescenza. Uso del microscopio a fluorescenza. Software per Imaging.<\/li><\/ul><p><strong><span style=\"color: #000080;\">Terza Lezione<\/span><\/strong><\/p><p><strong>Prima Parte<\/strong><\/p><ul><li>Esercitazione in laboratorio. Sviluppo immunoblotting e analisi densitometrica delle bande.<\/li><li>Incubazione cellule per trattamenti citotossici con farmaci chemioterapici e pro-ossidanti.<\/li><\/ul><p><strong>Seconda Parte<\/strong><\/p><ul><li>Esercitazione in laboratorio. Utilizzo sonde fluorescenti per analisi dello stress ossidativo e della morte cellulare per necrosi. Sonde fluorescenti per cellule vitali. Sonde fluorescenti per stress ossidativo mitocondriale e citoplasmatico. Osservazioni al microscopio a fluorescenza.<\/li><\/ul><p><strong><span style=\"color: #000080;\">Quarta Lezione<\/span><\/strong><\/p><p><strong>Prima Parte<\/strong><\/p><ul><li>Esercitazione in laboratorio. Lezione su autofagia e tecniche di analisi con GFP-LC3. Esercitazione. Tecniche di trasfezione plasmidiale.<\/li><\/ul><p><strong>Seconda Parte<\/strong><\/p><ul><li>Esercitazione in laboratorio. Osservazioni al microscopio a fluorescenza. Analisi dell\u2019autofagia con GFP-LC3. Immunofluorescenza.<\/li><\/ul><p><strong><span style=\"color: #000080;\">Quinta Lezione<\/span> <\/strong><\/p><p><strong>Prima Parte<\/strong><\/p><ul><li>Introduzione alla citofluorimetria. Principi teorici. Analisi del ciclo cellulare.<\/li><\/ul><p><strong>Seconda Parte<\/strong><\/p><ul><li>Analisi al citofluorimetro della morte cellulare: discriminazione apoptosi e necrosi con AnnessinaV-FITC e Ioduro di Propidio.<\/li><\/ul><hr \/><h3 style=\"text-align: center;\"><span style=\"color: #000080;\">Materiale Didattico<\/span><\/h3><p>Il materiale didattico verr\u00e0 fornito dal docente durante le lezioni. Inoltre, lo studente deve possedere le conoscenze di base di Biologia Cellulare e Molecolare e di Patologia Generale.<\/p><p>\u00a0<\/p><div>\u00a0<\/div>\t\t\t\t\t\t\t\t<\/div>\n\t\t\t\t<div class=\"elementor-element elementor-element-fcac1b4 elementor-alert-info elementor-widget elementor-widget-alert\" data-id=\"fcac1b4\" data-element_type=\"widget\" data-widget_type=\"alert.default\">\n\t\t\t\t\t\t\t<div class=\"elementor-alert\" role=\"alert\">\n\n\t\t\t\t\t\t<span class=\"elementor-alert-title\">Avvisi:<\/span>\n\t\t\t\n\t\t\t\t\t\t<span class=\"elementor-alert-description\">Il corso di LABORATORIO DI PATOLOGIA CELLULARE E MOLECOLARE si svolge a Novara, presso il Laboratorio del Docente a Palazzo Bellini, in Via Paolo Solaroli 17, Dipartimento di Scienze della Salute.\n\nIl corso dura complessivamente 48 ore e si svolge nell'arco di una settimana \"full-immersion\".\u00a0\n\nLe lezioni teorico-pratiche si svolgono dalle ore 08.00 alle 19.00, ad eccezione del primo giorno con inizio alle ore 08.30. Il programma del corso \u00e8 pubblicato sul sito UPO e su questo sito.\n\nL'iscrizione al corso \u00e8 obbligatoria. Inviare email al docente un mese prima dell'inizio delle lezioni.\n\nObbligatorio l'uso del camice bianco; capelli lunghi legati dietro la schiena o raccolti; informare se allergici ai guanti di lattice.\u00a0\u00a0\nAl termine del corso, \u00e8 possibile (facoltativo) sostenere il test scritto e il colloquio orale con validit\u00e0 di esame (che sar\u00e0 registrato al primo appello utile, previa iscrizione come da regolamento).\n\nPS: Per informazioni NON presenti sul sito UPO e su questa pagina, contattare il docente via email.<\/span>\n\t\t\t\n\t\t\t\t\t\t<button type=\"button\" class=\"elementor-alert-dismiss\" aria-label=\"Ignora questo avviso.\">\n\t\t\t\t\t\t\t\t\t<span aria-hidden=\"true\">&times;<\/span>\n\t\t\t\t\t\t\t<\/button>\n\t\t\t\n\t\t<\/div>\n\t\t\t\t\t\t<\/div>\n\t\t\t\t\t<\/div>\n\t\t<\/div>\n\t\t\t\t\t<\/div>\n\t\t<\/section>\n\t\t\t\t<\/div>\n\t\t<div style='text-align:center' class='yasr-auto-insert-visitor'><!--Yasr Visitor Votes Shortcode--><div id='yasr_visitor_votes_96b9de26f870a' class='yasr-visitor-votes'><div class=\"yasr-custom-text-vv-before yasr-custom-text-vv-before-650\">Clicca per votare questo articolo!<\/div><div id='yasr-vv-second-row-container-96b9de26f870a'\r\n                                        class='yasr-vv-second-row-container'><div id='yasr-visitor-votes-rater-96b9de26f870a'\r\n                                      class='yasr-rater-stars-vv'\r\n                                      data-rater-postid='650'\r\n                                      data-rating='0'\r\n                                      data-rater-starsize='32'\r\n                                      data-rater-readonly='false'\r\n                                      data-rater-nonce='72126663cd'\r\n                                      data-issingular='false'\r\n                                    ><\/div><div class=\"yasr-vv-stats-text-container\" id=\"yasr-vv-stats-text-container-96b9de26f870a\"><svg xmlns=\"https:\/\/www.w3.org\/2000\/svg\" width=\"20\" height=\"20\"\r\n                                   class=\"yasr-dashicons-visitor-stats\"\r\n                                   data-postid=\"650\"\r\n                                   id=\"yasr-stats-dashicon-96b9de26f870a\">\r\n                                   <path d=\"M18 18v-16h-4v16h4zM12 18v-11h-4v11h4zM6 18v-8h-4v8h4z\"><\/path>\r\n                               <\/svg><span id=\"yasr-vv-text-container-96b9de26f870a\" class=\"yasr-vv-text-container\">[Total: <span id=\"yasr-vv-votes-number-container-96b9de26f870a\">0<\/span>  Average: <span id=\"yasr-vv-average-container-96b9de26f870a\">0<\/span>]<\/span><\/div><div id='yasr-vv-loader-96b9de26f870a' class='yasr-vv-container-loader'><\/div><\/div><div id='yasr-vv-bottom-container-96b9de26f870a' class='yasr-vv-bottom-container'><\/div><\/div><!--End Yasr Visitor Votes Shortcode--><\/div>","protected":false},"excerpt":{"rendered":"<p>PROGRAMMA\u00a0 \u00a0 1\u00b0 Lezione Prima Parte Lezione teorico-pratica in laboratorio sulle tecniche di coltivazione delle cellule in sterilit\u00e0, conte cellulari e discriminazione cellule vitali e necrotiche. Esercitazione. Seconda Parte Esercitazione in laboratorio. Preparazione gel di acrilammide per SDS-PAGE. Preparazione tamponi di corsa. Preparazione di omogenati cellulari e dosaggio proteico. Denaturazione campioni. 2\u00b0 Lezione Prima Parte&hellip;<\/p>\n","protected":false},"author":2,"featured_media":0,"parent":2325,"menu_order":4,"comment_status":"closed","ping_status":"closed","template":"","meta":{"yasr_overall_rating":0,"yasr_post_is_review":"","yasr_auto_insert_disabled":"","yasr_review_type":"","footnotes":""},"class_list":["post-650","page","type-page","status-publish","hentry"],"yoast_head":"<!-- This site is optimized with the Yoast SEO plugin v26.8 - https:\/\/yoast.com\/product\/yoast-seo-wordpress\/ -->\r\n<title>Laurea Magistrale in Biologia: Laboratorio di Patologia Molecolare - IsidoroLab<\/title>\r\n<meta name=\"robots\" content=\"index, follow, max-snippet:-1, max-image-preview:large, max-video-preview:-1\" \/>\r\n<link rel=\"canonical\" href=\"https:\/\/www.isidorolab.com\/public\/index.php\/educational-activities\/laurea-magistrale-in-biologia-laboratorio-di-patologia-molecolare\/\" \/>\r\n<meta property=\"og:locale\" content=\"it_IT\" \/>\r\n<meta property=\"og:type\" content=\"article\" \/>\r\n<meta property=\"og:title\" content=\"Laurea Magistrale in Biologia: Laboratorio di Patologia Molecolare - IsidoroLab\" \/>\r\n<meta property=\"og:description\" content=\"PROGRAMMA\u00a0 \u00a0 1\u00b0 Lezione Prima Parte Lezione teorico-pratica in laboratorio sulle tecniche di coltivazione delle cellule in sterilit\u00e0, conte cellulari e discriminazione cellule vitali e necrotiche. Esercitazione. Seconda Parte Esercitazione in laboratorio. Preparazione gel di acrilammide per SDS-PAGE. Preparazione tamponi di corsa. Preparazione di omogenati cellulari e dosaggio proteico. Denaturazione campioni. 2\u00b0 Lezione Prima Parte&hellip;\" \/>\r\n<meta property=\"og:url\" content=\"https:\/\/www.isidorolab.com\/public\/index.php\/educational-activities\/laurea-magistrale-in-biologia-laboratorio-di-patologia-molecolare\/\" \/>\r\n<meta property=\"og:site_name\" content=\"IsidoroLab\" \/>\r\n<meta property=\"article:modified_time\" content=\"2021-07-31T09:31:01+00:00\" \/>\r\n<meta name=\"twitter:card\" content=\"summary_large_image\" \/>\r\n<meta name=\"twitter:label1\" content=\"Tempo di lettura stimato\" \/>\n\t<meta name=\"twitter:data1\" content=\"2 minuti\" \/>\r\n<script type=\"application\/ld+json\" class=\"yoast-schema-graph\">{\"@context\":\"https:\/\/schema.org\",\"@graph\":[{\"@type\":\"WebPage\",\"@id\":\"https:\/\/www.isidorolab.com\/public\/index.php\/educational-activities\/laurea-magistrale-in-biologia-laboratorio-di-patologia-molecolare\/\",\"url\":\"https:\/\/www.isidorolab.com\/public\/index.php\/educational-activities\/laurea-magistrale-in-biologia-laboratorio-di-patologia-molecolare\/\",\"name\":\"Laurea Magistrale in Biologia: Laboratorio di Patologia Molecolare - IsidoroLab\",\"isPartOf\":{\"@id\":\"https:\/\/www.isidorolab.com\/public\/#website\"},\"datePublished\":\"2015-05-03T14:49:43+00:00\",\"dateModified\":\"2021-07-31T09:31:01+00:00\",\"breadcrumb\":{\"@id\":\"https:\/\/www.isidorolab.com\/public\/index.php\/educational-activities\/laurea-magistrale-in-biologia-laboratorio-di-patologia-molecolare\/#breadcrumb\"},\"inLanguage\":\"it-IT\",\"potentialAction\":[{\"@type\":\"ReadAction\",\"target\":[\"https:\/\/www.isidorolab.com\/public\/index.php\/educational-activities\/laurea-magistrale-in-biologia-laboratorio-di-patologia-molecolare\/\"]}]},{\"@type\":\"BreadcrumbList\",\"@id\":\"https:\/\/www.isidorolab.com\/public\/index.php\/educational-activities\/laurea-magistrale-in-biologia-laboratorio-di-patologia-molecolare\/#breadcrumb\",\"itemListElement\":[{\"@type\":\"ListItem\",\"position\":1,\"name\":\"Home\",\"item\":\"https:\/\/www.isidorolab.com\/public\/\"},{\"@type\":\"ListItem\",\"position\":2,\"name\":\"Educational Activities\",\"item\":\"http:\/\/www.isidorolab.com\/public\/index.php\/educational-activities\/\"},{\"@type\":\"ListItem\",\"position\":3,\"name\":\"Laurea Magistrale in Biologia: Laboratorio di Patologia Molecolare\"}]},{\"@type\":\"WebSite\",\"@id\":\"https:\/\/www.isidorolab.com\/public\/#website\",\"url\":\"https:\/\/www.isidorolab.com\/public\/\",\"name\":\"IsidoroLab\",\"description\":\"\",\"potentialAction\":[{\"@type\":\"SearchAction\",\"target\":{\"@type\":\"EntryPoint\",\"urlTemplate\":\"https:\/\/www.isidorolab.com\/public\/?s={search_term_string}\"},\"query-input\":{\"@type\":\"PropertyValueSpecification\",\"valueRequired\":true,\"valueName\":\"search_term_string\"}}],\"inLanguage\":\"it-IT\"},false]}<\/script>\r\n<!-- \/ Yoast SEO plugin. -->","yoast_head_json":{"title":"Laurea Magistrale in Biologia: Laboratorio di Patologia Molecolare - IsidoroLab","robots":{"index":"index","follow":"follow","max-snippet":"max-snippet:-1","max-image-preview":"max-image-preview:large","max-video-preview":"max-video-preview:-1"},"canonical":"https:\/\/www.isidorolab.com\/public\/index.php\/educational-activities\/laurea-magistrale-in-biologia-laboratorio-di-patologia-molecolare\/","og_locale":"it_IT","og_type":"article","og_title":"Laurea Magistrale in Biologia: Laboratorio di Patologia Molecolare - IsidoroLab","og_description":"PROGRAMMA\u00a0 \u00a0 1\u00b0 Lezione Prima Parte Lezione teorico-pratica in laboratorio sulle tecniche di coltivazione delle cellule in sterilit\u00e0, conte cellulari e discriminazione cellule vitali e necrotiche. Esercitazione. Seconda Parte Esercitazione in laboratorio. Preparazione gel di acrilammide per SDS-PAGE. Preparazione tamponi di corsa. Preparazione di omogenati cellulari e dosaggio proteico. Denaturazione campioni. 2\u00b0 Lezione Prima Parte&hellip;","og_url":"https:\/\/www.isidorolab.com\/public\/index.php\/educational-activities\/laurea-magistrale-in-biologia-laboratorio-di-patologia-molecolare\/","og_site_name":"IsidoroLab","article_modified_time":"2021-07-31T09:31:01+00:00","twitter_card":"summary_large_image","twitter_misc":{"Tempo di lettura stimato":"2 minuti"},"schema":{"@context":"https:\/\/schema.org","@graph":[{"@type":"WebPage","@id":"https:\/\/www.isidorolab.com\/public\/index.php\/educational-activities\/laurea-magistrale-in-biologia-laboratorio-di-patologia-molecolare\/","url":"https:\/\/www.isidorolab.com\/public\/index.php\/educational-activities\/laurea-magistrale-in-biologia-laboratorio-di-patologia-molecolare\/","name":"Laurea Magistrale in Biologia: Laboratorio di Patologia Molecolare - IsidoroLab","isPartOf":{"@id":"https:\/\/www.isidorolab.com\/public\/#website"},"datePublished":"2015-05-03T14:49:43+00:00","dateModified":"2021-07-31T09:31:01+00:00","breadcrumb":{"@id":"https:\/\/www.isidorolab.com\/public\/index.php\/educational-activities\/laurea-magistrale-in-biologia-laboratorio-di-patologia-molecolare\/#breadcrumb"},"inLanguage":"it-IT","potentialAction":[{"@type":"ReadAction","target":["https:\/\/www.isidorolab.com\/public\/index.php\/educational-activities\/laurea-magistrale-in-biologia-laboratorio-di-patologia-molecolare\/"]}]},{"@type":"BreadcrumbList","@id":"https:\/\/www.isidorolab.com\/public\/index.php\/educational-activities\/laurea-magistrale-in-biologia-laboratorio-di-patologia-molecolare\/#breadcrumb","itemListElement":[{"@type":"ListItem","position":1,"name":"Home","item":"https:\/\/www.isidorolab.com\/public\/"},{"@type":"ListItem","position":2,"name":"Educational Activities","item":"http:\/\/www.isidorolab.com\/public\/index.php\/educational-activities\/"},{"@type":"ListItem","position":3,"name":"Laurea Magistrale in Biologia: Laboratorio di Patologia Molecolare"}]},{"@type":"WebSite","@id":"https:\/\/www.isidorolab.com\/public\/#website","url":"https:\/\/www.isidorolab.com\/public\/","name":"IsidoroLab","description":"","potentialAction":[{"@type":"SearchAction","target":{"@type":"EntryPoint","urlTemplate":"https:\/\/www.isidorolab.com\/public\/?s={search_term_string}"},"query-input":{"@type":"PropertyValueSpecification","valueRequired":true,"valueName":"search_term_string"}}],"inLanguage":"it-IT"},false]}},"yasr_visitor_votes":{"stars_attributes":{"read_only":false,"span_bottom":false},"number_of_votes":0,"sum_votes":0},"_links":{"self":[{"href":"http:\/\/www.isidorolab.com\/public\/index.php\/wp-json\/wp\/v2\/pages\/650","targetHints":{"allow":["GET"]}}],"collection":[{"href":"http:\/\/www.isidorolab.com\/public\/index.php\/wp-json\/wp\/v2\/pages"}],"about":[{"href":"http:\/\/www.isidorolab.com\/public\/index.php\/wp-json\/wp\/v2\/types\/page"}],"author":[{"embeddable":true,"href":"http:\/\/www.isidorolab.com\/public\/index.php\/wp-json\/wp\/v2\/users\/2"}],"replies":[{"embeddable":true,"href":"http:\/\/www.isidorolab.com\/public\/index.php\/wp-json\/wp\/v2\/comments?post=650"}],"version-history":[{"count":20,"href":"http:\/\/www.isidorolab.com\/public\/index.php\/wp-json\/wp\/v2\/pages\/650\/revisions"}],"predecessor-version":[{"id":2364,"href":"http:\/\/www.isidorolab.com\/public\/index.php\/wp-json\/wp\/v2\/pages\/650\/revisions\/2364"}],"up":[{"embeddable":true,"href":"http:\/\/www.isidorolab.com\/public\/index.php\/wp-json\/wp\/v2\/pages\/2325"}],"wp:attachment":[{"href":"http:\/\/www.isidorolab.com\/public\/index.php\/wp-json\/wp\/v2\/media?parent=650"}],"curies":[{"name":"wp","href":"https:\/\/api.w.org\/{rel}","templated":true}]}}