{"id":935,"date":"2015-06-09T14:01:00","date_gmt":"2015-06-09T12:01:00","guid":{"rendered":"http:\/\/www.isidorolab.com\/public\/?page_id=935"},"modified":"2021-09-08T16:51:12","modified_gmt":"2021-09-08T14:51:12","slug":"affiliations","status":"publish","type":"page","link":"http:\/\/www.isidorolab.com\/public\/index.php\/head\/affiliations\/","title":{"rendered":"Affiliations"},"content":{"rendered":"\t\t<div data-elementor-type=\"wp-page\" data-elementor-id=\"935\" class=\"elementor elementor-935\">\n\t\t\t\t\t\t<section class=\"elementor-section elementor-top-section elementor-element elementor-element-502eea9b elementor-section-stretched elementor-section-boxed elementor-section-height-default elementor-section-height-default\" data-id=\"502eea9b\" data-element_type=\"section\" data-settings=\"{&quot;stretch_section&quot;:&quot;section-stretched&quot;}\">\n\t\t\t\t\t\t<div class=\"elementor-container elementor-column-gap-narrow\">\n\t\t\t\t\t<div class=\"elementor-column elementor-col-100 elementor-top-column elementor-element elementor-element-762a34b0\" data-id=\"762a34b0\" data-element_type=\"column\">\n\t\t\t<div class=\"elementor-widget-wrap elementor-element-populated\">\n\t\t\t\t\t\t<div class=\"elementor-element elementor-element-55e50784 elementor-widget elementor-widget-text-editor\" data-id=\"55e50784\" data-element_type=\"widget\" data-widget_type=\"text-editor.default\">\n\t\t\t\t\t\t\t\t\t<p style=\"text-align: center;\"><img decoding=\"async\" class=\"wp-image-2172 size-medium aligncenter\" src=\"http:\/\/www.isidorolab.com\/public\/wp-content\/uploads\/2021\/07\/1200px-Logo_Universita_del_Piemonte_Orientale-300x139.png\" alt=\"\" width=\"300\" height=\"139\" srcset=\"http:\/\/www.isidorolab.com\/public\/wp-content\/uploads\/2021\/07\/1200px-Logo_Universita_del_Piemonte_Orientale-300x139.png 300w, http:\/\/www.isidorolab.com\/public\/wp-content\/uploads\/2021\/07\/1200px-Logo_Universita_del_Piemonte_Orientale-1024x475.png 1024w, http:\/\/www.isidorolab.com\/public\/wp-content\/uploads\/2021\/07\/1200px-Logo_Universita_del_Piemonte_Orientale-768x356.png 768w, http:\/\/www.isidorolab.com\/public\/wp-content\/uploads\/2021\/07\/1200px-Logo_Universita_del_Piemonte_Orientale.png 1200w\" sizes=\"(max-width: 300px) 100vw, 300px\" \/> \u00a0<strong>Universit\u00e0 del Piemonte Orientale &#8220;Amedeo Avogadro&#8221;; Professore Ordinario.<\/strong><\/p><hr \/><p><img decoding=\"async\" class=\"size-full wp-image-2094 aligncenter\" src=\"http:\/\/www.isidorolab.com\/public\/wp-content\/uploads\/2021\/07\/492f7de87b9055f5ec5803c490226dc6.png\" alt=\"\" width=\"178\" height=\"138\" \/><\/p><p><strong>Universit\u00e9 de Franche-Comt\u00e9<\/strong>, Facult\u00e9 de M\u00e9decine et de Pharmacie (<em>Besan\u00e7on, France),\u00a0<strong>Professeur Honoraire<\/strong><\/em><\/p><hr \/><p><img decoding=\"async\" class=\" wp-image-2095 aligncenter\" src=\"http:\/\/www.isidorolab.com\/public\/wp-content\/uploads\/2021\/07\/e1805eee-504a-4399-b490-23ce57d06449-300x300.png\" alt=\"\" width=\"157\" height=\"157\" srcset=\"http:\/\/www.isidorolab.com\/public\/wp-content\/uploads\/2021\/07\/e1805eee-504a-4399-b490-23ce57d06449-300x300.png 300w, http:\/\/www.isidorolab.com\/public\/wp-content\/uploads\/2021\/07\/e1805eee-504a-4399-b490-23ce57d06449-150x150.png 150w, http:\/\/www.isidorolab.com\/public\/wp-content\/uploads\/2021\/07\/e1805eee-504a-4399-b490-23ce57d06449.png 400w\" sizes=\"(max-width: 157px) 100vw, 157px\" \/><\/p><p><strong>University of Oklahoma Health Science Center (OUHSC)<\/strong>, Oklahoma City (OK, US), Department of Cell Biology, <strong><em>Visiting Professor <\/em><\/strong><\/p><hr \/><p><img loading=\"lazy\" decoding=\"async\" class=\" wp-image-2298 aligncenter\" src=\"http:\/\/www.isidorolab.com\/public\/wp-content\/uploads\/2021\/07\/Mahidol_U-300x300.png\" alt=\"\" width=\"150\" height=\"150\" srcset=\"http:\/\/www.isidorolab.com\/public\/wp-content\/uploads\/2021\/07\/Mahidol_U-300x300.png 300w, http:\/\/www.isidorolab.com\/public\/wp-content\/uploads\/2021\/07\/Mahidol_U-150x150.png 150w, http:\/\/www.isidorolab.com\/public\/wp-content\/uploads\/2021\/07\/Mahidol_U-768x768.png 768w, http:\/\/www.isidorolab.com\/public\/wp-content\/uploads\/2021\/07\/Mahidol_U.png 815w\" sizes=\"(max-width: 150px) 100vw, 150px\" \/><\/p><p><strong>Mahidol University, Siriraj Hospital Faculty of Medicine<\/strong>, Bangkok (Thailand), <em><strong>Visiting Professor\u00a0<\/strong><\/em><\/p><hr \/><p><img loading=\"lazy\" decoding=\"async\" class=\"wp-image-2299 aligncenter\" src=\"http:\/\/www.isidorolab.com\/public\/wp-content\/uploads\/2021\/07\/images-7-300x300.jpeg\" alt=\"\" width=\"195\" height=\"195\" srcset=\"http:\/\/www.isidorolab.com\/public\/wp-content\/uploads\/2021\/07\/images-7-300x300.jpeg 300w, http:\/\/www.isidorolab.com\/public\/wp-content\/uploads\/2021\/07\/images-7-150x150.jpeg 150w, http:\/\/www.isidorolab.com\/public\/wp-content\/uploads\/2021\/07\/images-7.jpeg 554w\" sizes=\"(max-width: 195px) 100vw, 195px\" \/><\/p><p><strong>Chulalongkorn University, Faculty of Allied Health Sciences,<\/strong> Bangkok (Thailand), <strong><em>Visiting Professor<\/em><\/strong><\/p><hr \/><p><img loading=\"lazy\" decoding=\"async\" class=\"aligncenter wp-image-2300\" src=\"http:\/\/www.isidorolab.com\/public\/wp-content\/uploads\/2021\/07\/icrcLogo-300x55.png\" alt=\"\" width=\"350\" height=\"64\" srcset=\"http:\/\/www.isidorolab.com\/public\/wp-content\/uploads\/2021\/07\/icrcLogo-300x55.png 300w, http:\/\/www.isidorolab.com\/public\/wp-content\/uploads\/2021\/07\/icrcLogo-768x141.png 768w, http:\/\/www.isidorolab.com\/public\/wp-content\/uploads\/2021\/07\/icrcLogo.png 950w\" sizes=\"(max-width: 350px) 100vw, 350px\" \/><\/p><p><strong>Integrative Cancer Research Center at Georgia Institute of Technology \u00a0<\/strong>(Georgia Tech University, Atlanta, US)<\/p><hr \/><p><img loading=\"lazy\" decoding=\"async\" class=\"size-medium wp-image-2301 aligncenter\" src=\"http:\/\/www.isidorolab.com\/public\/wp-content\/uploads\/2021\/07\/unnamed1-300x38.jpg\" alt=\"\" width=\"300\" height=\"38\" srcset=\"http:\/\/www.isidorolab.com\/public\/wp-content\/uploads\/2021\/07\/unnamed1-300x38.jpg 300w, http:\/\/www.isidorolab.com\/public\/wp-content\/uploads\/2021\/07\/unnamed1.jpg 512w\" sizes=\"(max-width: 300px) 100vw, 300px\" \/><\/p><p><strong>Centro Interuniversitario di Neuroscienze <\/strong><\/p><hr \/><p><img loading=\"lazy\" decoding=\"async\" class=\"size-medium wp-image-2302 aligncenter\" src=\"http:\/\/www.isidorolab.com\/public\/wp-content\/uploads\/2021\/07\/logo-300x104.jpg\" alt=\"\" width=\"300\" height=\"104\" srcset=\"http:\/\/www.isidorolab.com\/public\/wp-content\/uploads\/2021\/07\/logo-300x104.jpg 300w, http:\/\/www.isidorolab.com\/public\/wp-content\/uploads\/2021\/07\/logo.jpg 420w\" sizes=\"(max-width: 300px) 100vw, 300px\" \/><\/p><p><strong>Consorzio InterUniversitario Biotecnologie (Responsabile Unit\u00e0 Operativa) <\/strong><\/p><hr \/><p style=\"text-align: center;\"><span style=\"color: #000080;\"><strong>SCIENTIFIC SOCIETIES MEMBERSHIP<\/strong><\/span><\/p><ul><li><strong><em>\u00a0<\/em><\/strong><em>International Association of Traditional and Complementary Medicine\u00a0<strong>Executive Vice President<\/strong><br \/><\/em><\/li><li><em>International Society of Precision in Cancer Medicine <\/em>(founding member)<\/li><li><em>European Association of Cancer Research<\/em><\/li><li><em>International Proteolysis Society (founding member)<\/em><\/li><li><em>European Neurochemistry Society<\/em><\/li><li><em>Associazione di Biologia Cellulare e del Differenziamento (ABCD \/FISV) (founding member)<\/em><\/li><li>European Society of Molecular Imaging<\/li><li>Society for Molecular Imaging of Thailand<\/li><li><em>Sphingolipid Club<\/em><\/li><li><em>Societ\u00e0 Italiana di Cancerologia<\/em><\/li><li>The Asian Pacific Society for Neurochemistry<\/li><li>Societ\u00e0 Italiana di Patologia (cessato dal 2012)<\/li><\/ul>\t\t\t\t\t\t\t\t<\/div>\n\t\t\t\t\t<\/div>\n\t\t<\/div>\n\t\t\t\t\t<\/div>\n\t\t<\/section>\n\t\t\t\t<\/div>\n\t\t<div style='text-align:center' class='yasr-auto-insert-visitor'><!--Yasr Visitor Votes Shortcode--><div id='yasr_visitor_votes_d16f610949146' class='yasr-visitor-votes'><div class=\"yasr-custom-text-vv-before yasr-custom-text-vv-before-935\">Clicca per votare questo articolo!<\/div><div id='yasr-vv-second-row-container-d16f610949146'\r\n                                        class='yasr-vv-second-row-container'><div id='yasr-visitor-votes-rater-d16f610949146'\r\n                                      class='yasr-rater-stars-vv'\r\n                                      data-rater-postid='935'\r\n                                      data-rating='0'\r\n                                      data-rater-starsize='32'\r\n                                      data-rater-readonly='false'\r\n                                      data-rater-nonce='9df93047db'\r\n                                      data-issingular='false'\r\n                                    ><\/div><div class=\"yasr-vv-stats-text-container\" id=\"yasr-vv-stats-text-container-d16f610949146\"><svg xmlns=\"https:\/\/www.w3.org\/2000\/svg\" width=\"20\" height=\"20\"\r\n                                   class=\"yasr-dashicons-visitor-stats\"\r\n                                   data-postid=\"935\"\r\n                                   id=\"yasr-stats-dashicon-d16f610949146\">\r\n                                   <path d=\"M18 18v-16h-4v16h4zM12 18v-11h-4v11h4zM6 18v-8h-4v8h4z\"><\/path>\r\n                               <\/svg><span id=\"yasr-vv-text-container-d16f610949146\" class=\"yasr-vv-text-container\">[Total: <span id=\"yasr-vv-votes-number-container-d16f610949146\">0<\/span>  Average: <span id=\"yasr-vv-average-container-d16f610949146\">0<\/span>]<\/span><\/div><div id='yasr-vv-loader-d16f610949146' class='yasr-vv-container-loader'><\/div><\/div><div id='yasr-vv-bottom-container-d16f610949146' class='yasr-vv-bottom-container'><\/div><\/div><!--End Yasr Visitor Votes Shortcode--><\/div>","protected":false},"excerpt":{"rendered":"<p>\u00a0Universit\u00e0 del Piemonte Orientale &#8220;Amedeo Avogadro&#8221;; Professore Ordinario. Universit\u00e9 de Franche-Comt\u00e9, Facult\u00e9 de M\u00e9decine et de Pharmacie (Besan\u00e7on, France),\u00a0Professeur Honoraire University of Oklahoma Health Science Center (OUHSC), Oklahoma City (OK, US), Department of Cell Biology, Visiting Professor Mahidol University, Siriraj Hospital Faculty of Medicine, Bangkok (Thailand), Visiting Professor\u00a0 Chulalongkorn University, Faculty of Allied Health Sciences,&hellip;<\/p>\n","protected":false},"author":1,"featured_media":0,"parent":460,"menu_order":0,"comment_status":"closed","ping_status":"closed","template":"","meta":{"yasr_overall_rating":0,"yasr_post_is_review":"","yasr_auto_insert_disabled":"","yasr_review_type":"","footnotes":""},"class_list":["post-935","page","type-page","status-publish","hentry"],"yoast_head":"<!-- This site is optimized with the Yoast SEO plugin v26.8 - https:\/\/yoast.com\/product\/yoast-seo-wordpress\/ -->\r\n<title>Affiliations - IsidoroLab<\/title>\r\n<meta name=\"robots\" content=\"index, follow, max-snippet:-1, max-image-preview:large, max-video-preview:-1\" \/>\r\n<link rel=\"canonical\" href=\"http:\/\/www.isidorolab.com\/public\/index.php\/head\/affiliations\/\" \/>\r\n<meta property=\"og:locale\" content=\"it_IT\" \/>\r\n<meta property=\"og:type\" content=\"article\" \/>\r\n<meta property=\"og:title\" content=\"Affiliations - IsidoroLab\" \/>\r\n<meta property=\"og:description\" content=\"\u00a0Universit\u00e0 del Piemonte Orientale &#8220;Amedeo Avogadro&#8221;; Professore Ordinario. Universit\u00e9 de Franche-Comt\u00e9, Facult\u00e9 de M\u00e9decine et de Pharmacie (Besan\u00e7on, France),\u00a0Professeur Honoraire University of Oklahoma Health Science Center (OUHSC), Oklahoma City (OK, US), Department of Cell Biology, Visiting Professor Mahidol University, Siriraj Hospital Faculty of Medicine, Bangkok (Thailand), Visiting Professor\u00a0 Chulalongkorn University, Faculty of Allied Health Sciences,&hellip;\" \/>\r\n<meta property=\"og:url\" content=\"http:\/\/www.isidorolab.com\/public\/index.php\/head\/affiliations\/\" \/>\r\n<meta property=\"og:site_name\" content=\"IsidoroLab\" \/>\r\n<meta property=\"article:modified_time\" content=\"2021-09-08T14:51:12+00:00\" \/>\r\n<meta property=\"og:image\" content=\"http:\/\/www.isidorolab.com\/public\/wp-content\/uploads\/2021\/07\/1200px-Logo_Universita_del_Piemonte_Orientale-300x139.png\" \/>\r\n<meta name=\"twitter:card\" content=\"summary_large_image\" \/>\r\n<meta name=\"twitter:label1\" content=\"Tempo di lettura stimato\" \/>\n\t<meta name=\"twitter:data1\" content=\"3 minuti\" \/>\r\n<script type=\"application\/ld+json\" class=\"yoast-schema-graph\">{\"@context\":\"https:\/\/schema.org\",\"@graph\":[{\"@type\":\"WebPage\",\"@id\":\"http:\/\/www.isidorolab.com\/public\/index.php\/head\/affiliations\/\",\"url\":\"http:\/\/www.isidorolab.com\/public\/index.php\/head\/affiliations\/\",\"name\":\"Affiliations - IsidoroLab\",\"isPartOf\":{\"@id\":\"https:\/\/www.isidorolab.com\/public\/#website\"},\"primaryImageOfPage\":{\"@id\":\"http:\/\/www.isidorolab.com\/public\/index.php\/head\/affiliations\/#primaryimage\"},\"image\":{\"@id\":\"http:\/\/www.isidorolab.com\/public\/index.php\/head\/affiliations\/#primaryimage\"},\"thumbnailUrl\":\"http:\/\/www.isidorolab.com\/public\/wp-content\/uploads\/2021\/07\/1200px-Logo_Universita_del_Piemonte_Orientale-300x139.png\",\"datePublished\":\"2015-06-09T12:01:00+00:00\",\"dateModified\":\"2021-09-08T14:51:12+00:00\",\"breadcrumb\":{\"@id\":\"http:\/\/www.isidorolab.com\/public\/index.php\/head\/affiliations\/#breadcrumb\"},\"inLanguage\":\"it-IT\",\"potentialAction\":[{\"@type\":\"ReadAction\",\"target\":[\"http:\/\/www.isidorolab.com\/public\/index.php\/head\/affiliations\/\"]}]},{\"@type\":\"ImageObject\",\"inLanguage\":\"it-IT\",\"@id\":\"http:\/\/www.isidorolab.com\/public\/index.php\/head\/affiliations\/#primaryimage\",\"url\":\"http:\/\/www.isidorolab.com\/public\/wp-content\/uploads\/2021\/07\/1200px-Logo_Universita_del_Piemonte_Orientale.png\",\"contentUrl\":\"http:\/\/www.isidorolab.com\/public\/wp-content\/uploads\/2021\/07\/1200px-Logo_Universita_del_Piemonte_Orientale.png\",\"width\":1200,\"height\":557,\"caption\":\"Universit\u00e0 del Piemonte Orientale\"},{\"@type\":\"BreadcrumbList\",\"@id\":\"http:\/\/www.isidorolab.com\/public\/index.php\/head\/affiliations\/#breadcrumb\",\"itemListElement\":[{\"@type\":\"ListItem\",\"position\":1,\"name\":\"Home\",\"item\":\"https:\/\/www.isidorolab.com\/public\/\"},{\"@type\":\"ListItem\",\"position\":2,\"name\":\"Head\",\"item\":\"http:\/\/www.isidorolab.com\/public\/index.php\/head\/\"},{\"@type\":\"ListItem\",\"position\":3,\"name\":\"Affiliations\"}]},{\"@type\":\"WebSite\",\"@id\":\"https:\/\/www.isidorolab.com\/public\/#website\",\"url\":\"https:\/\/www.isidorolab.com\/public\/\",\"name\":\"IsidoroLab\",\"description\":\"\",\"potentialAction\":[{\"@type\":\"SearchAction\",\"target\":{\"@type\":\"EntryPoint\",\"urlTemplate\":\"https:\/\/www.isidorolab.com\/public\/?s={search_term_string}\"},\"query-input\":{\"@type\":\"PropertyValueSpecification\",\"valueRequired\":true,\"valueName\":\"search_term_string\"}}],\"inLanguage\":\"it-IT\"},false]}<\/script>\r\n<!-- \/ Yoast SEO plugin. -->","yoast_head_json":{"title":"Affiliations - IsidoroLab","robots":{"index":"index","follow":"follow","max-snippet":"max-snippet:-1","max-image-preview":"max-image-preview:large","max-video-preview":"max-video-preview:-1"},"canonical":"http:\/\/www.isidorolab.com\/public\/index.php\/head\/affiliations\/","og_locale":"it_IT","og_type":"article","og_title":"Affiliations - IsidoroLab","og_description":"\u00a0Universit\u00e0 del Piemonte Orientale &#8220;Amedeo Avogadro&#8221;; Professore Ordinario. Universit\u00e9 de Franche-Comt\u00e9, Facult\u00e9 de M\u00e9decine et de Pharmacie (Besan\u00e7on, France),\u00a0Professeur Honoraire University of Oklahoma Health Science Center (OUHSC), Oklahoma City (OK, US), Department of Cell Biology, Visiting Professor Mahidol University, Siriraj Hospital Faculty of Medicine, Bangkok (Thailand), Visiting Professor\u00a0 Chulalongkorn University, Faculty of Allied Health Sciences,&hellip;","og_url":"http:\/\/www.isidorolab.com\/public\/index.php\/head\/affiliations\/","og_site_name":"IsidoroLab","article_modified_time":"2021-09-08T14:51:12+00:00","og_image":[{"url":"http:\/\/www.isidorolab.com\/public\/wp-content\/uploads\/2021\/07\/1200px-Logo_Universita_del_Piemonte_Orientale-300x139.png","type":"","width":"","height":""}],"twitter_card":"summary_large_image","twitter_misc":{"Tempo di lettura stimato":"3 minuti"},"schema":{"@context":"https:\/\/schema.org","@graph":[{"@type":"WebPage","@id":"http:\/\/www.isidorolab.com\/public\/index.php\/head\/affiliations\/","url":"http:\/\/www.isidorolab.com\/public\/index.php\/head\/affiliations\/","name":"Affiliations - IsidoroLab","isPartOf":{"@id":"https:\/\/www.isidorolab.com\/public\/#website"},"primaryImageOfPage":{"@id":"http:\/\/www.isidorolab.com\/public\/index.php\/head\/affiliations\/#primaryimage"},"image":{"@id":"http:\/\/www.isidorolab.com\/public\/index.php\/head\/affiliations\/#primaryimage"},"thumbnailUrl":"http:\/\/www.isidorolab.com\/public\/wp-content\/uploads\/2021\/07\/1200px-Logo_Universita_del_Piemonte_Orientale-300x139.png","datePublished":"2015-06-09T12:01:00+00:00","dateModified":"2021-09-08T14:51:12+00:00","breadcrumb":{"@id":"http:\/\/www.isidorolab.com\/public\/index.php\/head\/affiliations\/#breadcrumb"},"inLanguage":"it-IT","potentialAction":[{"@type":"ReadAction","target":["http:\/\/www.isidorolab.com\/public\/index.php\/head\/affiliations\/"]}]},{"@type":"ImageObject","inLanguage":"it-IT","@id":"http:\/\/www.isidorolab.com\/public\/index.php\/head\/affiliations\/#primaryimage","url":"http:\/\/www.isidorolab.com\/public\/wp-content\/uploads\/2021\/07\/1200px-Logo_Universita_del_Piemonte_Orientale.png","contentUrl":"http:\/\/www.isidorolab.com\/public\/wp-content\/uploads\/2021\/07\/1200px-Logo_Universita_del_Piemonte_Orientale.png","width":1200,"height":557,"caption":"Universit\u00e0 del Piemonte Orientale"},{"@type":"BreadcrumbList","@id":"http:\/\/www.isidorolab.com\/public\/index.php\/head\/affiliations\/#breadcrumb","itemListElement":[{"@type":"ListItem","position":1,"name":"Home","item":"https:\/\/www.isidorolab.com\/public\/"},{"@type":"ListItem","position":2,"name":"Head","item":"http:\/\/www.isidorolab.com\/public\/index.php\/head\/"},{"@type":"ListItem","position":3,"name":"Affiliations"}]},{"@type":"WebSite","@id":"https:\/\/www.isidorolab.com\/public\/#website","url":"https:\/\/www.isidorolab.com\/public\/","name":"IsidoroLab","description":"","potentialAction":[{"@type":"SearchAction","target":{"@type":"EntryPoint","urlTemplate":"https:\/\/www.isidorolab.com\/public\/?s={search_term_string}"},"query-input":{"@type":"PropertyValueSpecification","valueRequired":true,"valueName":"search_term_string"}}],"inLanguage":"it-IT"},false]}},"yasr_visitor_votes":{"stars_attributes":{"read_only":false,"span_bottom":false},"number_of_votes":0,"sum_votes":0},"_links":{"self":[{"href":"http:\/\/www.isidorolab.com\/public\/index.php\/wp-json\/wp\/v2\/pages\/935","targetHints":{"allow":["GET"]}}],"collection":[{"href":"http:\/\/www.isidorolab.com\/public\/index.php\/wp-json\/wp\/v2\/pages"}],"about":[{"href":"http:\/\/www.isidorolab.com\/public\/index.php\/wp-json\/wp\/v2\/types\/page"}],"author":[{"embeddable":true,"href":"http:\/\/www.isidorolab.com\/public\/index.php\/wp-json\/wp\/v2\/users\/1"}],"replies":[{"embeddable":true,"href":"http:\/\/www.isidorolab.com\/public\/index.php\/wp-json\/wp\/v2\/comments?post=935"}],"version-history":[{"count":22,"href":"http:\/\/www.isidorolab.com\/public\/index.php\/wp-json\/wp\/v2\/pages\/935\/revisions"}],"predecessor-version":[{"id":2785,"href":"http:\/\/www.isidorolab.com\/public\/index.php\/wp-json\/wp\/v2\/pages\/935\/revisions\/2785"}],"up":[{"embeddable":true,"href":"http:\/\/www.isidorolab.com\/public\/index.php\/wp-json\/wp\/v2\/pages\/460"}],"wp:attachment":[{"href":"http:\/\/www.isidorolab.com\/public\/index.php\/wp-json\/wp\/v2\/media?parent=935"}],"curies":[{"name":"wp","href":"https:\/\/api.w.org\/{rel}","templated":true}]}}